{"id":417964,"date":"2023-06-05T13:14:36","date_gmt":"2023-06-05T11:14:36","guid":{"rendered":"https:\/\/lucacastelli.com\/prodotto\/short-pfanner-stretchflex-canfull-zipp2zipp\/"},"modified":"2026-04-17T23:59:34","modified_gmt":"2026-04-17T21:59:34","slug":"short-pfanner-stretchflex-canfull-zipp2zipp","status":"publish","type":"product","link":"https:\/\/lucacastelli.com\/fr\/produit\/short-pfanner-stretchflex-canfull-zipp2zipp\/","title":{"rendered":"PFANNER StretchFlex Canfull Shorts Zipp2Zipp"},"content":{"rendered":"<p>Les journ\u00e9es chaudes exigent des shorts courts. C&#8217;est l\u00e0 qu&#8217;intervient le short StretchFlex\u00ae Canfull de Pfanner. Le short Pfanner est naturellement extr\u00eamement r\u00e9sistant \u00e0 l&#8217;abrasion et aux \u00e9raflures. Avec ce short, vous ne devrez pas renoncer \u00e0 l&#8217;espace polyvalent offert par les nombreuses poches lat\u00e9rales. Il y a une place pour chaque outil. Gr\u00e2ce aux mat\u00e9riaux faciles d&#8217;entretien, le short Pfanner Stretch Flex Canfull peut \u00eatre nettoy\u00e9 facilement et sans effort.     <\/p>\n<p>Caract\u00e9ristiques :<br \/>\nTechnologie StretchFlex<br \/>\nDouble fermeture \u00e0 la taille<br \/>\nPoche fonctionnelle (droite)<br \/>\nPoche lat\u00e9rale int\u00e9rieure (gauche)<br \/>\nZip avec garage coulissant<br \/>\nBandes r\u00e9fl\u00e9chissantes<br \/>\nPoches int\u00e9rieures renforc\u00e9es<\/p>\n<p>Mat\u00e9riau :<br \/>\nDessus : 63 % polyester, 34 % coton, 3 % spandex<\/p>\n","protected":false},"excerpt":{"rendered":"<p>Les journ\u00e9es chaudes exigent des shorts courts. C&#8217;est l\u00e0 qu&#8217;intervient le short StretchFlex\u00ae Canfull de Pfanner. Le short Pfanner est<\/p>\n","protected":false},"featured_media":44658,"template":"","meta":{"_seopress_robots_primary_cat":"","_seopress_titles_title":"","_seopress_titles_desc":"","_seopress_robots_index":""},"product_brand":[3669],"product_cat":[81,1381],"product_tag":[],"class_list":{"0":"post-417964","1":"product","2":"type-product","3":"status-publish","4":"has-post-thumbnail","6":"product_brand-pfanner-fr","7":"product_cat-vetements","8":"product_cat-vetements-de-travail","9":"sws-gruppo-no-gruppo-fr","10":"sws-categoria-sito-fr","11":"sws-sottocategoria-altro-fr","12":"sws-conto-ricavi-merci-rivendita-abbigliamento-fr","13":"sws-gruppo-iva-iva81-fr","15":"first","16":"instock","17":"shipping-taxable","18":"purchasable","19":"product-type-variable"},"_links":{"self":[{"href":"https:\/\/lucacastelli.com\/fr\/wp-json\/wp\/v2\/product\/417964","targetHints":{"allow":["GET"]}}],"collection":[{"href":"https:\/\/lucacastelli.com\/fr\/wp-json\/wp\/v2\/product"}],"about":[{"href":"https:\/\/lucacastelli.com\/fr\/wp-json\/wp\/v2\/types\/product"}],"wp:featuredmedia":[{"embeddable":true,"href":"https:\/\/lucacastelli.com\/fr\/wp-json\/wp\/v2\/media\/44658"}],"wp:attachment":[{"href":"https:\/\/lucacastelli.com\/fr\/wp-json\/wp\/v2\/media?parent=417964"}],"wp:term":[{"taxonomy":"product_brand","embeddable":true,"href":"https:\/\/lucacastelli.com\/fr\/wp-json\/wp\/v2\/product_brand?post=417964"},{"taxonomy":"product_cat","embeddable":true,"href":"https:\/\/lucacastelli.com\/fr\/wp-json\/wp\/v2\/product_cat?post=417964"},{"taxonomy":"product_tag","embeddable":true,"href":"https:\/\/lucacastelli.com\/fr\/wp-json\/wp\/v2\/product_tag?post=417964"}],"curies":[{"name":"wp","href":"https:\/\/api.w.org\/{rel}","templated":true}]}}