{"id":417949,"date":"2023-05-05T07:09:26","date_gmt":"2023-05-05T05:09:26","guid":{"rendered":"https:\/\/lucacastelli.com\/prodotto\/pfanner-tirol-gladiator-schnittschutzschuh\/"},"modified":"2026-04-14T03:32:06","modified_gmt":"2026-04-14T01:32:06","slug":"pfanner-tirol-gladiator-schnittschutzschuh","status":"publish","type":"product","link":"https:\/\/lucacastelli.com\/fr\/produit\/pfanner-tirol-gladiator-schnittschutzschuh\/","title":{"rendered":"Chaussure de protection anticoupure PFANNER Tirol Gladiator"},"content":{"rendered":"<p>Chaussure alpine polyvalente pour terrains plats \u00e0 escarp\u00e9s. La chaussure alpine Zugspitze avec protection anticoupure brevet\u00e9e PFANNER\u00ae et protection pare-\u00e9clats en forme d\u2019onde, rendant la chaussure imm\u00e9diatement reconnaissable comme chaussure anticoupure (repr\u00e9sentation visuelle d\u2019une cha\u00eene de scie, les rivets jaunes indiquent la classe de protection anticoupure 2, les rivets rouges la classe de protection anticoupure 1). Le cuir Perwanger hydrofuge de 2,6 mm et la membrane Sympatex r\u00e9sistent \u00e0 toutes les conditions m\u00e9t\u00e9orologiques. Avec un poids d\u2019environ 1,3 kg\/botte en taille 43 et la semelle Vibram\u00ae Light autonettoyante, la Zugspitze Alpine convainc par son confort maximal. Le tissu brevet\u00e9 KlimaAir\u00ae associ\u00e9 au rembourrage de la tige PUTEK\u00ae garantit une ventilation maximale, un bord de tige souple et une fermeture sans points de pression.    <\/p>\n<p>&#8211; Protection contre les d\u00e9bris, mat\u00e9riau de la tige et protection anticoupure rivet\u00e9s ensemble en continu<br \/>\n&#8211; Classe de protection anticoupure 2\/EN 17249 et EN 20345<br \/>\n&#8211; Doublure d\u2019espacement KlimaAir\u00ae<br \/>\n&#8211; Protection de la cheville et embout en aluminium<br \/>\n&#8211; Membrane Sympatex et rembourrage de la tige en PUTEK<br \/>\n&#8211; Cuir Perwanger de 2,6 mm et \u0153illets \u00e0 billes sans courbure<br \/>\n&#8211; Semelle amortissante VIBRAM\u00ae Light<\/p>\n<p>Mat\u00e9riau de la chaussure anticoupure Pfanner Zugspitze ALPINE avec classe de protection anticoupure 2<br \/>\nMat\u00e9riau de la tige : cuir Perwanger, PUTEK<\/p>\n<p>Doublure : Sympatex Semelle : VIBRAM\u00ae.<\/p>\n","protected":false},"excerpt":{"rendered":"<p>Chaussure alpine polyvalente pour terrains plats \u00e0 escarp\u00e9s. La chaussure alpine Zugspitze avec protection anticoupure brevet\u00e9e PFANNER\u00ae et protection pare-\u00e9clats<\/p>\n","protected":false},"featured_media":99587,"template":"","meta":{"_seopress_robots_primary_cat":"none","_seopress_titles_title":"","_seopress_titles_desc":"","_seopress_robots_index":""},"product_brand":[3458],"product_cat":[28,796],"product_tag":[],"class_list":{"0":"post-417949","1":"product","2":"type-product","3":"status-publish","4":"has-post-thumbnail","6":"product_brand-pfanner","7":"product_cat-calzature","8":"product_cat-calzature-da-lavoro","9":"sws-gruppo-no-gruppo-fr","10":"sws-categoria-sito-fr","11":"sws-sottocategoria-altro-fr","12":"sws-conto-ricavi-merci-rivendita-abbigliamento-fr","13":"sws-gruppo-iva-iva81-fr","15":"first","16":"instock","17":"shipping-taxable","18":"purchasable","19":"product-type-variable"},"_links":{"self":[{"href":"https:\/\/lucacastelli.com\/fr\/wp-json\/wp\/v2\/product\/417949","targetHints":{"allow":["GET"]}}],"collection":[{"href":"https:\/\/lucacastelli.com\/fr\/wp-json\/wp\/v2\/product"}],"about":[{"href":"https:\/\/lucacastelli.com\/fr\/wp-json\/wp\/v2\/types\/product"}],"wp:featuredmedia":[{"embeddable":true,"href":"https:\/\/lucacastelli.com\/fr\/wp-json\/wp\/v2\/media\/99587"}],"wp:attachment":[{"href":"https:\/\/lucacastelli.com\/fr\/wp-json\/wp\/v2\/media?parent=417949"}],"wp:term":[{"taxonomy":"product_brand","embeddable":true,"href":"https:\/\/lucacastelli.com\/fr\/wp-json\/wp\/v2\/product_brand?post=417949"},{"taxonomy":"product_cat","embeddable":true,"href":"https:\/\/lucacastelli.com\/fr\/wp-json\/wp\/v2\/product_cat?post=417949"},{"taxonomy":"product_tag","embeddable":true,"href":"https:\/\/lucacastelli.com\/fr\/wp-json\/wp\/v2\/product_tag?post=417949"}],"curies":[{"name":"wp","href":"https:\/\/api.w.org\/{rel}","templated":true}]}}