{"id":417918,"date":"2023-05-04T14:34:24","date_gmt":"2023-05-04T12:34:24","guid":{"rendered":"https:\/\/lucacastelli.com\/prodotto\/pfanner-zugspitze-alpine-schnittschutzschuh\/"},"modified":"2026-04-14T03:29:34","modified_gmt":"2026-04-14T01:29:34","slug":"pfanner-zugspitze-alpine-schnittschutzschuh","status":"publish","type":"product","link":"https:\/\/lucacastelli.com\/fr\/produit\/pfanner-zugspitze-alpine-schnittschutzschuh\/","title":{"rendered":"Chaussure de s\u00e9curit\u00e9 anticoupe alpine Pfanner Zugspitze"},"content":{"rendered":"<p>Chaussure alpine polyvalente pour terrains plats \u00e0 escarp\u00e9s. La chaussure alpine Zugspitze avec protection anticoupe brevet\u00e9e Pfanner\u00ae et protection anti-d\u00e9bris en forme d&#8217;onde, qui rend la chaussure imm\u00e9diatement reconnaissable comme chaussure anticoupe (repr\u00e9sentation visuelle d&#8217;une cha\u00eene de scie, les rivets jaunes indiquent la classe de protection anticoupe 2, les rivets rouges la classe de protection anticoupe 1). Le cuir Perwanger hydrofuge de 2,6 mm et la membrane Sympatex r\u00e9sistent \u00e0 toutes les conditions m\u00e9t\u00e9orologiques. Avec un poids d&#8217;environ 1,3 kg\/chaussure en taille 43 et la semelle Vibram\u00ae Light autonettoyante, la Zugspitze Alpine convainc par son confort maximal. Le tissu brevet\u00e9 KlimaAir\u00ae en combinaison avec le rembourrage de tige PUTEK\u00ae garantit une ventilation maximale, le bord souple de la tige et la fermeture sans infiltration.    <\/p>\n<p>&#8211; Protection anti-d\u00e9bris, mat\u00e9riau de la tige et protection anticoupe rivet\u00e9s ensemble de mani\u00e8re continue<br \/>\n&#8211; Classe de protection anticoupe 2\/EN 17249 et EN 20345<br \/>\n&#8211; Doublure espac\u00e9e KlimaAir\u00ae<br \/>\n&#8211; Protection de la cheville et embout en aluminium<br \/>\n&#8211; Membrane Sympatex et rembourrage de tige en PUTEK<br \/>\n&#8211; Cuir Perwanger de 2,6 mm et \u0153illets \u00e0 bille sans courbure<br \/>\n&#8211; Semelle absorbante VIBRAM\u00ae Light<\/p>\n<p>Mat\u00e9riau de la chaussure anticoupe Pfanner Zugspitze ALPINE avec classe de protection anticoupe 2<br \/>\nMat\u00e9riau de la tige : cuir de Perwanger, PUTEK<\/p>\n<p>Doublure : Sympatex Semelle : VIBRAM\u00ae.<\/p>\n","protected":false},"excerpt":{"rendered":"<p>Chaussure alpine polyvalente pour terrains plats \u00e0 escarp\u00e9s. La chaussure alpine Zugspitze avec protection anticoupe brevet\u00e9e Pfanner\u00ae et protection anti-d\u00e9bris<\/p>\n","protected":false},"featured_media":99575,"template":"","meta":{"_seopress_robots_primary_cat":"none","_seopress_titles_title":"","_seopress_titles_desc":"","_seopress_robots_index":""},"product_brand":[3669],"product_cat":[173,1423],"product_tag":[],"class_list":{"0":"post-417918","1":"product","2":"type-product","3":"status-publish","4":"has-post-thumbnail","6":"product_brand-pfanner-fr","7":"product_cat-chaussures","8":"product_cat-chaussures-de-travail","9":"sws-gruppo-no-gruppo-fr","10":"sws-categoria-sito-fr","11":"sws-sottocategoria-altro-fr","12":"sws-conto-ricavi-merci-rivendita-abbigliamento-fr","13":"sws-gruppo-iva-iva81-fr","15":"first","16":"instock","17":"shipping-taxable","18":"purchasable","19":"product-type-variable"},"_links":{"self":[{"href":"https:\/\/lucacastelli.com\/fr\/wp-json\/wp\/v2\/product\/417918","targetHints":{"allow":["GET"]}}],"collection":[{"href":"https:\/\/lucacastelli.com\/fr\/wp-json\/wp\/v2\/product"}],"about":[{"href":"https:\/\/lucacastelli.com\/fr\/wp-json\/wp\/v2\/types\/product"}],"wp:featuredmedia":[{"embeddable":true,"href":"https:\/\/lucacastelli.com\/fr\/wp-json\/wp\/v2\/media\/99575"}],"wp:attachment":[{"href":"https:\/\/lucacastelli.com\/fr\/wp-json\/wp\/v2\/media?parent=417918"}],"wp:term":[{"taxonomy":"product_brand","embeddable":true,"href":"https:\/\/lucacastelli.com\/fr\/wp-json\/wp\/v2\/product_brand?post=417918"},{"taxonomy":"product_cat","embeddable":true,"href":"https:\/\/lucacastelli.com\/fr\/wp-json\/wp\/v2\/product_cat?post=417918"},{"taxonomy":"product_tag","embeddable":true,"href":"https:\/\/lucacastelli.com\/fr\/wp-json\/wp\/v2\/product_tag?post=417918"}],"curies":[{"name":"wp","href":"https:\/\/api.w.org\/{rel}","templated":true}]}}