{"id":417907,"date":"2023-02-14T13:55:14","date_gmt":"2023-02-14T12:55:14","guid":{"rendered":"https:\/\/lucacastelli.com\/prodotto\/pfanner-funktions-polo\/"},"modified":"2026-04-17T23:59:33","modified_gmt":"2026-04-17T21:59:33","slug":"pfanner-funktions-polo","status":"publish","type":"product","link":"https:\/\/lucacastelli.com\/fr\/produit\/pfanner-funktions-polo\/","title":{"rendered":"PFANNER Polo Fonctionnel"},"content":{"rendered":"<p>Le polo fonctionnel polyvalent pour les loisirs et le travail.<br \/>\nExcellent transfert de l&#8217;humidit\u00e9 et s\u00e9chage rapide, antibact\u00e9rien. Longue dur\u00e9e de vie et solidit\u00e9 des couleurs gr\u00e2ce aux fibres synth\u00e9tiques fonctionnelles. <\/p>\n<p>&#8211; Excellent transfert de l&#8217;humidit\u00e9<br \/>\n&#8211; s\u00e9chage rapide<br \/>\n&#8211; antibact\u00e9rien<br \/>\n&#8211; longue dur\u00e9e de vie et solidit\u00e9 des couleurs<\/p>\n<p>100 % polyester<\/p>\n","protected":false},"excerpt":{"rendered":"<p>Le polo fonctionnel polyvalent pour les loisirs et le travail. Excellent transfert de l&#8217;humidit\u00e9 et s\u00e9chage rapide, antibact\u00e9rien. Longue dur\u00e9e<\/p>\n","protected":false},"featured_media":44309,"template":"","meta":{"_seopress_robots_primary_cat":"","_seopress_titles_title":"","_seopress_titles_desc":"","_seopress_robots_index":""},"product_brand":[3669],"product_cat":[81,1381],"product_tag":[],"class_list":{"0":"post-417907","1":"product","2":"type-product","3":"status-publish","4":"has-post-thumbnail","6":"product_brand-pfanner-fr","7":"product_cat-vetements","8":"product_cat-vetements-de-travail","9":"sws-gruppo-no-gruppo-fr","10":"sws-categoria-sito-fr","11":"sws-sottocategoria-altro-fr","12":"sws-conto-ricavi-merci-rivendita-abbigliamento-fr","13":"sws-gruppo-iva-iva81-fr","15":"first","16":"instock","17":"shipping-taxable","18":"purchasable","19":"product-type-variable"},"_links":{"self":[{"href":"https:\/\/lucacastelli.com\/fr\/wp-json\/wp\/v2\/product\/417907","targetHints":{"allow":["GET"]}}],"collection":[{"href":"https:\/\/lucacastelli.com\/fr\/wp-json\/wp\/v2\/product"}],"about":[{"href":"https:\/\/lucacastelli.com\/fr\/wp-json\/wp\/v2\/types\/product"}],"wp:featuredmedia":[{"embeddable":true,"href":"https:\/\/lucacastelli.com\/fr\/wp-json\/wp\/v2\/media\/44309"}],"wp:attachment":[{"href":"https:\/\/lucacastelli.com\/fr\/wp-json\/wp\/v2\/media?parent=417907"}],"wp:term":[{"taxonomy":"product_brand","embeddable":true,"href":"https:\/\/lucacastelli.com\/fr\/wp-json\/wp\/v2\/product_brand?post=417907"},{"taxonomy":"product_cat","embeddable":true,"href":"https:\/\/lucacastelli.com\/fr\/wp-json\/wp\/v2\/product_cat?post=417907"},{"taxonomy":"product_tag","embeddable":true,"href":"https:\/\/lucacastelli.com\/fr\/wp-json\/wp\/v2\/product_tag?post=417907"}],"curies":[{"name":"wp","href":"https:\/\/api.w.org\/{rel}","templated":true}]}}