{"id":417900,"date":"2023-04-20T13:33:37","date_gmt":"2023-04-20T11:33:37","guid":{"rendered":"https:\/\/lucacastelli.com\/prodotto\/pfanner-knieprotektor-vario\/"},"modified":"2026-04-17T23:57:21","modified_gmt":"2026-04-17T21:57:21","slug":"pfanner-knieprotektor-vario","status":"publish","type":"product","link":"https:\/\/lucacastelli.com\/fr\/produit\/pfanner-knieprotektor-vario\/","title":{"rendered":"PFANNER Prot\u00e8ge-genoux Vario"},"content":{"rendered":"<p>Genouill\u00e8res dot\u00e9es de propri\u00e9t\u00e9s d\u2019amortissement \u00e9lev\u00e9es et de trous de ventilation garantissant une a\u00e9ration maximale. Protection optimale contre les chocs au niveau des genoux ou lors de travaux au sol. La protection peut rester dans le pantalon pendant le lavage, ce qui augmente encore le confort.  <\/p>\n<p>Mat\u00e9riau : caoutchouc cellulaire, polyur\u00e9thane<br \/>\nDimensions : 220x160x6 mm<\/p>\n","protected":false},"excerpt":{"rendered":"<p>Genouill\u00e8res dot\u00e9es de propri\u00e9t\u00e9s d\u2019amortissement \u00e9lev\u00e9es et de trous de ventilation garantissant une a\u00e9ration maximale. Protection optimale contre les chocs<\/p>\n","protected":false},"featured_media":513060,"template":"","meta":{"_seopress_robots_primary_cat":"none","_seopress_titles_title":"","_seopress_titles_desc":"","_seopress_robots_index":""},"product_brand":[3669],"product_cat":[1390,81],"product_tag":[],"class_list":{"0":"post-417900","1":"product","2":"type-product","3":"status-publish","4":"has-post-thumbnail","6":"product_brand-pfanner-fr","7":"product_cat-accessoires-dhabillement","8":"product_cat-vetements","9":"sws-gruppo-no-gruppo-fr","10":"sws-categoria-sito-fr","11":"sws-sottocategoria-altro-fr","12":"sws-conto-ricavi-merci-rivendita-abbigliamento-fr","13":"sws-gruppo-iva-iva81-fr","15":"first","16":"onbackorder","17":"shipping-taxable","18":"purchasable","19":"product-type-simple"},"_links":{"self":[{"href":"https:\/\/lucacastelli.com\/fr\/wp-json\/wp\/v2\/product\/417900","targetHints":{"allow":["GET"]}}],"collection":[{"href":"https:\/\/lucacastelli.com\/fr\/wp-json\/wp\/v2\/product"}],"about":[{"href":"https:\/\/lucacastelli.com\/fr\/wp-json\/wp\/v2\/types\/product"}],"wp:featuredmedia":[{"embeddable":true,"href":"https:\/\/lucacastelli.com\/fr\/wp-json\/wp\/v2\/media\/513060"}],"wp:attachment":[{"href":"https:\/\/lucacastelli.com\/fr\/wp-json\/wp\/v2\/media?parent=417900"}],"wp:term":[{"taxonomy":"product_brand","embeddable":true,"href":"https:\/\/lucacastelli.com\/fr\/wp-json\/wp\/v2\/product_brand?post=417900"},{"taxonomy":"product_cat","embeddable":true,"href":"https:\/\/lucacastelli.com\/fr\/wp-json\/wp\/v2\/product_cat?post=417900"},{"taxonomy":"product_tag","embeddable":true,"href":"https:\/\/lucacastelli.com\/fr\/wp-json\/wp\/v2\/product_tag?post=417900"}],"curies":[{"name":"wp","href":"https:\/\/api.w.org\/{rel}","templated":true}]}}