{"id":417897,"date":"2023-02-08T12:58:50","date_gmt":"2023-02-08T11:58:50","guid":{"rendered":"https:\/\/lucacastelli.com\/prodotto\/pull-pfanner-grizzly\/"},"modified":"2025-09-03T08:19:11","modified_gmt":"2025-09-03T06:19:11","slug":"pull-pfanner-grizzly","status":"publish","type":"product","link":"https:\/\/lucacastelli.com\/fr\/produit\/pull-pfanner-grizzly\/","title":{"rendered":"Pull PFANNER Grizzly"},"content":{"rendered":"<p>Les renforts d\u00e9perlants sur les \u00e9paules et la poche pratique sur la manche compl\u00e8tent parfaitement ce produit.<\/p>\n<p>Cet article est disponible sous forme de veste ou de pull-over.<\/p>\n<p>&#8211; Grand confort de port gr\u00e2ce \u00e0 l&#8217;agr\u00e9able polaire tricot\u00e9e<br \/>\n&#8211; Bonnes propri\u00e9t\u00e9s isolantes<br \/>\n&#8211; Renforts d\u00e9perlants sur les \u00e9paules<br \/>\n&#8211; Disponible sous forme de veste ou de pull-over<br \/>\n&#8211; Poche pratique sur la manche<\/p>\n<p>Mati\u00e8re ext\u00e9rieure : 66% polyester ; 34% polyacrylique.<\/p>\n","protected":false},"excerpt":{"rendered":"<p>Les renforts d\u00e9perlants sur les \u00e9paules et la poche pratique sur la manche compl\u00e8tent parfaitement ce produit. Cet article est<\/p>\n","protected":false},"featured_media":44281,"template":"","meta":{"_seopress_robots_primary_cat":"none","_seopress_titles_title":"","_seopress_titles_desc":"","_seopress_robots_index":""},"product_brand":[3458],"product_cat":[21,284,189,190],"product_tag":[],"class_list":{"0":"post-417897","1":"product","2":"type-product","3":"status-publish","4":"has-post-thumbnail","6":"product_brand-pfanner","7":"product_cat-abbigliamento","8":"product_cat-abbigliamento-da-lavoro","9":"product_cat-abbigliamento-per-il-tempo-libero","10":"product_cat-abbigliamento-da-uomo","11":"sws-gruppo-no-gruppo-fr","12":"sws-categoria-sito-fr","13":"sws-sottocategoria-altro-fr","14":"sws-conto-ricavi-merci-rivendita-abbigliamento-fr","15":"sws-gruppo-iva-iva81-fr","17":"first","18":"instock","19":"shipping-taxable","20":"purchasable","21":"product-type-variable"},"_links":{"self":[{"href":"https:\/\/lucacastelli.com\/fr\/wp-json\/wp\/v2\/product\/417897","targetHints":{"allow":["GET"]}}],"collection":[{"href":"https:\/\/lucacastelli.com\/fr\/wp-json\/wp\/v2\/product"}],"about":[{"href":"https:\/\/lucacastelli.com\/fr\/wp-json\/wp\/v2\/types\/product"}],"wp:featuredmedia":[{"embeddable":true,"href":"https:\/\/lucacastelli.com\/fr\/wp-json\/wp\/v2\/media\/44281"}],"wp:attachment":[{"href":"https:\/\/lucacastelli.com\/fr\/wp-json\/wp\/v2\/media?parent=417897"}],"wp:term":[{"taxonomy":"product_brand","embeddable":true,"href":"https:\/\/lucacastelli.com\/fr\/wp-json\/wp\/v2\/product_brand?post=417897"},{"taxonomy":"product_cat","embeddable":true,"href":"https:\/\/lucacastelli.com\/fr\/wp-json\/wp\/v2\/product_cat?post=417897"},{"taxonomy":"product_tag","embeddable":true,"href":"https:\/\/lucacastelli.com\/fr\/wp-json\/wp\/v2\/product_tag?post=417897"}],"curies":[{"name":"wp","href":"https:\/\/api.w.org\/{rel}","templated":true}]}}