{"id":417852,"date":"2023-02-04T14:47:24","date_gmt":"2023-02-04T13:47:24","guid":{"rendered":"https:\/\/lucacastelli.com\/prodotto\/pfanner-t-shirt-a-capuche\/"},"modified":"2025-07-27T08:17:46","modified_gmt":"2025-07-27T06:17:46","slug":"pfanner-t-shirt-a-capuche","status":"publish","type":"product","link":"https:\/\/lucacastelli.com\/fr\/produit\/pfanner-t-shirt-a-capuche\/","title":{"rendered":"PFANNER T-shirt \u00e0 capuche"},"content":{"rendered":"<p>Le t-shirt \u00e0 capuche Pfanner\u00ae \u00e0 tr\u00e8s haute teneur en coton est le compl\u00e9ment parfait pour les journ\u00e9es fra\u00eeches. Il peut \u00eatre port\u00e9 sous n\u2019importe quel v\u00eatement Pfanner\u00ae. Le capot peut \u00e9galement \u00eatre utilis\u00e9 sous le Protos\u00ae Integral. La conservation de la forme est augment\u00e9e par la bande de cou continue.<\/p>\n<p>Mat\u00e9riel:<br \/>\nMat\u00e9riau ext\u00e9rieur : 80 % coton, 20 % polyester   <\/p>\n","protected":false},"excerpt":{"rendered":"<p>Le t-shirt \u00e0 capuche Pfanner\u00ae \u00e0 tr\u00e8s haute teneur en coton est le compl\u00e9ment parfait pour les journ\u00e9es fra\u00eeches. Il<\/p>\n","protected":false},"featured_media":85745,"template":"","meta":{"_seopress_robots_primary_cat":"","_seopress_titles_title":"","_seopress_titles_desc":"","_seopress_robots_index":""},"product_brand":[3669],"product_cat":[81,981,982],"product_tag":[],"class_list":{"0":"post-417852","1":"product","2":"type-product","3":"status-publish","4":"has-post-thumbnail","6":"product_brand-pfanner-fr","7":"product_cat-vetements","8":"product_cat-vetements-de-loisirs","9":"product_cat-vetements-pour-hommes","10":"sws-gruppo-no-gruppo","11":"sws-categoria-sito","12":"sws-sottocategoria-altro","13":"sws-conto-ricavi-merci-rivendita-abbigliamento","14":"sws-gruppo-iva-iva81","16":"first","17":"onbackorder","18":"shipping-taxable","19":"purchasable","20":"product-type-variable"},"_links":{"self":[{"href":"https:\/\/lucacastelli.com\/fr\/wp-json\/wp\/v2\/product\/417852","targetHints":{"allow":["GET"]}}],"collection":[{"href":"https:\/\/lucacastelli.com\/fr\/wp-json\/wp\/v2\/product"}],"about":[{"href":"https:\/\/lucacastelli.com\/fr\/wp-json\/wp\/v2\/types\/product"}],"wp:featuredmedia":[{"embeddable":true,"href":"https:\/\/lucacastelli.com\/fr\/wp-json\/wp\/v2\/media\/85745"}],"wp:attachment":[{"href":"https:\/\/lucacastelli.com\/fr\/wp-json\/wp\/v2\/media?parent=417852"}],"wp:term":[{"taxonomy":"product_brand","embeddable":true,"href":"https:\/\/lucacastelli.com\/fr\/wp-json\/wp\/v2\/product_brand?post=417852"},{"taxonomy":"product_cat","embeddable":true,"href":"https:\/\/lucacastelli.com\/fr\/wp-json\/wp\/v2\/product_cat?post=417852"},{"taxonomy":"product_tag","embeddable":true,"href":"https:\/\/lucacastelli.com\/fr\/wp-json\/wp\/v2\/product_tag?post=417852"}],"curies":[{"name":"wp","href":"https:\/\/api.w.org\/{rel}","templated":true}]}}