{"id":417847,"date":"2023-02-04T15:08:43","date_gmt":"2023-02-04T14:08:43","guid":{"rendered":"https:\/\/lucacastelli.com\/prodotto\/pfanner-capuche-zippee\/"},"modified":"2026-04-17T23:59:16","modified_gmt":"2026-04-17T21:59:16","slug":"pfanner-capuche-zippee","status":"publish","type":"product","link":"https:\/\/lucacastelli.com\/fr\/produit\/pfanner-capuche-zippee\/","title":{"rendered":"PFANNER Hooded Zip Body"},"content":{"rendered":"<p>Informations sur le produit Gilet \u00e0 capuche Zipp Body de Pfanner<br \/>\n&#8211; Maintien durable de la forme gr\u00e2ce \u00e0 la teneur en \u00e9lasthanne<br \/>\n&#8211; Deux poches lat\u00e9rales zipp\u00e9es<br \/>\n&#8211; Corps sans manches avec zip<br \/>\n&#8211; Capuche avec cordon de serrage<br \/>\n&#8211; Taille et aisselles c\u00f4tel\u00e9es 2 \u00d7 2<br \/>\n&#8211; Int\u00e9rieur gratt\u00e9<\/p>\n<p>Gilet de sport sans manches pour les saisons de transition. Les 8 % d&#8217;\u00e9lasthanne assurent un maintien durable de la forme. La bande c\u00f4tel\u00e9e 2\u00d72 sous les aisselles et la ceinture \u00e0 la taille garantissent un confort parfait. Les poches lat\u00e9rales zipp\u00e9es sont extr\u00eamement pratiques et permettent un rangement facile et rapide.   <\/p>\n<p>Mat\u00e9riau<\/p>\n<p>72 % coton, 20 % polyester, 8 % \u00e9lasthanne<\/p>\n<p>320 g\/m\u00b2<\/p>\n<p>Coloris<br \/>\nnoir brillant 99, vert for\u00eat 38<\/p>\n","protected":false},"excerpt":{"rendered":"<p>Informations sur le produit Gilet \u00e0 capuche Zipp Body de Pfanner &#8211; Maintien durable de la forme gr\u00e2ce \u00e0 la<\/p>\n","protected":false},"featured_media":85780,"template":"","meta":{"_seopress_robots_primary_cat":"","_seopress_titles_title":"","_seopress_titles_desc":"","_seopress_robots_index":""},"product_brand":[3669],"product_cat":[81,981,982],"product_tag":[],"class_list":{"0":"post-417847","1":"product","2":"type-product","3":"status-publish","4":"has-post-thumbnail","6":"product_brand-pfanner-fr","7":"product_cat-vetements","8":"product_cat-vetements-de-loisirs","9":"product_cat-vetements-pour-hommes","10":"sws-gruppo-no-gruppo-fr","11":"sws-categoria-sito-fr","12":"sws-sottocategoria-altro-fr","13":"sws-conto-ricavi-merci-rivendita-abbigliamento-fr","14":"sws-gruppo-iva-iva81-fr","16":"first","17":"instock","18":"shipping-taxable","19":"purchasable","20":"product-type-variable"},"_links":{"self":[{"href":"https:\/\/lucacastelli.com\/fr\/wp-json\/wp\/v2\/product\/417847","targetHints":{"allow":["GET"]}}],"collection":[{"href":"https:\/\/lucacastelli.com\/fr\/wp-json\/wp\/v2\/product"}],"about":[{"href":"https:\/\/lucacastelli.com\/fr\/wp-json\/wp\/v2\/types\/product"}],"wp:featuredmedia":[{"embeddable":true,"href":"https:\/\/lucacastelli.com\/fr\/wp-json\/wp\/v2\/media\/85780"}],"wp:attachment":[{"href":"https:\/\/lucacastelli.com\/fr\/wp-json\/wp\/v2\/media?parent=417847"}],"wp:term":[{"taxonomy":"product_brand","embeddable":true,"href":"https:\/\/lucacastelli.com\/fr\/wp-json\/wp\/v2\/product_brand?post=417847"},{"taxonomy":"product_cat","embeddable":true,"href":"https:\/\/lucacastelli.com\/fr\/wp-json\/wp\/v2\/product_cat?post=417847"},{"taxonomy":"product_tag","embeddable":true,"href":"https:\/\/lucacastelli.com\/fr\/wp-json\/wp\/v2\/product_tag?post=417847"}],"curies":[{"name":"wp","href":"https:\/\/api.w.org\/{rel}","templated":true}]}}