{"id":417818,"date":"2023-01-15T17:12:01","date_gmt":"2023-01-15T16:12:01","guid":{"rendered":"https:\/\/lucacastelli.com\/prodotto\/pfanner-chainsenpro-schuhschneeketten\/"},"modified":"2026-04-14T03:29:09","modified_gmt":"2026-04-14T01:29:09","slug":"pfanner-chainsenpro-schuhschneeketten","status":"publish","type":"product","link":"https:\/\/lucacastelli.com\/fr\/produit\/pfanner-chainsenpro-schuhschneeketten\/","title":{"rendered":"PFANNER ChainsenPro Schuhschneeketten"},"content":{"rendered":"<p>Les cha\u00eenes \u00e0 neige pour chaussures ChainsenPro offrent une adh\u00e9rence parfaite sur la glace, la neige, les terrains glissants ou escarp\u00e9s. Elles sont ainsi le compagnon id\u00e9al pour les randonn\u00e9es en montagne et \u00e0 pied, <\/p>\n<p>ainsi que pour les op\u00e9rations de travail et de secours. Les cha\u00eenes \u00e0 neige pour chaussures conviennent \u00e0 une large gamme de chaussures, des chaussures de randonn\u00e9e l\u00e9g\u00e8res aux bottes en caoutchouc isol\u00e9es. <\/p>\n<p>Les \u0153illets en POM emp\u00eachent la cha\u00eene de se d\u00e9chirer. Le caoutchouc \u00e9lastom\u00e8re, flexible jusqu\u2019\u00e0 -20 \u00b0C, garantit que la cha\u00eene peut \u00eatre mise et retir\u00e9e en quelques secondes. <\/p>\n<p>Le poids total n\u2019est que de 320 g et peut \u00eatre rang\u00e9 dans n\u2019importe quel sac \u00e0 dos gr\u00e2ce \u00e0 son sac pratique.<\/p>\n<p>11 griffes en acier inoxydable<\/p>\n<p>Longueur des pointes jusqu\u2019\u00e0 14 mm<\/p>\n<p>Plaque de talon robuste<\/p>\n<p>Tous les \u0153illets sont renforc\u00e9s pour \u00e9viter les d\u00e9chirures<\/p>\n<p>Particuli\u00e8rement robuste pour un usage intensif<\/p>\n<p>Caoutchouc \u00e9lastom\u00e8re flexible<\/p>\n<p>S\u2019enfile et se retire en quelques secondes<\/p>\n<p>Aucune sangle ou boucle suppl\u00e9mentaire<\/p>\n<p>L\u00e9ger et compact &#8211; 320 g (M)<\/p>\n","protected":false},"excerpt":{"rendered":"<p>Les cha\u00eenes \u00e0 neige pour chaussures ChainsenPro offrent une adh\u00e9rence parfaite sur la glace, la neige, les terrains glissants ou<\/p>\n","protected":false},"featured_media":85375,"template":"","meta":{"_seopress_robots_primary_cat":"","_seopress_titles_title":"","_seopress_titles_desc":"","_seopress_robots_index":""},"product_brand":[3669],"product_cat":[173,1399],"product_tag":[],"class_list":{"0":"post-417818","1":"product","2":"type-product","3":"status-publish","4":"has-post-thumbnail","6":"product_brand-pfanner-fr","7":"product_cat-chaussures","8":"product_cat-accessoires-pour-chaussures","9":"sws-gruppo-no-gruppo-fr","10":"sws-categoria-sito-fr","11":"sws-sottocategoria-altro-fr","12":"sws-conto-ricavi-merci-rivendita-abbigliamento-fr","13":"sws-gruppo-iva-iva81-fr","15":"first","16":"instock","17":"shipping-taxable","18":"purchasable","19":"product-type-variable"},"_links":{"self":[{"href":"https:\/\/lucacastelli.com\/fr\/wp-json\/wp\/v2\/product\/417818","targetHints":{"allow":["GET"]}}],"collection":[{"href":"https:\/\/lucacastelli.com\/fr\/wp-json\/wp\/v2\/product"}],"about":[{"href":"https:\/\/lucacastelli.com\/fr\/wp-json\/wp\/v2\/types\/product"}],"wp:featuredmedia":[{"embeddable":true,"href":"https:\/\/lucacastelli.com\/fr\/wp-json\/wp\/v2\/media\/85375"}],"wp:attachment":[{"href":"https:\/\/lucacastelli.com\/fr\/wp-json\/wp\/v2\/media?parent=417818"}],"wp:term":[{"taxonomy":"product_brand","embeddable":true,"href":"https:\/\/lucacastelli.com\/fr\/wp-json\/wp\/v2\/product_brand?post=417818"},{"taxonomy":"product_cat","embeddable":true,"href":"https:\/\/lucacastelli.com\/fr\/wp-json\/wp\/v2\/product_cat?post=417818"},{"taxonomy":"product_tag","embeddable":true,"href":"https:\/\/lucacastelli.com\/fr\/wp-json\/wp\/v2\/product_tag?post=417818"}],"curies":[{"name":"wp","href":"https:\/\/api.w.org\/{rel}","templated":true}]}}