{"id":417808,"date":"2023-01-13T08:51:28","date_gmt":"2023-01-13T07:51:28","guid":{"rendered":"https:\/\/lucacastelli.com\/prodotto\/pfanner-gladiator-hosentrager-enfant\/"},"modified":"2026-04-18T00:01:06","modified_gmt":"2026-04-17T22:01:06","slug":"pfanner-gladiator-hosentrager-enfant","status":"publish","type":"product","link":"https:\/\/lucacastelli.com\/fr\/produit\/pfanner-gladiator-hosentrager-enfant\/","title":{"rendered":"Bretelles PFANNER Gladiator Kids"},"content":{"rendered":"<p>Bretelles \u00e9lastiques, r\u00e9glables en longueur par velcro.<br \/>\nD\u00e9sormais \u00e9galement disponible en tailles pour enfants.<\/p>\n<p>Mati\u00e8re : 53 % polyester, 36 % polyamide, 11 % \u00e9lasthanne.<\/p>\n<p>Tailles :<br \/>\nTaille 1 : jusqu\u2019\u00e0 128<br \/>\nTaille 2 : d\u00e8s 128<\/p>\n","protected":false},"excerpt":{"rendered":"<p>Bretelles \u00e9lastiques, r\u00e9glables en longueur par velcro. D\u00e9sormais \u00e9galement disponible en tailles pour enfants. Mati\u00e8re : 53 % polyester, 36<\/p>\n","protected":false},"featured_media":85352,"template":"","meta":{"_seopress_robots_primary_cat":"","_seopress_titles_title":"","_seopress_titles_desc":"","_seopress_robots_index":""},"product_brand":[3669],"product_cat":[81,981,1384],"product_tag":[],"class_list":{"0":"post-417808","1":"product","2":"type-product","3":"status-publish","4":"has-post-thumbnail","6":"product_brand-pfanner-fr","7":"product_cat-vetements","8":"product_cat-vetements-de-loisirs","9":"product_cat-vetements-pour-enfants","10":"sws-gruppo-no-gruppo-fr","11":"sws-categoria-sito-fr","12":"sws-sottocategoria-altro-fr","13":"sws-conto-ricavi-merci-rivendita-abbigliamento-fr","14":"sws-gruppo-iva-iva81-fr","16":"first","17":"instock","18":"shipping-taxable","19":"purchasable","20":"product-type-variable"},"_links":{"self":[{"href":"https:\/\/lucacastelli.com\/fr\/wp-json\/wp\/v2\/product\/417808","targetHints":{"allow":["GET"]}}],"collection":[{"href":"https:\/\/lucacastelli.com\/fr\/wp-json\/wp\/v2\/product"}],"about":[{"href":"https:\/\/lucacastelli.com\/fr\/wp-json\/wp\/v2\/types\/product"}],"wp:featuredmedia":[{"embeddable":true,"href":"https:\/\/lucacastelli.com\/fr\/wp-json\/wp\/v2\/media\/85352"}],"wp:attachment":[{"href":"https:\/\/lucacastelli.com\/fr\/wp-json\/wp\/v2\/media?parent=417808"}],"wp:term":[{"taxonomy":"product_brand","embeddable":true,"href":"https:\/\/lucacastelli.com\/fr\/wp-json\/wp\/v2\/product_brand?post=417808"},{"taxonomy":"product_cat","embeddable":true,"href":"https:\/\/lucacastelli.com\/fr\/wp-json\/wp\/v2\/product_cat?post=417808"},{"taxonomy":"product_tag","embeddable":true,"href":"https:\/\/lucacastelli.com\/fr\/wp-json\/wp\/v2\/product_tag?post=417808"}],"curies":[{"name":"wp","href":"https:\/\/api.w.org\/{rel}","templated":true}]}}