{"id":417765,"date":"2022-11-22T13:01:45","date_gmt":"2022-11-22T12:01:45","guid":{"rendered":"https:\/\/lucacastelli.com\/prodotto\/pfanner-zipp-latz\/"},"modified":"2025-07-27T08:18:21","modified_gmt":"2025-07-27T06:18:21","slug":"pfanner-zipp-latz","status":"publish","type":"product","link":"https:\/\/lucacastelli.com\/fr\/produit\/pfanner-zipp-latz\/","title":{"rendered":"PFANNER Zipp-Latz"},"content":{"rendered":"<p>Protection dorsale qui peut \u00eatre fix\u00e9e avec des bretelles, r\u00e9glable en longueur avec du velcro.<\/p>\n<p>Mati\u00e8re ext\u00e9rieure : 90 % polyamide, 10 % \u00e9lasthanne.<br \/>\nDoublure : 53 % polyester, 36 % polyamide, 11 % \u00e9lasthanne<\/p>\n","protected":false},"excerpt":{"rendered":"<p>Protection dorsale qui peut \u00eatre fix\u00e9e avec des bretelles, r\u00e9glable en longueur avec du velcro. Mati\u00e8re ext\u00e9rieure : 90 %<\/p>\n","protected":false},"featured_media":84438,"template":"","meta":{"_seopress_robots_primary_cat":"","_seopress_titles_title":"","_seopress_titles_desc":"","_seopress_robots_index":""},"product_brand":[3669],"product_cat":[1390,81],"product_tag":[],"class_list":{"0":"post-417765","1":"product","2":"type-product","3":"status-publish","4":"has-post-thumbnail","6":"product_brand-pfanner-fr","7":"product_cat-accessoires-dhabillement","8":"product_cat-vetements","9":"sws-gruppo-no-gruppo","10":"sws-categoria-sito","11":"sws-sottocategoria-altro","12":"sws-conto-ricavi-merci-rivendita-abbigliamento","13":"sws-gruppo-iva-iva81","15":"first","16":"onbackorder","17":"shipping-taxable","18":"purchasable","19":"product-type-variable"},"_links":{"self":[{"href":"https:\/\/lucacastelli.com\/fr\/wp-json\/wp\/v2\/product\/417765","targetHints":{"allow":["GET"]}}],"collection":[{"href":"https:\/\/lucacastelli.com\/fr\/wp-json\/wp\/v2\/product"}],"about":[{"href":"https:\/\/lucacastelli.com\/fr\/wp-json\/wp\/v2\/types\/product"}],"wp:featuredmedia":[{"embeddable":true,"href":"https:\/\/lucacastelli.com\/fr\/wp-json\/wp\/v2\/media\/84438"}],"wp:attachment":[{"href":"https:\/\/lucacastelli.com\/fr\/wp-json\/wp\/v2\/media?parent=417765"}],"wp:term":[{"taxonomy":"product_brand","embeddable":true,"href":"https:\/\/lucacastelli.com\/fr\/wp-json\/wp\/v2\/product_brand?post=417765"},{"taxonomy":"product_cat","embeddable":true,"href":"https:\/\/lucacastelli.com\/fr\/wp-json\/wp\/v2\/product_cat?post=417765"},{"taxonomy":"product_tag","embeddable":true,"href":"https:\/\/lucacastelli.com\/fr\/wp-json\/wp\/v2\/product_tag?post=417765"}],"curies":[{"name":"wp","href":"https:\/\/api.w.org\/{rel}","templated":true}]}}