{"id":417760,"date":"2022-11-23T09:00:19","date_gmt":"2022-11-23T08:00:19","guid":{"rendered":"https:\/\/lucacastelli.com\/prodotto\/pfanner-schlussanhanger\/"},"modified":"2026-04-14T03:34:21","modified_gmt":"2026-04-14T01:34:21","slug":"pfanner-schlussanhanger","status":"publish","type":"product","link":"https:\/\/lucacastelli.com\/fr\/produit\/pfanner-schlussanhanger\/","title":{"rendered":"Porte-cl\u00e9s PFANNER"},"content":{"rendered":"<p>Extr\u00eamement pratique gr\u00e2ce aux anneaux amovibles.<\/p>\n<p>De cette mani\u00e8re, m\u00eame une grande collection de cl\u00e9s peut \u00eatre gard\u00e9e sous contr\u00f4le.<\/p>\n","protected":false},"excerpt":{"rendered":"<p>Extr\u00eamement pratique gr\u00e2ce aux anneaux amovibles. De cette mani\u00e8re, m\u00eame une grande collection de cl\u00e9s peut \u00eatre gard\u00e9e sous contr\u00f4le.<\/p>\n","protected":false},"featured_media":84462,"template":"","meta":{"_seopress_robots_primary_cat":"","_seopress_titles_title":"","_seopress_titles_desc":"","_seopress_robots_index":""},"product_brand":[3669],"product_cat":[1477],"product_tag":[],"class_list":{"0":"post-417760","1":"product","2":"type-product","3":"status-publish","4":"has-post-thumbnail","6":"product_brand-pfanner-fr","7":"product_cat-shop-fr","8":"sws-gruppo-no-gruppo-fr","9":"sws-categoria-sito-fr","10":"sws-sottocategoria-altro-fr","11":"sws-conto-ricavi-merci-rivendita-abbigliamento-fr","12":"sws-gruppo-iva-iva81-fr","14":"first","15":"onbackorder","16":"shipping-taxable","17":"purchasable","18":"product-type-variable"},"_links":{"self":[{"href":"https:\/\/lucacastelli.com\/fr\/wp-json\/wp\/v2\/product\/417760","targetHints":{"allow":["GET"]}}],"collection":[{"href":"https:\/\/lucacastelli.com\/fr\/wp-json\/wp\/v2\/product"}],"about":[{"href":"https:\/\/lucacastelli.com\/fr\/wp-json\/wp\/v2\/types\/product"}],"wp:featuredmedia":[{"embeddable":true,"href":"https:\/\/lucacastelli.com\/fr\/wp-json\/wp\/v2\/media\/84462"}],"wp:attachment":[{"href":"https:\/\/lucacastelli.com\/fr\/wp-json\/wp\/v2\/media?parent=417760"}],"wp:term":[{"taxonomy":"product_brand","embeddable":true,"href":"https:\/\/lucacastelli.com\/fr\/wp-json\/wp\/v2\/product_brand?post=417760"},{"taxonomy":"product_cat","embeddable":true,"href":"https:\/\/lucacastelli.com\/fr\/wp-json\/wp\/v2\/product_cat?post=417760"},{"taxonomy":"product_tag","embeddable":true,"href":"https:\/\/lucacastelli.com\/fr\/wp-json\/wp\/v2\/product_tag?post=417760"}],"curies":[{"name":"wp","href":"https:\/\/api.w.org\/{rel}","templated":true}]}}