{"id":417699,"date":"2022-09-23T09:51:32","date_gmt":"2022-09-23T07:51:32","guid":{"rendered":"https:\/\/lucacastelli.com\/prodotto\/pfanner-stretchair-regenjacke\/"},"modified":"2026-04-18T01:36:54","modified_gmt":"2026-04-17T23:36:54","slug":"pfanner-stretchair-regenjacke","status":"publish","type":"product","link":"https:\/\/lucacastelli.com\/fr\/produit\/pfanner-stretchair-regenjacke\/","title":{"rendered":"PFANNER StretchAir Veste imperm\u00e9able"},"content":{"rendered":"<p>La veste de pluie StretchAir\u00ae de Pfanner est une veste de pluie respirante tr\u00e8s l\u00e9g\u00e8re. Elle est \u00e9galement extr\u00eamement imperm\u00e9able, avec une colonne d\u2019eau de 20 000. La veste est tr\u00e8s confortable sur la peau. Elle sert \u00e9galement de protection contre la pluie sous la veste de travail.    Les reflets 3Con garantissent une meilleure visibilit\u00e9. <\/p>\n<p>Fonction : imperm\u00e9able, respirante. Colonne d\u2019eau de 20 000.<br \/>\nMati\u00e8re : 100 % nylon <\/p>\n","protected":false},"excerpt":{"rendered":"<p>La veste de pluie StretchAir\u00ae de Pfanner est une veste de pluie respirante tr\u00e8s l\u00e9g\u00e8re. Elle est \u00e9galement extr\u00eamement imperm\u00e9able,<\/p>\n","protected":false},"featured_media":82208,"template":"","meta":{"_seopress_robots_primary_cat":"","_seopress_titles_title":"","_seopress_titles_desc":"","_seopress_robots_index":""},"product_brand":[3669],"product_cat":[81,981,982],"product_tag":[],"class_list":{"0":"post-417699","1":"product","2":"type-product","3":"status-publish","4":"has-post-thumbnail","6":"product_brand-pfanner-fr","7":"product_cat-vetements","8":"product_cat-vetements-de-loisirs","9":"product_cat-vetements-pour-hommes","10":"sws-gruppo-no-gruppo-fr","11":"sws-categoria-sito-fr","12":"sws-sottocategoria-altro-fr","13":"sws-conto-ricavi-merci-rivendita-abbigliamento-fr","14":"sws-gruppo-iva-iva81-fr","16":"first","17":"instock","18":"shipping-taxable","19":"purchasable","20":"product-type-variable"},"_links":{"self":[{"href":"https:\/\/lucacastelli.com\/fr\/wp-json\/wp\/v2\/product\/417699","targetHints":{"allow":["GET"]}}],"collection":[{"href":"https:\/\/lucacastelli.com\/fr\/wp-json\/wp\/v2\/product"}],"about":[{"href":"https:\/\/lucacastelli.com\/fr\/wp-json\/wp\/v2\/types\/product"}],"wp:featuredmedia":[{"embeddable":true,"href":"https:\/\/lucacastelli.com\/fr\/wp-json\/wp\/v2\/media\/82208"}],"wp:attachment":[{"href":"https:\/\/lucacastelli.com\/fr\/wp-json\/wp\/v2\/media?parent=417699"}],"wp:term":[{"taxonomy":"product_brand","embeddable":true,"href":"https:\/\/lucacastelli.com\/fr\/wp-json\/wp\/v2\/product_brand?post=417699"},{"taxonomy":"product_cat","embeddable":true,"href":"https:\/\/lucacastelli.com\/fr\/wp-json\/wp\/v2\/product_cat?post=417699"},{"taxonomy":"product_tag","embeddable":true,"href":"https:\/\/lucacastelli.com\/fr\/wp-json\/wp\/v2\/product_tag?post=417699"}],"curies":[{"name":"wp","href":"https:\/\/api.w.org\/{rel}","templated":true}]}}