{"id":417667,"date":"2022-09-23T09:46:13","date_gmt":"2022-09-23T07:46:13","guid":{"rendered":"https:\/\/lucacastelli.com\/prodotto\/pfanner-lodenhose\/"},"modified":"2025-07-27T08:18:40","modified_gmt":"2025-07-27T06:18:40","slug":"pfanner-lodenhose","status":"publish","type":"product","link":"https:\/\/lucacastelli.com\/fr\/produit\/pfanner-lodenhose\/","title":{"rendered":"PFANNER Lodenhose"},"content":{"rendered":"<p>Mod\u00e8le traditionnel consid\u00e9rablement am\u00e9lior\u00e9. Comme toujours, les pantalons en loden sont absolument silencieux. La doublure fonctionnelle Cocona est d\u00e9cisive pour le confort de port. Il r\u00e9gule le climat, inhibe les odeurs et \u00e9vacue l\u2019humidit\u00e9 du corps. La gu\u00eatre int\u00e9gr\u00e9e prot\u00e8ge contre les tiques et la salet\u00e9.    <\/p>\n<p>&#8211; Tissu loden hydrofuge et silencieux<br \/>\n&#8211; Doublure fonctionnelle Cocona de haute qualit\u00e9<br \/>\n&#8211; Gu\u00eatre int\u00e9gr\u00e9e contre la salet\u00e9 et la neige<br \/>\n&#8211; Coupe fonctionnelle<br \/>\n&#8211; Protection des reins<\/p>\n<p>Tissu ext\u00e9rieur : 67 % laine m\u00e9rinos ; 25 % polyamide ; 5&nbsp;% alpaga&nbsp;; 3&nbsp;% \u00e9lasthanne<br \/>\ndoublure : 100&nbsp;% polyester Cocona<\/p>\n","protected":false},"excerpt":{"rendered":"<p>Mod\u00e8le traditionnel consid\u00e9rablement am\u00e9lior\u00e9. Comme toujours, les pantalons en loden sont absolument silencieux. La doublure fonctionnelle Cocona est d\u00e9cisive pour<\/p>\n","protected":false},"featured_media":82188,"template":"","meta":{"_seopress_robots_primary_cat":"","_seopress_titles_title":"","_seopress_titles_desc":"","_seopress_robots_index":""},"product_brand":[3669],"product_cat":[1393,81,981],"product_tag":[],"class_list":{"0":"post-417667","1":"product","2":"type-product","3":"status-publish","4":"has-post-thumbnail","6":"product_brand-pfanner-fr","7":"product_cat-autres-vetements-de-loisirs","8":"product_cat-vetements","9":"product_cat-vetements-de-loisirs","10":"sws-gruppo-no-gruppo","11":"sws-categoria-sito","12":"sws-sottocategoria-altro","13":"sws-conto-ricavi-merci-rivendita-abbigliamento","14":"sws-gruppo-iva-iva81","16":"first","17":"instock","18":"shipping-taxable","19":"purchasable","20":"product-type-variable"},"_links":{"self":[{"href":"https:\/\/lucacastelli.com\/fr\/wp-json\/wp\/v2\/product\/417667","targetHints":{"allow":["GET"]}}],"collection":[{"href":"https:\/\/lucacastelli.com\/fr\/wp-json\/wp\/v2\/product"}],"about":[{"href":"https:\/\/lucacastelli.com\/fr\/wp-json\/wp\/v2\/types\/product"}],"wp:featuredmedia":[{"embeddable":true,"href":"https:\/\/lucacastelli.com\/fr\/wp-json\/wp\/v2\/media\/82188"}],"wp:attachment":[{"href":"https:\/\/lucacastelli.com\/fr\/wp-json\/wp\/v2\/media?parent=417667"}],"wp:term":[{"taxonomy":"product_brand","embeddable":true,"href":"https:\/\/lucacastelli.com\/fr\/wp-json\/wp\/v2\/product_brand?post=417667"},{"taxonomy":"product_cat","embeddable":true,"href":"https:\/\/lucacastelli.com\/fr\/wp-json\/wp\/v2\/product_cat?post=417667"},{"taxonomy":"product_tag","embeddable":true,"href":"https:\/\/lucacastelli.com\/fr\/wp-json\/wp\/v2\/product_tag?post=417667"}],"curies":[{"name":"wp","href":"https:\/\/api.w.org\/{rel}","templated":true}]}}