{"id":417655,"date":"2022-09-23T08:31:13","date_gmt":"2022-09-23T06:31:13","guid":{"rendered":"https:\/\/lucacastelli.com\/prodotto\/pfanner-stretchflex-cancool-maximus\/"},"modified":"2025-07-27T08:18:46","modified_gmt":"2025-07-27T06:18:46","slug":"pfanner-stretchflex-cancool-maximus","status":"publish","type":"product","link":"https:\/\/lucacastelli.com\/fr\/produit\/pfanner-stretchflex-cancool-maximus\/","title":{"rendered":"PFANNER StretchFlex Cancool Maximus"},"content":{"rendered":"<p>Pantalon gar\u00e7on robuste \u00e0 l\u2019allure work<\/p>\n<p>D\u00e9tails r\u00e9fl\u00e9chissants<br \/>\nDouble fermeture \u00e0 la taille<br \/>\nGenoux pr\u00e9form\u00e9s pour un ajustement parfait<br \/>\nDeux poches avant<br \/>\nDeux poches arri\u00e8re<br \/>\nC\u00f4t\u00e9 gauche avec poche zipp\u00e9e<br \/>\nC\u00f4t\u00e9 droit avec poche velcro<br \/>\nPoche lat\u00e9rale<br \/>\nint\u00e9rieure 6 passants de ceinture lavables<br \/>\njusqu\u2019\u00e0 60<\/p>\n<p>Mat\u00e9riel:<\/p>\n<p>39&nbsp;% polyester<br \/>\n58&nbsp;% coton<br \/>\n3&nbsp;% \u00e9lasthanne<\/p>\n<p>Soin:<\/p>\n<p>Lavable jusqu\u2019\u00e0 60<br \/>\nConvient pour le s\u00e8che-linge<\/p>\n","protected":false},"excerpt":{"rendered":"<p>Pantalon gar\u00e7on robuste \u00e0 l\u2019allure work D\u00e9tails r\u00e9fl\u00e9chissants Double fermeture \u00e0 la taille Genoux pr\u00e9form\u00e9s pour un ajustement parfait Deux<\/p>\n","protected":false},"featured_media":82120,"template":"","meta":{"_seopress_robots_primary_cat":"","_seopress_titles_title":"","_seopress_titles_desc":"","_seopress_robots_index":""},"product_brand":[3669],"product_cat":[81,981,1384],"product_tag":[],"class_list":{"0":"post-417655","1":"product","2":"type-product","3":"status-publish","4":"has-post-thumbnail","6":"product_brand-pfanner-fr","7":"product_cat-vetements","8":"product_cat-vetements-de-loisirs","9":"product_cat-vetements-pour-enfants","10":"sws-gruppo-no-gruppo","11":"sws-categoria-sito","12":"sws-sottocategoria-altro","13":"sws-conto-ricavi-merci-rivendita-abbigliamento","14":"sws-gruppo-iva-iva81","16":"first","17":"outofstock","18":"shipping-taxable","19":"product-type-variable"},"_links":{"self":[{"href":"https:\/\/lucacastelli.com\/fr\/wp-json\/wp\/v2\/product\/417655","targetHints":{"allow":["GET"]}}],"collection":[{"href":"https:\/\/lucacastelli.com\/fr\/wp-json\/wp\/v2\/product"}],"about":[{"href":"https:\/\/lucacastelli.com\/fr\/wp-json\/wp\/v2\/types\/product"}],"wp:featuredmedia":[{"embeddable":true,"href":"https:\/\/lucacastelli.com\/fr\/wp-json\/wp\/v2\/media\/82120"}],"wp:attachment":[{"href":"https:\/\/lucacastelli.com\/fr\/wp-json\/wp\/v2\/media?parent=417655"}],"wp:term":[{"taxonomy":"product_brand","embeddable":true,"href":"https:\/\/lucacastelli.com\/fr\/wp-json\/wp\/v2\/product_brand?post=417655"},{"taxonomy":"product_cat","embeddable":true,"href":"https:\/\/lucacastelli.com\/fr\/wp-json\/wp\/v2\/product_cat?post=417655"},{"taxonomy":"product_tag","embeddable":true,"href":"https:\/\/lucacastelli.com\/fr\/wp-json\/wp\/v2\/product_tag?post=417655"}],"curies":[{"name":"wp","href":"https:\/\/api.w.org\/{rel}","templated":true}]}}