{"id":417649,"date":"2022-09-23T07:55:12","date_gmt":"2022-09-23T05:55:12","guid":{"rendered":"https:\/\/lucacastelli.com\/prodotto\/pfanner-holzer-set-toute-la-saison\/"},"modified":"2025-07-27T08:18:53","modified_gmt":"2025-07-27T06:18:53","slug":"pfanner-holzer-set-toute-la-saison","status":"publish","type":"product","link":"https:\/\/lucacastelli.com\/fr\/produit\/pfanner-holzer-set-toute-la-saison\/","title":{"rendered":"PFANNER Holzer Set toute la saison"},"content":{"rendered":"<p>&#8211; Compos\u00e9 d\u2019un pull, d\u2019un t-shirt et d\u2019un d\u00e9bardeur<br \/>\ndans un sac en coton PFANNER<br \/>\n&#8211; Logo Holzer imprim\u00e9 en argent, bronze et or<br \/>\n&#8211; Maintien de la forme gr\u00e2ce \u00e0 la transition d\u2019\u00e9paule \u00e0 \u00e9paule<br \/>\nTour de<br \/>\n cou- T-shirts et d\u00e9bardeurs sans coutures lat\u00e9rales<br \/>\n&#8211; Unisexe<br \/>\n&#8211; \u00c9galement disponible en tailles enfants<br \/>\n&#8211; Parfait pour \u00eatre offert<\/p>\n<p>Tailles&nbsp;: S &#8211; 3XL \/ S &#8211; L (enfants)<\/p>\n","protected":false},"excerpt":{"rendered":"<p>&#8211; Compos\u00e9 d\u2019un pull, d\u2019un t-shirt et d\u2019un d\u00e9bardeur dans un sac en coton PFANNER &#8211; Logo Holzer imprim\u00e9 en<\/p>\n","protected":false},"featured_media":82103,"template":"","meta":{"_seopress_robots_primary_cat":"","_seopress_titles_title":"","_seopress_titles_desc":"","_seopress_robots_index":""},"product_brand":[3669],"product_cat":[81,981,982],"product_tag":[],"class_list":{"0":"post-417649","1":"product","2":"type-product","3":"status-publish","4":"has-post-thumbnail","6":"product_brand-pfanner-fr","7":"product_cat-vetements","8":"product_cat-vetements-de-loisirs","9":"product_cat-vetements-pour-hommes","10":"sws-gruppo-no-gruppo","11":"sws-categoria-sito","12":"sws-sottocategoria-altro","13":"sws-conto-ricavi-merci-rivendita-abbigliamento","14":"sws-gruppo-iva-iva81","16":"first","17":"instock","18":"shipping-taxable","19":"purchasable","20":"product-type-variable"},"_links":{"self":[{"href":"https:\/\/lucacastelli.com\/fr\/wp-json\/wp\/v2\/product\/417649","targetHints":{"allow":["GET"]}}],"collection":[{"href":"https:\/\/lucacastelli.com\/fr\/wp-json\/wp\/v2\/product"}],"about":[{"href":"https:\/\/lucacastelli.com\/fr\/wp-json\/wp\/v2\/types\/product"}],"wp:featuredmedia":[{"embeddable":true,"href":"https:\/\/lucacastelli.com\/fr\/wp-json\/wp\/v2\/media\/82103"}],"wp:attachment":[{"href":"https:\/\/lucacastelli.com\/fr\/wp-json\/wp\/v2\/media?parent=417649"}],"wp:term":[{"taxonomy":"product_brand","embeddable":true,"href":"https:\/\/lucacastelli.com\/fr\/wp-json\/wp\/v2\/product_brand?post=417649"},{"taxonomy":"product_cat","embeddable":true,"href":"https:\/\/lucacastelli.com\/fr\/wp-json\/wp\/v2\/product_cat?post=417649"},{"taxonomy":"product_tag","embeddable":true,"href":"https:\/\/lucacastelli.com\/fr\/wp-json\/wp\/v2\/product_tag?post=417649"}],"curies":[{"name":"wp","href":"https:\/\/api.w.org\/{rel}","templated":true}]}}