{"id":417619,"date":"2022-09-23T07:21:42","date_gmt":"2022-09-23T05:21:42","guid":{"rendered":"https:\/\/lucacastelli.com\/prodotto\/pfanner-stretchflex-grip-hpt-cut-d\/"},"modified":"2025-07-27T08:18:57","modified_gmt":"2025-07-27T06:18:57","slug":"pfanner-stretchflex-grip-hpt-cut-d","status":"publish","type":"product","link":"https:\/\/lucacastelli.com\/fr\/produit\/pfanner-stretchflex-grip-hpt-cut-d\/","title":{"rendered":"PFANNER StretchFlex Grip HPT Cut D"},"content":{"rendered":"<p>Le gant est fabriqu\u00e9 en polyester-acier-polyamide et est enduit de HPT sur la paume. Comme son nom et sa composition l\u2019indiquent, le gant est \u00e9quip\u00e9 d\u2019une protection contre les coupures (pas pour les cha\u00eenes de scie). Ce type de gant est utilis\u00e9, entre autres, dans l\u2019industrie m\u00e9tallurgique et verri\u00e8re. Cependant, en raison de sa structure solide et de la r\u00e9sistance du mat\u00e9riau, il convient \u00e9galement \u00e0 une utilisation foresti\u00e8re. Malgr\u00e9 l\u2019\u00e9paisseur du mat\u00e9riau, vous pouvez toujours sentir vos doigts pour faire fonctionner les outils et appuyer sur les boutons.      <\/p>\n<p>Mat\u00e9riel:  <\/p>\n<p>Tissu tricot\u00e9 : polyester-acier-polyamide<br \/>\nDoublure : HPT antid\u00e9rapant<\/p>\n","protected":false},"excerpt":{"rendered":"<p>Le gant est fabriqu\u00e9 en polyester-acier-polyamide et est enduit de HPT sur la paume. Comme son nom et sa composition<\/p>\n","protected":false},"featured_media":43446,"template":"","meta":{"_seopress_robots_primary_cat":"","_seopress_titles_title":"","_seopress_titles_desc":"","_seopress_robots_index":""},"product_brand":[3669],"product_cat":[81,1381],"product_tag":[],"class_list":{"0":"post-417619","1":"product","2":"type-product","3":"status-publish","4":"has-post-thumbnail","6":"product_brand-pfanner-fr","7":"product_cat-vetements","8":"product_cat-vetements-de-travail","9":"sws-gruppo-no-gruppo-fr","10":"sws-categoria-sito-fr","11":"sws-sottocategoria-altro-fr","12":"sws-conto-ricavi-merci-rivendita-abbigliamento-fr","13":"sws-gruppo-iva-iva81-fr","15":"first","16":"instock","17":"shipping-taxable","18":"purchasable","19":"product-type-variable"},"_links":{"self":[{"href":"https:\/\/lucacastelli.com\/fr\/wp-json\/wp\/v2\/product\/417619","targetHints":{"allow":["GET"]}}],"collection":[{"href":"https:\/\/lucacastelli.com\/fr\/wp-json\/wp\/v2\/product"}],"about":[{"href":"https:\/\/lucacastelli.com\/fr\/wp-json\/wp\/v2\/types\/product"}],"wp:featuredmedia":[{"embeddable":true,"href":"https:\/\/lucacastelli.com\/fr\/wp-json\/wp\/v2\/media\/43446"}],"wp:attachment":[{"href":"https:\/\/lucacastelli.com\/fr\/wp-json\/wp\/v2\/media?parent=417619"}],"wp:term":[{"taxonomy":"product_brand","embeddable":true,"href":"https:\/\/lucacastelli.com\/fr\/wp-json\/wp\/v2\/product_brand?post=417619"},{"taxonomy":"product_cat","embeddable":true,"href":"https:\/\/lucacastelli.com\/fr\/wp-json\/wp\/v2\/product_cat?post=417619"},{"taxonomy":"product_tag","embeddable":true,"href":"https:\/\/lucacastelli.com\/fr\/wp-json\/wp\/v2\/product_tag?post=417619"}],"curies":[{"name":"wp","href":"https:\/\/api.w.org\/{rel}","templated":true}]}}