{"id":417560,"date":"2022-09-21T15:53:57","date_gmt":"2022-09-21T13:53:57","guid":{"rendered":"https:\/\/lucacastelli.com\/prodotto\/tuyau-pfanner-olbia-extrem-cc\/"},"modified":"2025-07-27T08:19:01","modified_gmt":"2025-07-27T06:19:01","slug":"tuyau-pfanner-olbia-extrem-cc","status":"publish","type":"product","link":"https:\/\/lucacastelli.com\/fr\/produit\/tuyau-pfanner-olbia-extrem-cc\/","title":{"rendered":"Tuyau PFANNER Olbia Extrem CC"},"content":{"rendered":"<p>\u00c9galit\u00e9 : Poches lat\u00e9rales Zipp2Zipp\u00ae des deux c\u00f4t\u00e9s avec solution Pocket Office int\u00e9gr\u00e9e.<\/p>\n<p>Mati\u00e8re&nbsp;:<\/p>\n<p>57&nbsp;% coton<br \/>\n40&nbsp;% Cordura<br \/>\n3&nbsp;% \u00e9lasthanne<\/p>\n","protected":false},"excerpt":{"rendered":"<p>\u00c9galit\u00e9 : Poches lat\u00e9rales Zipp2Zipp\u00ae des deux c\u00f4t\u00e9s avec solution Pocket Office int\u00e9gr\u00e9e. Mati\u00e8re&nbsp;: 57&nbsp;% coton 40&nbsp;% Cordura 3&nbsp;% \u00e9lasthanne<\/p>\n","protected":false},"featured_media":43400,"template":"","meta":{"_seopress_robots_primary_cat":"","_seopress_titles_title":"","_seopress_titles_desc":"","_seopress_robots_index":""},"product_brand":[3669],"product_cat":[81,1381],"product_tag":[],"class_list":{"0":"post-417560","1":"product","2":"type-product","3":"status-publish","4":"has-post-thumbnail","6":"product_brand-pfanner-fr","7":"product_cat-vetements","8":"product_cat-vetements-de-travail","9":"sws-gruppo-no-gruppo","10":"sws-categoria-sito","11":"sws-sottocategoria-altro","12":"sws-conto-ricavi-merci-rivendita-abbigliamento","13":"sws-gruppo-iva-iva81","15":"first","16":"instock","17":"shipping-taxable","18":"purchasable","19":"product-type-variable"},"_links":{"self":[{"href":"https:\/\/lucacastelli.com\/fr\/wp-json\/wp\/v2\/product\/417560","targetHints":{"allow":["GET"]}}],"collection":[{"href":"https:\/\/lucacastelli.com\/fr\/wp-json\/wp\/v2\/product"}],"about":[{"href":"https:\/\/lucacastelli.com\/fr\/wp-json\/wp\/v2\/types\/product"}],"wp:featuredmedia":[{"embeddable":true,"href":"https:\/\/lucacastelli.com\/fr\/wp-json\/wp\/v2\/media\/43400"}],"wp:attachment":[{"href":"https:\/\/lucacastelli.com\/fr\/wp-json\/wp\/v2\/media?parent=417560"}],"wp:term":[{"taxonomy":"product_brand","embeddable":true,"href":"https:\/\/lucacastelli.com\/fr\/wp-json\/wp\/v2\/product_brand?post=417560"},{"taxonomy":"product_cat","embeddable":true,"href":"https:\/\/lucacastelli.com\/fr\/wp-json\/wp\/v2\/product_cat?post=417560"},{"taxonomy":"product_tag","embeddable":true,"href":"https:\/\/lucacastelli.com\/fr\/wp-json\/wp\/v2\/product_tag?post=417560"}],"curies":[{"name":"wp","href":"https:\/\/api.w.org\/{rel}","templated":true}]}}