{"id":417523,"date":"2022-07-14T09:51:14","date_gmt":"2022-07-14T07:51:14","guid":{"rendered":"https:\/\/lucacastelli.com\/prodotto\/pfanner-boa-schnittschutzschuh\/"},"modified":"2026-04-14T03:33:30","modified_gmt":"2026-04-14T01:33:30","slug":"pfanner-boa-schnittschutzschuh","status":"publish","type":"product","link":"https:\/\/lucacastelli.com\/fr\/produit\/pfanner-boa-schnittschutzschuh\/","title":{"rendered":"PFANNER BOA Chaussure de protection contre les coupures"},"content":{"rendered":"<p>La nouvelle botte de s\u00e9curit\u00e9 antitaglio BOA\u00ae est la botte foresti\u00e8re la plus l\u00e9g\u00e8re de la gamme PFANNER. La botte foresti\u00e8re BOA\u00ae avec une tige extr\u00eamement haute r\u00e9pond \u00e0 la classe de protection contre les coupures 2 et \u00e0 la classe de s\u00e9curit\u00e9 S3, mais ne p\u00e8se toujours pas plus de 1 kg pour la taille 41. <\/p>\n<p>La protection contre les coupures, le mat\u00e9riau sup\u00e9rieur et la protection contre les gravillons sont solidement reli\u00e9s par des rivets brevet\u00e9s.<\/p>\n<p>La botte de protection contre les coupures est dot\u00e9e d&#8217;un double syst\u00e8me BOA\u00ae Fit System qui permet de mettre et retirer rapidement la chaussure. Le lacage peut \u00eatre ajust\u00e9 en tournant les molettes sur le cou-de-pied et la cheville selon les besoins. Si vous tirez \u00e0 nouveau cette molette, le syst\u00e8me de lacage est rel\u00e2ch\u00e9 et la chaussure peut \u00eatre ouverte autant que souhait\u00e9. Le cordon lui-m\u00eame est compos\u00e9 de 49 fils fins d&#8217;acier inoxydable rev\u00eatus de nylon (7 faisceaux de 7 fils chacun).   <\/p>\n<p>Gr\u00e2ce \u00e0 la membrane SympaTex\u00ae, \u00e0 la doublure Cordura\u00ae et \u00e0 la bordure de protection contre les gravillons, les bottes antitaglio BOA\u00ae sont imperm\u00e9ables et robustes. La semelle VIBRAM\u00ae avec crampons de montagne est dot\u00e9e d&#8217;un renfort en Kevlar r\u00e9sistant aux perforations. <\/p>\n","protected":false},"excerpt":{"rendered":"<p>La nouvelle botte de s\u00e9curit\u00e9 antitaglio BOA\u00ae est la botte foresti\u00e8re la plus l\u00e9g\u00e8re de la gamme PFANNER. La botte<\/p>\n","protected":false},"featured_media":76291,"template":"","meta":{"_seopress_robots_primary_cat":"","_seopress_titles_title":"","_seopress_titles_desc":"","_seopress_robots_index":""},"product_brand":[3669],"product_cat":[173,1423],"product_tag":[],"class_list":{"0":"post-417523","1":"product","2":"type-product","3":"status-publish","4":"has-post-thumbnail","6":"product_brand-pfanner-fr","7":"product_cat-chaussures","8":"product_cat-chaussures-de-travail","9":"sws-gruppo-no-gruppo-fr","10":"sws-categoria-sito-fr","11":"sws-sottocategoria-altro-fr","12":"sws-conto-ricavi-merci-rivendita-abbigliamento-fr","13":"sws-gruppo-iva-iva81-fr","15":"first","16":"instock","17":"shipping-taxable","18":"purchasable","19":"product-type-variable"},"_links":{"self":[{"href":"https:\/\/lucacastelli.com\/fr\/wp-json\/wp\/v2\/product\/417523","targetHints":{"allow":["GET"]}}],"collection":[{"href":"https:\/\/lucacastelli.com\/fr\/wp-json\/wp\/v2\/product"}],"about":[{"href":"https:\/\/lucacastelli.com\/fr\/wp-json\/wp\/v2\/types\/product"}],"wp:featuredmedia":[{"embeddable":true,"href":"https:\/\/lucacastelli.com\/fr\/wp-json\/wp\/v2\/media\/76291"}],"wp:attachment":[{"href":"https:\/\/lucacastelli.com\/fr\/wp-json\/wp\/v2\/media?parent=417523"}],"wp:term":[{"taxonomy":"product_brand","embeddable":true,"href":"https:\/\/lucacastelli.com\/fr\/wp-json\/wp\/v2\/product_brand?post=417523"},{"taxonomy":"product_cat","embeddable":true,"href":"https:\/\/lucacastelli.com\/fr\/wp-json\/wp\/v2\/product_cat?post=417523"},{"taxonomy":"product_tag","embeddable":true,"href":"https:\/\/lucacastelli.com\/fr\/wp-json\/wp\/v2\/product_tag?post=417523"}],"curies":[{"name":"wp","href":"https:\/\/api.w.org\/{rel}","templated":true}]}}