{"id":417510,"date":"2022-07-14T08:08:16","date_gmt":"2022-07-14T06:08:16","guid":{"rendered":"https:\/\/lucacastelli.com\/prodotto\/visiere-transparente-pfanner-protos\/"},"modified":"2026-03-24T10:43:27","modified_gmt":"2026-03-24T09:43:27","slug":"visiere-transparente-pfanner-protos","status":"publish","type":"product","link":"https:\/\/lucacastelli.com\/fr\/produit\/visiere-transparente-pfanner-protos\/","title":{"rendered":"Pfanner Protos Clear Visier"},"content":{"rendered":"<p>\u00c9cran facial pour le syst\u00e8me de casque Pfanner Protos. R\u00e9sistant aux chocs et aux rayures, il offre un large champ de vision. <\/p>\n","protected":false},"excerpt":{"rendered":"<p>\u00c9cran facial pour le syst\u00e8me de casque Pfanner Protos. R\u00e9sistant aux chocs et aux rayures, il offre un large champ<\/p>\n","protected":false},"featured_media":76199,"template":"","meta":{"_seopress_robots_primary_cat":"none","_seopress_titles_title":"","_seopress_titles_desc":"","_seopress_robots_index":""},"product_brand":[3669,4722],"product_cat":[1405,144,1397,1412],"product_tag":[],"class_list":{"0":"post-417510","1":"product","2":"type-product","3":"status-publish","4":"has-post-thumbnail","6":"product_brand-pfanner-fr","7":"product_brand-protos-fr","8":"product_cat-casques","9":"product_cat-equipement","10":"product_cat-equipement-de-travail","11":"product_cat-visieres-et-lunettes","12":"sws-gruppo-no-gruppo-fr","13":"sws-categoria-sito-fr","14":"sws-sottocategoria-altro-fr","15":"sws-conto-ricavi-merci-rivendita-abbigliamento-fr","16":"sws-gruppo-iva-iva81-fr","18":"first","19":"instock","20":"shipping-taxable","21":"purchasable","22":"product-type-simple"},"_links":{"self":[{"href":"https:\/\/lucacastelli.com\/fr\/wp-json\/wp\/v2\/product\/417510","targetHints":{"allow":["GET"]}}],"collection":[{"href":"https:\/\/lucacastelli.com\/fr\/wp-json\/wp\/v2\/product"}],"about":[{"href":"https:\/\/lucacastelli.com\/fr\/wp-json\/wp\/v2\/types\/product"}],"wp:featuredmedia":[{"embeddable":true,"href":"https:\/\/lucacastelli.com\/fr\/wp-json\/wp\/v2\/media\/76199"}],"wp:attachment":[{"href":"https:\/\/lucacastelli.com\/fr\/wp-json\/wp\/v2\/media?parent=417510"}],"wp:term":[{"taxonomy":"product_brand","embeddable":true,"href":"https:\/\/lucacastelli.com\/fr\/wp-json\/wp\/v2\/product_brand?post=417510"},{"taxonomy":"product_cat","embeddable":true,"href":"https:\/\/lucacastelli.com\/fr\/wp-json\/wp\/v2\/product_cat?post=417510"},{"taxonomy":"product_tag","embeddable":true,"href":"https:\/\/lucacastelli.com\/fr\/wp-json\/wp\/v2\/product_tag?post=417510"}],"curies":[{"name":"wp","href":"https:\/\/api.w.org\/{rel}","templated":true}]}}