{"id":417493,"date":"2022-07-14T06:38:14","date_gmt":"2022-07-14T04:38:14","guid":{"rendered":"https:\/\/lucacastelli.com\/prodotto\/pfanner-boa-bau-s3\/"},"modified":"2026-04-14T03:29:13","modified_gmt":"2026-04-14T01:29:13","slug":"pfanner-boa-bau-s3","status":"publish","type":"product","link":"https:\/\/lucacastelli.com\/fr\/produit\/pfanner-boa-bau-s3\/","title":{"rendered":"PFANNER BOA Bau S3"},"content":{"rendered":"<p>Les bottes de s\u00e9curit\u00e9 S3 \u00ab BOA\u00ae Bau \u00bb de Pfanner\u00ae sont les compagnons id\u00e9aux pour toutes les activit\u00e9s dans le secteur du b\u00e2timent, du jardinage et de l&#8217;am\u00e9nagement paysager ainsi que dans l&#8217;agriculture. Les chaussures se distinguent par leur robustesse \u00e9lev\u00e9e, leur poids r\u00e9duit et leur semelle particuli\u00e8rement facile \u00e0 nettoyer. Le mat\u00e9riau de la tige est constitu\u00e9 d&#8217;un cuir r\u00e9sistant et de Sympatex. De plus, la protection du gravier et le mat\u00e9riau de la tige sont rivet\u00e9s ensemble pour offrir une durabilit\u00e9 accrue. \u00c0 l&#8217;int\u00e9rieur des chaussures, de la Cordura a \u00e9t\u00e9 utilis\u00e9e, qui est particuli\u00e8rement r\u00e9sistante \u00e0 l&#8217;abrasion et hydrofuge.    <\/p>\n<p>La semelle Vibram\u00ae est r\u00e9sistante \u00e0 l&#8217;huile et \u00e0 l&#8217;essence. La forme sp\u00e9ciale de la semelle permet un nettoyage facile au jet d&#8217;eau, l&#8217;eau et la salet\u00e9 \u00e9tant \u00e9vacu\u00e9es sans \u00e9claboussures. Pour la s\u00e9curit\u00e9 n\u00e9cessaire, un embout de protection en fibre de verre prot\u00e8ge les orteils contre la chute d&#8217;objets ou les chocs.   Vous \u00eates \u00e9galement bien prot\u00e9g\u00e9 contre les objets tranchants ou pointus gr\u00e2ce \u00e0 la protection anti-perforation flexible en Kevlar\u00ae. <\/p>\n<p>Les bottes hautes peuvent \u00eatre ferm\u00e9es avec l&#8217;innovant BOA\u00ae Fit System et assurent un ajustement parfait et ferme des chaussures. Gr\u00e2ce au syst\u00e8me de fermeture BOA\u00ae sophistiqu\u00e9, les chaussures peuvent \u00e9galement \u00eatre enfil\u00e9es et retir\u00e9es particuli\u00e8rement rapidement et peuvent aussi \u00eatre ajust\u00e9es d&#8217;une seule main ou avec des gants. La languette et le pare-eau sont en cuir v\u00e9ritable, ce qui rend les bottes hautes \u00e9galement id\u00e9ales pour la transpiration et le travail flexible.<br \/>\nCaract\u00e9ristiques sp\u00e9ciales :<br \/>\nMat\u00e9riau de la tige et protection du gravier rivet\u00e9s ensemble sur toute la surface<br \/>\nFermeture BOA\u00ae Fit innovante<br \/>\nPoids l\u00e9ger<br \/>\nSemelle facile \u00e0 nettoyer<br \/>\nProtection de la pointe et anti-perforation sans m\u00e9tal<br \/>\nSp\u00e9cifications :<br \/>\nMat\u00e9riau de la tige : cuir, Sympatex<br \/>\nDoublure int\u00e9rieure : Cordura<br \/>\nSemelle : Vibram\u00ae<br \/>\nClasse de s\u00e9curit\u00e9 : S3<br \/>\nEmbout de protection : fibre de verre<br \/>\nProtection anti-perforation : Kevlar  <\/p>\n","protected":false},"excerpt":{"rendered":"<p>Les bottes de s\u00e9curit\u00e9 S3 \u00ab BOA\u00ae Bau \u00bb de Pfanner\u00ae sont les compagnons id\u00e9aux pour toutes les activit\u00e9s dans<\/p>\n","protected":false},"featured_media":76127,"template":"","meta":{"_seopress_robots_primary_cat":"","_seopress_titles_title":"","_seopress_titles_desc":"","_seopress_robots_index":""},"product_brand":[3669],"product_cat":[173,1423],"product_tag":[],"class_list":{"0":"post-417493","1":"product","2":"type-product","3":"status-publish","4":"has-post-thumbnail","6":"product_brand-pfanner-fr","7":"product_cat-chaussures","8":"product_cat-chaussures-de-travail","9":"sws-gruppo-no-gruppo-fr","10":"sws-categoria-sito-fr","11":"sws-sottocategoria-altro-fr","12":"sws-conto-ricavi-merci-rivendita-abbigliamento-fr","13":"sws-gruppo-iva-iva81-fr","15":"first","16":"instock","17":"shipping-taxable","18":"purchasable","19":"product-type-variable"},"_links":{"self":[{"href":"https:\/\/lucacastelli.com\/fr\/wp-json\/wp\/v2\/product\/417493","targetHints":{"allow":["GET"]}}],"collection":[{"href":"https:\/\/lucacastelli.com\/fr\/wp-json\/wp\/v2\/product"}],"about":[{"href":"https:\/\/lucacastelli.com\/fr\/wp-json\/wp\/v2\/types\/product"}],"wp:featuredmedia":[{"embeddable":true,"href":"https:\/\/lucacastelli.com\/fr\/wp-json\/wp\/v2\/media\/76127"}],"wp:attachment":[{"href":"https:\/\/lucacastelli.com\/fr\/wp-json\/wp\/v2\/media?parent=417493"}],"wp:term":[{"taxonomy":"product_brand","embeddable":true,"href":"https:\/\/lucacastelli.com\/fr\/wp-json\/wp\/v2\/product_brand?post=417493"},{"taxonomy":"product_cat","embeddable":true,"href":"https:\/\/lucacastelli.com\/fr\/wp-json\/wp\/v2\/product_cat?post=417493"},{"taxonomy":"product_tag","embeddable":true,"href":"https:\/\/lucacastelli.com\/fr\/wp-json\/wp\/v2\/product_tag?post=417493"}],"curies":[{"name":"wp","href":"https:\/\/api.w.org\/{rel}","templated":true}]}}