{"id":417487,"date":"2022-07-14T07:00:14","date_gmt":"2022-07-14T05:00:14","guid":{"rendered":"https:\/\/lucacastelli.com\/prodotto\/pfanner-waschkraftverstarker\/"},"modified":"2026-03-13T13:28:08","modified_gmt":"2026-03-13T12:28:08","slug":"pfanner-waschkraftverstarker","status":"publish","type":"product","link":"https:\/\/lucacastelli.com\/fr\/produit\/pfanner-waschkraftverstarker\/","title":{"rendered":"PFANNER Waschkraftverst\u00e4rker"},"content":{"rendered":"<p>Exhausteur de lavage liquide hautement concentr\u00e9 pour le nettoyage des v\u00eatements de protection sales. Les v\u00eatements sont pr\u00e9trait\u00e9s avec le vaporisateur, puis lav\u00e9s avec un d\u00e9tergent de couleur normale. L\u2019amplificateur de puissance de lavage rend les v\u00eatements \u00e0 nouveau propres m\u00eame \u00e0 30-40\u00b0C.  <\/p>\n<p>1000 ml COV 2,8&nbsp;%<\/p>\n","protected":false},"excerpt":{"rendered":"<p>Exhausteur de lavage liquide hautement concentr\u00e9 pour le nettoyage des v\u00eatements de protection sales. Les v\u00eatements sont pr\u00e9trait\u00e9s avec le<\/p>\n","protected":false},"featured_media":42987,"template":"","meta":{"_seopress_robots_primary_cat":"","_seopress_titles_title":"","_seopress_titles_desc":"","_seopress_robots_index":""},"product_brand":[3458],"product_cat":[21,284],"product_tag":[],"class_list":{"0":"post-417487","1":"product","2":"type-product","3":"status-publish","4":"has-post-thumbnail","6":"product_brand-pfanner","7":"product_cat-abbigliamento","8":"product_cat-abbigliamento-da-lavoro","9":"sws-gruppo-no-gruppo-fr","10":"sws-categoria-sito-fr","11":"sws-sottocategoria-altro-fr","12":"sws-conto-ricavi-merci-rivendita-abbigliamento-fr","13":"sws-gruppo-iva-iva81-fr","15":"first","16":"onbackorder","17":"shipping-taxable","18":"purchasable","19":"product-type-simple"},"_links":{"self":[{"href":"https:\/\/lucacastelli.com\/fr\/wp-json\/wp\/v2\/product\/417487","targetHints":{"allow":["GET"]}}],"collection":[{"href":"https:\/\/lucacastelli.com\/fr\/wp-json\/wp\/v2\/product"}],"about":[{"href":"https:\/\/lucacastelli.com\/fr\/wp-json\/wp\/v2\/types\/product"}],"wp:featuredmedia":[{"embeddable":true,"href":"https:\/\/lucacastelli.com\/fr\/wp-json\/wp\/v2\/media\/42987"}],"wp:attachment":[{"href":"https:\/\/lucacastelli.com\/fr\/wp-json\/wp\/v2\/media?parent=417487"}],"wp:term":[{"taxonomy":"product_brand","embeddable":true,"href":"https:\/\/lucacastelli.com\/fr\/wp-json\/wp\/v2\/product_brand?post=417487"},{"taxonomy":"product_cat","embeddable":true,"href":"https:\/\/lucacastelli.com\/fr\/wp-json\/wp\/v2\/product_cat?post=417487"},{"taxonomy":"product_tag","embeddable":true,"href":"https:\/\/lucacastelli.com\/fr\/wp-json\/wp\/v2\/product_tag?post=417487"}],"curies":[{"name":"wp","href":"https:\/\/api.w.org\/{rel}","templated":true}]}}