{"id":417469,"date":"2022-07-13T15:00:40","date_gmt":"2022-07-13T13:00:40","guid":{"rendered":"https:\/\/lucacastelli.com\/prodotto\/gilet-pour-enfants-pfanner-zipp4fit\/"},"modified":"2026-03-14T00:28:19","modified_gmt":"2026-03-13T23:28:19","slug":"gilet-pour-enfants-pfanner-zipp4fit","status":"publish","type":"product","link":"https:\/\/lucacastelli.com\/fr\/produit\/gilet-pour-enfants-pfanner-zipp4fit\/","title":{"rendered":"Gilet pour enfants PFANNER Zipp4Fit"},"content":{"rendered":"<p>Ne vous contentez pas de voir, mais soyez vu !<\/p>\n<p>Les personnes v\u00eatues de noir sont \u00e0 peine visibles au cr\u00e9puscule et dans l\u2019obscurit\u00e9. S\u2019il pleut, c\u2019est encore pire. <\/p>\n<p>&#8211; Encolure large<\/p>\n<p>&#8211; R\u00e9glage de la taille sur les c\u00f4t\u00e9s avec Zipp4Fit\u00ae.<\/p>\n<p>&#8211; Dos \u00e9lastiqu\u00e9<\/p>\n<p>&#8211; Bandes r\u00e9fl\u00e9chissantes tout autour<\/p>\n<p>&#8211; 3CON\u00ae r\u00e9fl\u00e9chissant<\/p>\n<p>&#8211; 2 poches poitrine Zipp2Zipp<\/p>\n<p>&#8211; 2 poches avec rabat et velcro<\/p>\n<p>&#8211; Fermeture \u00e9clair au lieu du velcro habituel<\/p>\n<p>&#8211; mat\u00e9riau plus r\u00e9sistant<\/p>\n<p>Mat\u00e9riau : 100 % polyester<\/p>\n","protected":false},"excerpt":{"rendered":"<p>Ne vous contentez pas de voir, mais soyez vu ! Les personnes v\u00eatues de noir sont \u00e0 peine visibles au<\/p>\n","protected":false},"featured_media":76065,"template":"","meta":{"_seopress_robots_primary_cat":"","_seopress_titles_title":"","_seopress_titles_desc":"","_seopress_robots_index":""},"product_brand":[3458],"product_cat":[21,189,685],"product_tag":[],"class_list":{"0":"post-417469","1":"product","2":"type-product","3":"status-publish","4":"has-post-thumbnail","6":"product_brand-pfanner","7":"product_cat-abbigliamento","8":"product_cat-abbigliamento-per-il-tempo-libero","9":"product_cat-abbigliamento-da-bambino","10":"sws-gruppo-no-gruppo","11":"sws-categoria-sito","12":"sws-sottocategoria-altro","13":"sws-conto-ricavi-merci-rivendita-abbigliamento","14":"sws-gruppo-iva-iva81","16":"first","17":"instock","18":"shipping-taxable","19":"purchasable","20":"product-type-simple"},"_links":{"self":[{"href":"https:\/\/lucacastelli.com\/fr\/wp-json\/wp\/v2\/product\/417469","targetHints":{"allow":["GET"]}}],"collection":[{"href":"https:\/\/lucacastelli.com\/fr\/wp-json\/wp\/v2\/product"}],"about":[{"href":"https:\/\/lucacastelli.com\/fr\/wp-json\/wp\/v2\/types\/product"}],"wp:featuredmedia":[{"embeddable":true,"href":"https:\/\/lucacastelli.com\/fr\/wp-json\/wp\/v2\/media\/76065"}],"wp:attachment":[{"href":"https:\/\/lucacastelli.com\/fr\/wp-json\/wp\/v2\/media?parent=417469"}],"wp:term":[{"taxonomy":"product_brand","embeddable":true,"href":"https:\/\/lucacastelli.com\/fr\/wp-json\/wp\/v2\/product_brand?post=417469"},{"taxonomy":"product_cat","embeddable":true,"href":"https:\/\/lucacastelli.com\/fr\/wp-json\/wp\/v2\/product_cat?post=417469"},{"taxonomy":"product_tag","embeddable":true,"href":"https:\/\/lucacastelli.com\/fr\/wp-json\/wp\/v2\/product_tag?post=417469"}],"curies":[{"name":"wp","href":"https:\/\/api.w.org\/{rel}","templated":true}]}}