{"id":417467,"date":"2022-07-14T07:21:16","date_gmt":"2022-07-14T05:21:16","guid":{"rendered":"https:\/\/lucacastelli.com\/prodotto\/pfanner-protos-integral-crash-absorber\/"},"modified":"2026-03-24T12:45:51","modified_gmt":"2026-03-24T11:45:51","slug":"pfanner-protos-integral-crash-absorber","status":"publish","type":"product","link":"https:\/\/lucacastelli.com\/fr\/produit\/pfanner-protos-integral-crash-absorber\/","title":{"rendered":"PFANNER Protos Integral Crash Absorber"},"content":{"rendered":"<p>5x absorption des impacts contre les risques extr\u00eames. La technologie Protos Crash Absorber est \u00e9galement utilis\u00e9e dans l\u2019Airbus A380. Gr\u00e2ce \u00e0 sa structure en nid d\u2019abeille, le Protos Crash Absorber est extr\u00eamement l\u00e9ger, car il est compos\u00e9 de 95 % d\u2019air et de seulement 5 % de choro\u00efde.    <\/p>\n<p>Les avantages de l\u2019amortisseur en un coup d\u2019\u0153il :<\/p>\n<p>Malgr\u00e9 son faible poids, le Crash Absorber offre une protection extr\u00eamement solide. Ceci est possible gr\u00e2ce \u00e0 la structure en nid d\u2019abeille Koroyd.<br \/>\nSeuls 5&nbsp;% de Koroyd et la structure en nid d\u2019abeille garantissent la ventilation du prototype, m\u00eame avec l\u2019amortisseur.<br \/>\nKoroyd est enti\u00e8rement recyclable et peut \u00eatre r\u00e9utilis\u00e9 dans d\u2019autres produits.<br \/>\nL\u2019absorbeur Cras rend les dommages visibles et signale au porteur de remplacer le casque protecteur.<br \/>\nTest\u00e9 et approuv\u00e9 selon les normes EN 397 et EN 12492 <\/p>\n","protected":false},"excerpt":{"rendered":"<p>5x absorption des impacts contre les risques extr\u00eames. La technologie Protos Crash Absorber est \u00e9galement utilis\u00e9e dans l\u2019Airbus A380. Gr\u00e2ce<\/p>\n","protected":false},"featured_media":76180,"template":"","meta":{"_seopress_robots_primary_cat":"","_seopress_titles_title":"","_seopress_titles_desc":"","_seopress_robots_index":""},"product_brand":[3669],"product_cat":[1405,144,1397,1412],"product_tag":[],"class_list":{"0":"post-417467","1":"product","2":"type-product","3":"status-publish","4":"has-post-thumbnail","6":"product_brand-pfanner-fr","7":"product_cat-casques","8":"product_cat-equipement","9":"product_cat-equipement-de-travail","10":"product_cat-visieres-et-lunettes","11":"sws-gruppo-no-gruppo","12":"sws-categoria-sito","13":"sws-sottocategoria-altro","14":"sws-conto-ricavi-merci-rivendita-abbigliamento","15":"sws-gruppo-iva-iva81","17":"first","18":"instock","19":"shipping-taxable","20":"purchasable","21":"product-type-simple"},"_links":{"self":[{"href":"https:\/\/lucacastelli.com\/fr\/wp-json\/wp\/v2\/product\/417467","targetHints":{"allow":["GET"]}}],"collection":[{"href":"https:\/\/lucacastelli.com\/fr\/wp-json\/wp\/v2\/product"}],"about":[{"href":"https:\/\/lucacastelli.com\/fr\/wp-json\/wp\/v2\/types\/product"}],"wp:featuredmedia":[{"embeddable":true,"href":"https:\/\/lucacastelli.com\/fr\/wp-json\/wp\/v2\/media\/76180"}],"wp:attachment":[{"href":"https:\/\/lucacastelli.com\/fr\/wp-json\/wp\/v2\/media?parent=417467"}],"wp:term":[{"taxonomy":"product_brand","embeddable":true,"href":"https:\/\/lucacastelli.com\/fr\/wp-json\/wp\/v2\/product_brand?post=417467"},{"taxonomy":"product_cat","embeddable":true,"href":"https:\/\/lucacastelli.com\/fr\/wp-json\/wp\/v2\/product_cat?post=417467"},{"taxonomy":"product_tag","embeddable":true,"href":"https:\/\/lucacastelli.com\/fr\/wp-json\/wp\/v2\/product_tag?post=417467"}],"curies":[{"name":"wp","href":"https:\/\/api.w.org\/{rel}","templated":true}]}}