{"id":417461,"date":"2022-06-10T13:51:56","date_gmt":"2022-06-10T11:51:56","guid":{"rendered":"https:\/\/lucacastelli.com\/prodotto\/rukka-diego-gilet-polaire-herren\/"},"modified":"2025-07-29T18:39:24","modified_gmt":"2025-07-29T16:39:24","slug":"rukka-diego-gilet-polaire-herren","status":"publish","type":"product","link":"https:\/\/lucacastelli.com\/fr\/produit\/rukka-diego-gilet-polaire-herren\/","title":{"rendered":"RUKKA DIEGO Gilet polaire Herren"},"content":{"rendered":"<p>Diego. Le gilet Diego pour homme est l\u00e9g\u00e8rement plus l\u00e9ger que le Polar et offre une bonne libert\u00e9 de mouvement sur les bras. Il peut \u00e9galement \u00eatre port\u00e9 en double couche sous une veste r\u00e9sistante aux intemp\u00e9ries.  <\/p>\n<p>Caract\u00e9ristiques<\/p>\n<p>Type de v\u00eatement Gilet<br \/>\nMati\u00e8re principale Polyester<br \/>\nDescription exacte du mat\u00e9riau 100&nbsp;% polyester<br \/>\nDoublure\/ Rembourrage\/Poids 200 g\/m2 Polaire, face int\u00e9rieure rugueuse<br \/>\nPoches ext\u00e9rieures 3<br \/>\nD\u00e9tails Coupe r\u00e9guli\u00e8re, Ourlet \u00e9lastique<\/p>\n","protected":false},"excerpt":{"rendered":"<p>Diego. Le gilet Diego pour homme est l\u00e9g\u00e8rement plus l\u00e9ger que le Polar et offre une bonne libert\u00e9 de mouvement<\/p>\n","protected":false},"featured_media":64681,"template":"","meta":{"_seopress_robots_primary_cat":"","_seopress_titles_title":"","_seopress_titles_desc":"","_seopress_robots_index":""},"product_brand":[3673],"product_cat":[81,981,982],"product_tag":[],"class_list":{"0":"post-417461","1":"product","2":"type-product","3":"status-publish","4":"has-post-thumbnail","6":"product_brand-rukka-fr","7":"product_cat-vetements","8":"product_cat-vetements-de-loisirs","9":"product_cat-vetements-pour-hommes","11":"first","12":"instock","13":"shipping-taxable","14":"purchasable","15":"product-type-variable"},"_links":{"self":[{"href":"https:\/\/lucacastelli.com\/fr\/wp-json\/wp\/v2\/product\/417461","targetHints":{"allow":["GET"]}}],"collection":[{"href":"https:\/\/lucacastelli.com\/fr\/wp-json\/wp\/v2\/product"}],"about":[{"href":"https:\/\/lucacastelli.com\/fr\/wp-json\/wp\/v2\/types\/product"}],"wp:featuredmedia":[{"embeddable":true,"href":"https:\/\/lucacastelli.com\/fr\/wp-json\/wp\/v2\/media\/64681"}],"wp:attachment":[{"href":"https:\/\/lucacastelli.com\/fr\/wp-json\/wp\/v2\/media?parent=417461"}],"wp:term":[{"taxonomy":"product_brand","embeddable":true,"href":"https:\/\/lucacastelli.com\/fr\/wp-json\/wp\/v2\/product_brand?post=417461"},{"taxonomy":"product_cat","embeddable":true,"href":"https:\/\/lucacastelli.com\/fr\/wp-json\/wp\/v2\/product_cat?post=417461"},{"taxonomy":"product_tag","embeddable":true,"href":"https:\/\/lucacastelli.com\/fr\/wp-json\/wp\/v2\/product_tag?post=417461"}],"curies":[{"name":"wp","href":"https:\/\/api.w.org\/{rel}","templated":true}]}}