{"id":417450,"date":"2022-06-10T15:25:13","date_gmt":"2022-06-10T13:25:13","guid":{"rendered":"https:\/\/lucacastelli.com\/prodotto\/rukka-shelter-herren-regenhose\/"},"modified":"2025-07-29T18:38:51","modified_gmt":"2025-07-29T16:38:51","slug":"rukka-shelter-herren-regenhose","status":"publish","type":"product","link":"https:\/\/lucacastelli.com\/fr\/produit\/rukka-shelter-herren-regenhose\/","title":{"rendered":"RUKKA SHELTER Herren Regenhose"},"content":{"rendered":"<p>Abri Trs. Le pantalon de pluie super l\u00e9ger et extensible peut \u00eatre rang\u00e9 n\u2019importe o\u00f9. Gr\u00e2ce au mat\u00e9riau ext\u00e9rieur \u00e9lastique, ils sont confortables \u00e0 porter pour les randonn\u00e9es actives. Poids total taille M = 140 g   <\/p>\n","protected":false},"excerpt":{"rendered":"<p>Abri Trs. Le pantalon de pluie super l\u00e9ger et extensible peut \u00eatre rang\u00e9 n\u2019importe o\u00f9. Gr\u00e2ce au mat\u00e9riau ext\u00e9rieur \u00e9lastique,<\/p>\n","protected":false},"featured_media":65015,"template":"","meta":{"_seopress_robots_primary_cat":"","_seopress_titles_title":"","_seopress_titles_desc":"","_seopress_robots_index":""},"product_brand":[3466],"product_cat":[21,189,190],"product_tag":[],"class_list":{"0":"post-417450","1":"product","2":"type-product","3":"status-publish","4":"has-post-thumbnail","6":"product_brand-rukka","7":"product_cat-abbigliamento","8":"product_cat-abbigliamento-per-il-tempo-libero","9":"product_cat-abbigliamento-da-uomo","11":"first","12":"instock","13":"shipping-taxable","14":"purchasable","15":"product-type-variable"},"_links":{"self":[{"href":"https:\/\/lucacastelli.com\/fr\/wp-json\/wp\/v2\/product\/417450","targetHints":{"allow":["GET"]}}],"collection":[{"href":"https:\/\/lucacastelli.com\/fr\/wp-json\/wp\/v2\/product"}],"about":[{"href":"https:\/\/lucacastelli.com\/fr\/wp-json\/wp\/v2\/types\/product"}],"wp:featuredmedia":[{"embeddable":true,"href":"https:\/\/lucacastelli.com\/fr\/wp-json\/wp\/v2\/media\/65015"}],"wp:attachment":[{"href":"https:\/\/lucacastelli.com\/fr\/wp-json\/wp\/v2\/media?parent=417450"}],"wp:term":[{"taxonomy":"product_brand","embeddable":true,"href":"https:\/\/lucacastelli.com\/fr\/wp-json\/wp\/v2\/product_brand?post=417450"},{"taxonomy":"product_cat","embeddable":true,"href":"https:\/\/lucacastelli.com\/fr\/wp-json\/wp\/v2\/product_cat?post=417450"},{"taxonomy":"product_tag","embeddable":true,"href":"https:\/\/lucacastelli.com\/fr\/wp-json\/wp\/v2\/product_tag?post=417450"}],"curies":[{"name":"wp","href":"https:\/\/api.w.org\/{rel}","templated":true}]}}