{"id":417444,"date":"2022-06-10T13:51:27","date_gmt":"2022-06-10T11:51:27","guid":{"rendered":"https:\/\/lucacastelli.com\/prodotto\/rukka-jazz-herren-soft-shell-jacke\/"},"modified":"2025-07-29T18:38:48","modified_gmt":"2025-07-29T16:38:48","slug":"rukka-jazz-herren-soft-shell-jacke","status":"publish","type":"product","link":"https:\/\/lucacastelli.com\/fr\/produit\/rukka-jazz-herren-soft-shell-jacke\/","title":{"rendered":"RUKKA JAZZ Herren Soft Shell Jacke"},"content":{"rendered":"<p>Jazz. Cette veste softshell l\u00e9g\u00e8re est coupe-vent, respirante et \u00e9galement d\u00e9perlante. Il peut \u00eatre utilis\u00e9 de diff\u00e9rentes mani\u00e8res et convient aussi bien pour une promenade relaxante dans les bois, une randonn\u00e9e en montagne, comme veste de loisirs que pour une randonn\u00e9e de marche nordique anim\u00e9e.  <\/p>\n","protected":false},"excerpt":{"rendered":"<p>Jazz. Cette veste softshell l\u00e9g\u00e8re est coupe-vent, respirante et \u00e9galement d\u00e9perlante. Il peut \u00eatre utilis\u00e9 de diff\u00e9rentes mani\u00e8res et convient<\/p>\n","protected":false},"featured_media":64676,"template":"","meta":{"_seopress_robots_primary_cat":"","_seopress_titles_title":"","_seopress_titles_desc":"","_seopress_robots_index":""},"product_brand":[3673],"product_cat":[81,981,982],"product_tag":[],"class_list":{"0":"post-417444","1":"product","2":"type-product","3":"status-publish","4":"has-post-thumbnail","6":"product_brand-rukka-fr","7":"product_cat-vetements","8":"product_cat-vetements-de-loisirs","9":"product_cat-vetements-pour-hommes","10":"sws-gruppo-abb-libero-fr","11":"sws-categoria-sito-fr","12":"sws-conto-ricavi-merci-rivendita-abbigliamento-fr","13":"sws-gruppo-iva-iva81-fr","15":"first","16":"instock","17":"shipping-taxable","18":"purchasable","19":"product-type-variable"},"_links":{"self":[{"href":"https:\/\/lucacastelli.com\/fr\/wp-json\/wp\/v2\/product\/417444","targetHints":{"allow":["GET"]}}],"collection":[{"href":"https:\/\/lucacastelli.com\/fr\/wp-json\/wp\/v2\/product"}],"about":[{"href":"https:\/\/lucacastelli.com\/fr\/wp-json\/wp\/v2\/types\/product"}],"wp:featuredmedia":[{"embeddable":true,"href":"https:\/\/lucacastelli.com\/fr\/wp-json\/wp\/v2\/media\/64676"}],"wp:attachment":[{"href":"https:\/\/lucacastelli.com\/fr\/wp-json\/wp\/v2\/media?parent=417444"}],"wp:term":[{"taxonomy":"product_brand","embeddable":true,"href":"https:\/\/lucacastelli.com\/fr\/wp-json\/wp\/v2\/product_brand?post=417444"},{"taxonomy":"product_cat","embeddable":true,"href":"https:\/\/lucacastelli.com\/fr\/wp-json\/wp\/v2\/product_cat?post=417444"},{"taxonomy":"product_tag","embeddable":true,"href":"https:\/\/lucacastelli.com\/fr\/wp-json\/wp\/v2\/product_tag?post=417444"}],"curies":[{"name":"wp","href":"https:\/\/api.w.org\/{rel}","templated":true}]}}