{"id":417431,"date":"2022-06-10T11:45:23","date_gmt":"2022-06-10T09:45:23","guid":{"rendered":"https:\/\/lucacastelli.com\/prodotto\/rukka-motion-pantalon-herren\/"},"modified":"2025-07-29T18:39:31","modified_gmt":"2025-07-29T16:39:31","slug":"rukka-motion-pantalon-herren","status":"publish","type":"product","link":"https:\/\/lucacastelli.com\/fr\/produit\/rukka-motion-pantalon-herren\/","title":{"rendered":"RUKKA MOTION Pantalon Herren"},"content":{"rendered":"<p>Pantalon de mouvement. Vous n\u2019aurez plus envie d\u2019enlever les nouveaux pantalons d\u00e9contract\u00e9s de Motion, ils sont si confortables et parfaitement coup\u00e9s. Le tissu l\u00e9ger mais durable et extensible est agr\u00e9able au toucher et offre une libert\u00e9 de mouvement maximale.  <\/p>\n","protected":false},"excerpt":{"rendered":"<p>Pantalon de mouvement. Vous n\u2019aurez plus envie d\u2019enlever les nouveaux pantalons d\u00e9contract\u00e9s de Motion, ils sont si confortables et parfaitement<\/p>\n","protected":false},"featured_media":64520,"template":"","meta":{"_seopress_robots_primary_cat":"","_seopress_titles_title":"","_seopress_titles_desc":"","_seopress_robots_index":""},"product_brand":[3673],"product_cat":[81,981,982],"product_tag":[],"class_list":{"0":"post-417431","1":"product","2":"type-product","3":"status-publish","4":"has-post-thumbnail","6":"product_brand-rukka-fr","7":"product_cat-vetements","8":"product_cat-vetements-de-loisirs","9":"product_cat-vetements-pour-hommes","11":"first","12":"instock","13":"shipping-taxable","14":"purchasable","15":"product-type-variable"},"_links":{"self":[{"href":"https:\/\/lucacastelli.com\/fr\/wp-json\/wp\/v2\/product\/417431","targetHints":{"allow":["GET"]}}],"collection":[{"href":"https:\/\/lucacastelli.com\/fr\/wp-json\/wp\/v2\/product"}],"about":[{"href":"https:\/\/lucacastelli.com\/fr\/wp-json\/wp\/v2\/types\/product"}],"wp:featuredmedia":[{"embeddable":true,"href":"https:\/\/lucacastelli.com\/fr\/wp-json\/wp\/v2\/media\/64520"}],"wp:attachment":[{"href":"https:\/\/lucacastelli.com\/fr\/wp-json\/wp\/v2\/media?parent=417431"}],"wp:term":[{"taxonomy":"product_brand","embeddable":true,"href":"https:\/\/lucacastelli.com\/fr\/wp-json\/wp\/v2\/product_brand?post=417431"},{"taxonomy":"product_cat","embeddable":true,"href":"https:\/\/lucacastelli.com\/fr\/wp-json\/wp\/v2\/product_cat?post=417431"},{"taxonomy":"product_tag","embeddable":true,"href":"https:\/\/lucacastelli.com\/fr\/wp-json\/wp\/v2\/product_tag?post=417431"}],"curies":[{"name":"wp","href":"https:\/\/api.w.org\/{rel}","templated":true}]}}