{"id":417407,"date":"2022-06-10T11:39:31","date_gmt":"2022-06-10T09:39:31","guid":{"rendered":"https:\/\/lucacastelli.com\/prodotto\/rukka-windshield-windjacke-unisexe\/"},"modified":"2025-07-29T18:39:34","modified_gmt":"2025-07-29T16:39:34","slug":"rukka-windshield-windjacke-unisexe","status":"publish","type":"product","link":"https:\/\/lucacastelli.com\/fr\/produit\/rukka-windshield-windjacke-unisexe\/","title":{"rendered":"RUKKA WINDSHIELD Windjacke unisexe"},"content":{"rendered":"<p>Pare-brise. Emball\u00e9 petit, ce coupe-vent se glisse dans n\u2019importe quel sac \u00e0 dos et est toujours \u00e0 port\u00e9e de main lorsqu\u2019il y a du vent. Qu\u2019il s\u2019agisse d\u2019une descente rapide \u00e0 v\u00e9lo ou d\u2019une randonn\u00e9e venteuse.  <\/p>\n","protected":false},"excerpt":{"rendered":"<p>Pare-brise. Emball\u00e9 petit, ce coupe-vent se glisse dans n\u2019importe quel sac \u00e0 dos et est toujours \u00e0 port\u00e9e de main<\/p>\n","protected":false},"featured_media":64495,"template":"","meta":{"_seopress_robots_primary_cat":"","_seopress_titles_title":"","_seopress_titles_desc":"","_seopress_robots_index":""},"product_brand":[3673],"product_cat":[81,981,1387,982],"product_tag":[],"class_list":{"0":"post-417407","1":"product","2":"type-product","3":"status-publish","4":"has-post-thumbnail","6":"product_brand-rukka-fr","7":"product_cat-vetements","8":"product_cat-vetements-de-loisirs","9":"product_cat-vetements-pour-femmes","10":"product_cat-vetements-pour-hommes","11":"sws-gruppo-abb-libero-fr","12":"sws-categoria-sito-fr","13":"sws-conto-ricavi-merci-rivendita-abbigliamento-fr","14":"sws-gruppo-iva-iva81-fr","16":"first","17":"instock","18":"shipping-taxable","19":"purchasable","20":"product-type-variable"},"_links":{"self":[{"href":"https:\/\/lucacastelli.com\/fr\/wp-json\/wp\/v2\/product\/417407","targetHints":{"allow":["GET"]}}],"collection":[{"href":"https:\/\/lucacastelli.com\/fr\/wp-json\/wp\/v2\/product"}],"about":[{"href":"https:\/\/lucacastelli.com\/fr\/wp-json\/wp\/v2\/types\/product"}],"wp:featuredmedia":[{"embeddable":true,"href":"https:\/\/lucacastelli.com\/fr\/wp-json\/wp\/v2\/media\/64495"}],"wp:attachment":[{"href":"https:\/\/lucacastelli.com\/fr\/wp-json\/wp\/v2\/media?parent=417407"}],"wp:term":[{"taxonomy":"product_brand","embeddable":true,"href":"https:\/\/lucacastelli.com\/fr\/wp-json\/wp\/v2\/product_brand?post=417407"},{"taxonomy":"product_cat","embeddable":true,"href":"https:\/\/lucacastelli.com\/fr\/wp-json\/wp\/v2\/product_cat?post=417407"},{"taxonomy":"product_tag","embeddable":true,"href":"https:\/\/lucacastelli.com\/fr\/wp-json\/wp\/v2\/product_tag?post=417407"}],"curies":[{"name":"wp","href":"https:\/\/api.w.org\/{rel}","templated":true}]}}