{"id":417385,"date":"2025-02-22T17:28:51","date_gmt":"2025-02-22T16:28:51","guid":{"rendered":"https:\/\/lucacastelli.com\/prodotto\/eder-nutenfrase-kettenantriebeder\/"},"modified":"2025-06-28T22:33:41","modified_gmt":"2025-06-28T20:33:41","slug":"eder-nutenfrase-kettenantriebeder","status":"publish","type":"product","link":"https:\/\/lucacastelli.com\/fr\/produit\/eder-nutenfrase-kettenantriebeder\/","title":{"rendered":"Eder Nutenfr\u00e4se Kettenantriebeder"},"content":{"rendered":"<p>La d\u00e9fonceuse \u00e0 rainurer EDER est entra\u00een\u00e9e par une tron\u00e7onneuse normale. Il n\u2019est pas n\u00e9cessaire d\u2019apporter des modifications \u00e0 la tron\u00e7onneuse. Jusqu\u2019\u00e0 trois lames de 10 mm de largeur chacune peuvent \u00eatre mont\u00e9es, ce qui permet d\u2019obtenir une largeur de coupe de 10 \u00e0 30 mm. La profondeur de coupe est de 35 mm  <\/p>\n<p>La fraise est principalement utilis\u00e9e pour le fraisage de rainures et d\u2019\u00e9videments dans les surfaces en bois, par exemple dans la construction de maisons en bois, d\u2019aires de jeux pour enfants, la sculpture et de nombreuses autres applications. La t\u00eate de fraisage offre un taux d\u2019enl\u00e8vement de mati\u00e8re \u00e9lev\u00e9 avec un minimum d\u2019effort. <\/p>\n<p>Poids total : 1,8 kg (sans bloc moteur)<\/p>\n<p>Puissance d\u2019entra\u00eenement : min. 2,5 kW<\/p>\n<p>&nbsp;<\/p>\n<p>&nbsp;<\/p>\n<h3>Description<\/h3>\n<p>Types de lames :<\/p>\n<p>Largeur de la rainure de la lame 8 mm<\/p>\n<p>Stihl 170\/180\/211\/231\/241\/251 &#8221;<\/p>\n<p>Husqvarna 340\/345\/346\/350\/353\/357\/362\/242\/254\/435\/440\/543\/545\/545II\/550\/550II\/560<\/p>\n<p>Dolmar PS-460 \/ PS-4600 \/ PS-500 \/ PS-5000 \/ PS-5105 \/ PS-6100<\/p>\n<p>Largeur de la rainure de la lame 12 mm<\/p>\n<p>Stihl 240\/260\/261\/362\/440\/441\/442\/462\/500\/660\/661<\/p>\n<p>Husqvarna 365\/372\/385\/390\/395\/562\/570\/572\/575\/576<\/p>\n<p>Dolmar PS-6400 \/ PS-7300 \/ PS-7310 \/ PS-7900 \/ PS-7910<\/p>\n<p>Disques suppl\u00e9mentaires de remplacement pour la machine \u00e0 rainurer Eder<\/p>\n","protected":false},"excerpt":{"rendered":"<p>La d\u00e9fonceuse \u00e0 rainurer EDER est entra\u00een\u00e9e par une tron\u00e7onneuse normale. Il n\u2019est pas n\u00e9cessaire d\u2019apporter des modifications \u00e0 la<\/p>\n","protected":false},"featured_media":102599,"template":"","meta":{"_seopress_robots_primary_cat":"","_seopress_titles_title":"","_seopress_titles_desc":"","_seopress_robots_index":""},"product_brand":[3627],"product_cat":[1642,167,1604],"product_tag":[],"class_list":{"0":"post-417385","1":"product","2":"type-product","3":"status-publish","4":"has-post-thumbnail","6":"product_brand-eder-fr","7":"product_cat-accessoires-et-consommables-fr-5","8":"product_cat-machines","9":"product_cat-tronconneuses","10":"sws-gruppo-macchinari","11":"sws-categoria-sito","12":"sws-conto-ricavi-merci-rivendita-macchinari","13":"sws-gruppo-iva-iva81","15":"first","16":"instock","17":"sale","18":"shipping-taxable","19":"purchasable","20":"product-type-variable"},"_links":{"self":[{"href":"https:\/\/lucacastelli.com\/fr\/wp-json\/wp\/v2\/product\/417385","targetHints":{"allow":["GET"]}}],"collection":[{"href":"https:\/\/lucacastelli.com\/fr\/wp-json\/wp\/v2\/product"}],"about":[{"href":"https:\/\/lucacastelli.com\/fr\/wp-json\/wp\/v2\/types\/product"}],"wp:featuredmedia":[{"embeddable":true,"href":"https:\/\/lucacastelli.com\/fr\/wp-json\/wp\/v2\/media\/102599"}],"wp:attachment":[{"href":"https:\/\/lucacastelli.com\/fr\/wp-json\/wp\/v2\/media?parent=417385"}],"wp:term":[{"taxonomy":"product_brand","embeddable":true,"href":"https:\/\/lucacastelli.com\/fr\/wp-json\/wp\/v2\/product_brand?post=417385"},{"taxonomy":"product_cat","embeddable":true,"href":"https:\/\/lucacastelli.com\/fr\/wp-json\/wp\/v2\/product_cat?post=417385"},{"taxonomy":"product_tag","embeddable":true,"href":"https:\/\/lucacastelli.com\/fr\/wp-json\/wp\/v2\/product_tag?post=417385"}],"curies":[{"name":"wp","href":"https:\/\/api.w.org\/{rel}","templated":true}]}}