{"id":417384,"date":"2025-02-22T17:44:11","date_gmt":"2025-02-22T16:44:11","guid":{"rendered":"https:\/\/lucacastelli.com\/prodotto\/eder-schalgerat-kettenantriebeder\/"},"modified":"2025-06-28T22:33:37","modified_gmt":"2025-06-28T20:33:37","slug":"eder-schalgerat-kettenantriebeder","status":"publish","type":"product","link":"https:\/\/lucacastelli.com\/fr\/produit\/eder-schalgerat-kettenantriebeder\/","title":{"rendered":"Eder Sch\u00e4lger\u00e4t Kettenantriebeder"},"content":{"rendered":"<p>L\u2019\u00e9cor\u00e7euse EDER est l\u2019outil de choix pour l\u2019\u00e9corcage des grumes de toute \u00e9paisseur. Plus l\u2019\u00e9corce est \u00e9paisse et dure, moins il devient co\u00fbteux de travailler avec cet appareil. Les goupilles en carbure dispos\u00e9es directement derri\u00e8re les lames sont con\u00e7ues de mani\u00e8re \u00e0 maintenir la distance entre les lames d\u2019\u00e9cor\u00e7age et le tronc, quelle que soit l\u2019\u00e9paisseur de l\u2019\u00e9corce \u00e0 la surface du tronc. Les branches fines et les brindilles sont coup\u00e9es facilement et proprement.   <\/p>\n<p>Eder propose d\u00e9sormais \u00e9galement une transmission par cha\u00eene. De cette fa\u00e7on, la tron\u00e7onneuse peut \u00eatre facilement convertie. <\/p>\n<p>Poids sans moteur 2,5 kg<\/p>\n<p>Puissance du moteur min. 1,2 kW<\/p>\n<p>Largeur de travail 120 mm<\/p>\n<p>Largeur de la lame 30 mm<\/p>\n<p>Nombre de lames 4<\/p>\n<h3>Description<\/h3>\n<p>&nbsp;<\/p>\n<p>&nbsp;<\/p>\n<p>&nbsp;<\/p>\n<p>Types de lames :<\/p>\n<p>Largeur de la rainure de la lame 8 mm<\/p>\n<p>Stihl 170\/180\/211\/231\/241\/251 &#8221;<\/p>\n<p>Husqvarna 340\/345\/346\/350\/353\/357\/362\/242\/254\/435\/440\/543\/545\/545II\/550\/550II\/560<\/p>\n<p>Dolmar PS-460 \/ PS-4600 \/ PS-500 \/ PS-5000 \/ PS-5105 \/ PS-6100<\/p>\n<p>Largeur de la rainure de la lame 12 mm<\/p>\n<p>Stihl 240\/260\/261\/362\/440\/441\/442\/462\/500\/660\/661<\/p>\n<p>Husqvarna 365\/372\/385\/390\/395\/562\/570\/572\/575\/576<\/p>\n<p>Dolmar PS-6400 \/ PS-7300 \/ PS-7310 \/ PS-7900 \/ PS-7910<\/p>\n","protected":false},"excerpt":{"rendered":"<p>L\u2019\u00e9cor\u00e7euse EDER est l\u2019outil de choix pour l\u2019\u00e9corcage des grumes de toute \u00e9paisseur. Plus l\u2019\u00e9corce est \u00e9paisse et dure, moins<\/p>\n","protected":false},"featured_media":102629,"template":"","meta":{"_seopress_robots_primary_cat":"","_seopress_titles_title":"","_seopress_titles_desc":"","_seopress_robots_index":""},"product_brand":[3627],"product_cat":[1642,167,1604],"product_tag":[],"class_list":{"0":"post-417384","1":"product","2":"type-product","3":"status-publish","4":"has-post-thumbnail","6":"product_brand-eder-fr","7":"product_cat-accessoires-et-consommables-fr-5","8":"product_cat-machines","9":"product_cat-tronconneuses","10":"sws-gruppo-macchinari","11":"sws-categoria-sito","12":"sws-conto-ricavi-merci-rivendita-macchinari","13":"sws-gruppo-iva-iva81","15":"first","16":"instock","17":"sale","18":"shipping-taxable","19":"purchasable","20":"product-type-variable"},"_links":{"self":[{"href":"https:\/\/lucacastelli.com\/fr\/wp-json\/wp\/v2\/product\/417384","targetHints":{"allow":["GET"]}}],"collection":[{"href":"https:\/\/lucacastelli.com\/fr\/wp-json\/wp\/v2\/product"}],"about":[{"href":"https:\/\/lucacastelli.com\/fr\/wp-json\/wp\/v2\/types\/product"}],"wp:featuredmedia":[{"embeddable":true,"href":"https:\/\/lucacastelli.com\/fr\/wp-json\/wp\/v2\/media\/102629"}],"wp:attachment":[{"href":"https:\/\/lucacastelli.com\/fr\/wp-json\/wp\/v2\/media?parent=417384"}],"wp:term":[{"taxonomy":"product_brand","embeddable":true,"href":"https:\/\/lucacastelli.com\/fr\/wp-json\/wp\/v2\/product_brand?post=417384"},{"taxonomy":"product_cat","embeddable":true,"href":"https:\/\/lucacastelli.com\/fr\/wp-json\/wp\/v2\/product_cat?post=417384"},{"taxonomy":"product_tag","embeddable":true,"href":"https:\/\/lucacastelli.com\/fr\/wp-json\/wp\/v2\/product_tag?post=417384"}],"curies":[{"name":"wp","href":"https:\/\/api.w.org\/{rel}","templated":true}]}}