{"id":417368,"date":"2025-02-22T10:29:57","date_gmt":"2025-02-22T09:29:57","guid":{"rendered":"https:\/\/lucacastelli.com\/prodotto\/petzl-rescucendereder\/"},"modified":"2025-06-29T02:21:58","modified_gmt":"2025-06-29T00:21:58","slug":"petzl-rescucendereder","status":"publish","type":"product","link":"https:\/\/lucacastelli.com\/fr\/produit\/petzl-rescucendereder\/","title":{"rendered":"PETZL RESCUCENDEReder"},"content":{"rendered":"<p class=\"productSubtitle\">Bloqueur avec came d\u2019ouverture<\/p>\n<div class=\"productCaracteristiquesPosition inlineblock\">\n<p class=\"productCaracteristiques inlineblock\">Simple d\u2019utilisation et ergonomique, RESCUCENDER est un bloqueur \u00e0 came d\u2019ouverture destin\u00e9 \u00e0 \u00eatre utilis\u00e9 en r\u00e9cup\u00e9ration comme syst\u00e8me de traction ou anti-retour.<\/p>\n<\/div>\n<h3>Description d\u00e9taill\u00e9e<\/h3>\n<div class=\"list\">\n<ul>\n<li>Con\u00e7u pour \u00eatre utilis\u00e9 dans le transport comme syst\u00e8me de traction ou d\u2019arr\u00eat.<\/li>\n<li>Simple d\u2019utilisation et ergonomique :<br \/>\n&#8211; came amovible pour installer ou retirer le bloqueur en n\u2019importe quel point de la corde,<br \/>\n&#8211; leviers ind\u00e9pendants de chaque c\u00f4t\u00e9 de l\u2019appareil, pour une ouverture facile r\u00e9duisant le risque d\u2019ouverture involontaire. Ces leviers sont \u00e9quip\u00e9s d\u2019un indicateur de non-verrouillage.<br \/>\n&#8211; came int\u00e9gr\u00e9e au corps de l\u2019appareil pour faciliter son utilisation,<br \/>\n&#8211; grand trou de connexion pour faciliter la rotation du mousqueton,<br \/>\n&#8211; ressort de came int\u00e9gr\u00e9 pour \u00e9viter tout accrochage involontaire et augmenter la durabilit\u00e9. <\/li>\n<\/ul>\n<\/div>\n<h3>Sp\u00e9cifique<\/h3>\n<div class=\"list\">\n<ul>\n<li>Mat\u00e9riaux : aluminium, acier inoxydable, polyamide<\/li>\n<li>Poids : 260 g<\/li>\n<li>Certification(s) : &#8211; CE EN 567, UKCA lorsqu\u2019il est utilis\u00e9 avec une corde de 9 \u00e0 13 mm &#8211; XF 494 : FZL-Z-Q lorsqu\u2019il est utilis\u00e9 avec une corde de 9,5 \u00e0 13 mm<\/li>\n<li>Certification(s) : CE EN 12841 type B, NFPA 2500 Technical Use, EAC lorsqu\u2019il est utilis\u00e9 avec une corde de 10 \u00e0 13 mm<\/li>\n<\/ul>\n<p>&nbsp;<\/p>\n<\/div>\n<table>\n<tbody>\n<tr>\n<th class=\"rowTitle\">Num\u00e9ros d\u2019article<\/th>\n<th>B50A<\/th>\n<\/tr>\n<tr>\n<td class=\"rowTitle\">Garantie<\/td>\n<td>3 ans<\/td>\n<\/tr>\n<tr>\n<td class=\"rowTitle\">Emballage<\/td>\n<td>1<\/td>\n<\/tr>\n<\/tbody>\n<\/table>\n","protected":false},"excerpt":{"rendered":"<p>Bloqueur avec came d\u2019ouverture Simple d\u2019utilisation et ergonomique, RESCUCENDER est un bloqueur \u00e0 came d\u2019ouverture destin\u00e9 \u00e0 \u00eatre utilis\u00e9 en<\/p>\n","protected":false},"featured_media":102590,"template":"","meta":{"_seopress_robots_primary_cat":"","_seopress_titles_title":"","_seopress_titles_desc":"","_seopress_robots_index":""},"product_brand":[3446],"product_cat":[33,537,814],"product_tag":[],"class_list":{"0":"post-417368","1":"product","2":"type-product","3":"status-publish","4":"has-post-thumbnail","6":"product_brand-petzl","7":"product_cat-attrezzature","8":"product_cat-attrezzatura-da-lavoro","9":"product_cat-imbraghi-e-materiale-di-sicurezza","10":"sws-gruppo-attrezz-fr","11":"sws-categoria-sito-fr","12":"sws-conto-ricavi-merci-rivendita-abbigliamento-fr","13":"sws-gruppo-iva-iva81-fr","15":"first","16":"instock","17":"shipping-taxable","18":"purchasable","19":"product-type-simple"},"_links":{"self":[{"href":"https:\/\/lucacastelli.com\/fr\/wp-json\/wp\/v2\/product\/417368","targetHints":{"allow":["GET"]}}],"collection":[{"href":"https:\/\/lucacastelli.com\/fr\/wp-json\/wp\/v2\/product"}],"about":[{"href":"https:\/\/lucacastelli.com\/fr\/wp-json\/wp\/v2\/types\/product"}],"wp:featuredmedia":[{"embeddable":true,"href":"https:\/\/lucacastelli.com\/fr\/wp-json\/wp\/v2\/media\/102590"}],"wp:attachment":[{"href":"https:\/\/lucacastelli.com\/fr\/wp-json\/wp\/v2\/media?parent=417368"}],"wp:term":[{"taxonomy":"product_brand","embeddable":true,"href":"https:\/\/lucacastelli.com\/fr\/wp-json\/wp\/v2\/product_brand?post=417368"},{"taxonomy":"product_cat","embeddable":true,"href":"https:\/\/lucacastelli.com\/fr\/wp-json\/wp\/v2\/product_cat?post=417368"},{"taxonomy":"product_tag","embeddable":true,"href":"https:\/\/lucacastelli.com\/fr\/wp-json\/wp\/v2\/product_tag?post=417368"}],"curies":[{"name":"wp","href":"https:\/\/api.w.org\/{rel}","templated":true}]}}