{"id":417356,"date":"2025-02-22T10:16:04","date_gmt":"2025-02-22T09:16:04","guid":{"rendered":"https:\/\/lucacastelli.com\/prodotto\/eder-konturhobel-kettenantriebeder\/"},"modified":"2025-06-28T22:33:32","modified_gmt":"2025-06-28T20:33:32","slug":"eder-konturhobel-kettenantriebeder","status":"publish","type":"product","link":"https:\/\/lucacastelli.com\/fr\/produit\/eder-konturhobel-kettenantriebeder\/","title":{"rendered":"Eder Konturhobel Kettenantriebeder"},"content":{"rendered":"<p>Avec la raboteuse fa\u00e7onn\u00e9e, vous pouvez cr\u00e9er des surfaces en bois droites et ondul\u00e9es. La raboteuse profil\u00e9e \u00e0 entra\u00eenement par cha\u00eene est souvent utilis\u00e9e dans la construction de maisons en bois, d\u2019aires de jeux pour enfants, de cl\u00f4tures et de projets similaires. <\/p>\n<p>Les couteaux r\u00e9glables emp\u00eachent l\u2019\u00e9clatement du bois. \u00c9tant donn\u00e9 qu\u2019une seule coupe est effectu\u00e9e sur la largeur de travail avec un tour de rouleau, les forces de r\u00e9action sont r\u00e9duites. Les branches fines et les brindilles sont rabot\u00e9es facilement et proprement.  <\/p>\n<p>Poids (sans moteur) 2,75 kg<\/p>\n<p>Puissance du moteur min. 1,2 kW<\/p>\n<p>Largeur de travail 120 mm<\/p>\n<p>Largeur de la lame 30 mm<\/p>\n<p>Nombre de couteaux 4<\/p>\n<p>&nbsp;<\/p>\n<p>&nbsp;<\/p>\n<h3>Description<\/h3>\n<p>Types d\u2019\u00e9p\u00e9es :<\/p>\n<p>Largeur de la rainure de la lame 8 mm<\/p>\n<p>Stihl 170\/180\/211\/231\/241\/251 &#8221;<\/p>\n<p>Husqvarna 340\/345\/346\/350\/353\/357\/362\/242\/254\/435\/440\/543\/545\/545II\/550\/550II\/560<\/p>\n<p>Dolmar PS-460 \/ PS-4600 \/ PS-500 \/ PS-5000 \/ PS-5105 \/ PS-6100<\/p>\n<p>Largeur de la rainure de la lame 12 mm<\/p>\n<p>Stihl 240\/260\/261\/362\/440\/441\/442\/462\/500\/660\/661<\/p>\n<p>Husqvarna 365\/372\/385\/390\/395\/562\/570\/572\/575\/576<\/p>\n<p>Dolmar PS-6400 \/ PS-7300 \/ PS-7310 \/ PS-7900 \/ PS-7910<\/p>\n<p>&nbsp;<\/p>\n<p>&nbsp;<\/p>\n<p>&nbsp;<\/p>\n","protected":false},"excerpt":{"rendered":"<p>Avec la raboteuse fa\u00e7onn\u00e9e, vous pouvez cr\u00e9er des surfaces en bois droites et ondul\u00e9es. La raboteuse profil\u00e9e \u00e0 entra\u00eenement par<\/p>\n","protected":false},"featured_media":102576,"template":"","meta":{"_seopress_robots_primary_cat":"","_seopress_titles_title":"","_seopress_titles_desc":"","_seopress_robots_index":""},"product_brand":[3417],"product_cat":[29,268,297],"product_tag":[],"class_list":{"0":"post-417356","1":"product","2":"type-product","3":"status-publish","4":"has-post-thumbnail","6":"product_brand-eder","7":"product_cat-macchinari","8":"product_cat-motoseghe","9":"product_cat-accessori-e-materiale-di-consumo-sistemi-kombi-e-multi","10":"sws-gruppo-macchinari-fr","11":"sws-categoria-sito-fr","12":"sws-conto-ricavi-merci-rivendita-macchinari-fr","13":"sws-gruppo-iva-iva81-fr","15":"first","16":"instock","17":"sale","18":"shipping-taxable","19":"purchasable","20":"product-type-variable"},"_links":{"self":[{"href":"https:\/\/lucacastelli.com\/fr\/wp-json\/wp\/v2\/product\/417356","targetHints":{"allow":["GET"]}}],"collection":[{"href":"https:\/\/lucacastelli.com\/fr\/wp-json\/wp\/v2\/product"}],"about":[{"href":"https:\/\/lucacastelli.com\/fr\/wp-json\/wp\/v2\/types\/product"}],"wp:featuredmedia":[{"embeddable":true,"href":"https:\/\/lucacastelli.com\/fr\/wp-json\/wp\/v2\/media\/102576"}],"wp:attachment":[{"href":"https:\/\/lucacastelli.com\/fr\/wp-json\/wp\/v2\/media?parent=417356"}],"wp:term":[{"taxonomy":"product_brand","embeddable":true,"href":"https:\/\/lucacastelli.com\/fr\/wp-json\/wp\/v2\/product_brand?post=417356"},{"taxonomy":"product_cat","embeddable":true,"href":"https:\/\/lucacastelli.com\/fr\/wp-json\/wp\/v2\/product_cat?post=417356"},{"taxonomy":"product_tag","embeddable":true,"href":"https:\/\/lucacastelli.com\/fr\/wp-json\/wp\/v2\/product_tag?post=417356"}],"curies":[{"name":"wp","href":"https:\/\/api.w.org\/{rel}","templated":true}]}}