{"id":417337,"date":"2025-02-22T09:41:59","date_gmt":"2025-02-22T08:41:59","guid":{"rendered":"https:\/\/lucacastelli.com\/prodotto\/eder-augenfraser-set-7-teiligeder\/"},"modified":"2025-07-07T13:51:48","modified_gmt":"2025-07-07T11:51:48","slug":"eder-augenfraser-set-7-teiligeder","status":"publish","type":"product","link":"https:\/\/lucacastelli.com\/fr\/produit\/eder-augenfraser-set-7-teiligeder\/","title":{"rendered":"Lot de 7 coupe-\u0153illets diff\u00e9rents"},"content":{"rendered":"<p>Le kit de coupe-\u0153illets Eder se compose de 7 coupe-\u0153illets diff\u00e9rents de diff\u00e9rents diam\u00e8tres \u00e0 monter sur des machines telles que Dremel, des meuleuses droites ou des tournevis sans fil plus grands. Les diam\u00e8tres vont de 10 mm \u00e0 40 mm et peuvent \u00eatre mont\u00e9s sur ces machines avec la pince de serrage correspondante de 6 mm. <\/p>\n","protected":false},"excerpt":{"rendered":"<p>Le kit de coupe-\u0153illets Eder se compose de 7 coupe-\u0153illets diff\u00e9rents de diff\u00e9rents diam\u00e8tres \u00e0 monter sur des machines telles<\/p>\n","protected":false},"featured_media":102545,"template":"","meta":{"_seopress_robots_primary_cat":"none","_seopress_titles_title":"","_seopress_titles_desc":"","_seopress_robots_index":""},"product_brand":[3417],"product_cat":[29,268,297],"product_tag":[],"class_list":{"0":"post-417337","1":"product","2":"type-product","3":"status-publish","4":"has-post-thumbnail","6":"product_brand-eder","7":"product_cat-macchinari","8":"product_cat-motoseghe","9":"product_cat-accessori-e-materiale-di-consumo-sistemi-kombi-e-multi","10":"sws-gruppo-macchinari-fr","11":"sws-categoria-sito-fr","12":"sws-conto-ricavi-merci-rivendita-macchinari-fr","13":"sws-gruppo-iva-iva81-fr","15":"first","16":"instock","17":"sale","18":"shipping-taxable","19":"purchasable","20":"product-type-simple"},"_links":{"self":[{"href":"https:\/\/lucacastelli.com\/fr\/wp-json\/wp\/v2\/product\/417337","targetHints":{"allow":["GET"]}}],"collection":[{"href":"https:\/\/lucacastelli.com\/fr\/wp-json\/wp\/v2\/product"}],"about":[{"href":"https:\/\/lucacastelli.com\/fr\/wp-json\/wp\/v2\/types\/product"}],"wp:featuredmedia":[{"embeddable":true,"href":"https:\/\/lucacastelli.com\/fr\/wp-json\/wp\/v2\/media\/102545"}],"wp:attachment":[{"href":"https:\/\/lucacastelli.com\/fr\/wp-json\/wp\/v2\/media?parent=417337"}],"wp:term":[{"taxonomy":"product_brand","embeddable":true,"href":"https:\/\/lucacastelli.com\/fr\/wp-json\/wp\/v2\/product_brand?post=417337"},{"taxonomy":"product_cat","embeddable":true,"href":"https:\/\/lucacastelli.com\/fr\/wp-json\/wp\/v2\/product_cat?post=417337"},{"taxonomy":"product_tag","embeddable":true,"href":"https:\/\/lucacastelli.com\/fr\/wp-json\/wp\/v2\/product_tag?post=417337"}],"curies":[{"name":"wp","href":"https:\/\/api.w.org\/{rel}","templated":true}]}}