{"id":417332,"date":"2025-02-22T10:02:18","date_gmt":"2025-02-22T09:02:18","guid":{"rendered":"https:\/\/lucacastelli.com\/prodotto\/eder-rundburste-kettenantriebeder\/"},"modified":"2025-06-28T22:33:19","modified_gmt":"2025-06-28T20:33:19","slug":"eder-rundburste-kettenantriebeder","status":"publish","type":"product","link":"https:\/\/lucacastelli.com\/fr\/produit\/eder-rundburste-kettenantriebeder\/","title":{"rendered":"Eder Rundb\u00fcrste Kettenantriebeder"},"content":{"rendered":"<p>La brosse ronde d\u2019EDER est entra\u00een\u00e9e par une tron\u00e7onneuse. Il convient au brossage des surfaces en bois ainsi que des surfaces m\u00e9talliques peintes et rouill\u00e9es. Le rouleau de brosse est plac\u00e9 \u00e0 pleine vitesse sur la surface \u00e0 poncer et glisse en douceur sans pression sur la surface \u00e0 brosser.  <\/p>\n<p>Poids sans moteur 2,0 kg<\/p>\n<p>Puissance du moteur min. 1,2 kW<\/p>\n<p>Largeur de travail 100 mm<\/p>\n<p>Diam\u00e8tre de la brosse 80 mm<\/p>\n<p>Poils en acier :<\/p>\n<p>Diam\u00e8tre du fil 0,3 mm<\/p>\n<p>&nbsp;<\/p>\n<p>&nbsp;<\/p>\n<h3>Description<\/h3>\n<p>Types de lames :<\/p>\n<p>Largeur de la rainure de la lame 8 mm<\/p>\n<p>Stihl 170\/180\/211\/231\/241\/251 &#8221;<\/p>\n<p>Husqvarna 340\/345\/346\/350\/353\/357\/362\/242\/254\/435\/440\/543\/545\/545II\/550\/550II\/560<\/p>\n<p>Dolmar PS-460 \/ PS-4600 \/ PS-500 \/ PS-5000 \/ PS-5105 \/ PS-6100<\/p>\n<p>Largeur de la rainure de la lame 12 mm<\/p>\n<p>Stihl 240\/260\/261\/362\/440\/441\/442\/462\/500\/660\/661<\/p>\n<p>Husqvarna 365\/372\/385\/390\/395\/562\/570\/572\/575\/576<\/p>\n<p>Dolmar PS-6400 \/ PS-7300 \/ PS-7310 \/ PS-7900 \/ PS-7910<\/p>\n","protected":false},"excerpt":{"rendered":"<p>La brosse ronde d\u2019EDER est entra\u00een\u00e9e par une tron\u00e7onneuse. Il convient au brossage des surfaces en bois ainsi que des<\/p>\n","protected":false},"featured_media":102555,"template":"","meta":{"_seopress_robots_primary_cat":"","_seopress_titles_title":"","_seopress_titles_desc":"","_seopress_robots_index":""},"product_brand":[3417],"product_cat":[29,268,297],"product_tag":[],"class_list":{"0":"post-417332","1":"product","2":"type-product","3":"status-publish","4":"has-post-thumbnail","6":"product_brand-eder","7":"product_cat-macchinari","8":"product_cat-motoseghe","9":"product_cat-accessori-e-materiale-di-consumo-sistemi-kombi-e-multi","10":"sws-gruppo-macchinari-fr","11":"sws-categoria-sito-fr","12":"sws-conto-ricavi-merci-rivendita-macchinari-fr","13":"sws-gruppo-iva-iva81-fr","15":"first","16":"instock","17":"sale","18":"shipping-taxable","19":"purchasable","20":"product-type-variable"},"_links":{"self":[{"href":"https:\/\/lucacastelli.com\/fr\/wp-json\/wp\/v2\/product\/417332","targetHints":{"allow":["GET"]}}],"collection":[{"href":"https:\/\/lucacastelli.com\/fr\/wp-json\/wp\/v2\/product"}],"about":[{"href":"https:\/\/lucacastelli.com\/fr\/wp-json\/wp\/v2\/types\/product"}],"wp:featuredmedia":[{"embeddable":true,"href":"https:\/\/lucacastelli.com\/fr\/wp-json\/wp\/v2\/media\/102555"}],"wp:attachment":[{"href":"https:\/\/lucacastelli.com\/fr\/wp-json\/wp\/v2\/media?parent=417332"}],"wp:term":[{"taxonomy":"product_brand","embeddable":true,"href":"https:\/\/lucacastelli.com\/fr\/wp-json\/wp\/v2\/product_brand?post=417332"},{"taxonomy":"product_cat","embeddable":true,"href":"https:\/\/lucacastelli.com\/fr\/wp-json\/wp\/v2\/product_cat?post=417332"},{"taxonomy":"product_tag","embeddable":true,"href":"https:\/\/lucacastelli.com\/fr\/wp-json\/wp\/v2\/product_tag?post=417332"}],"curies":[{"name":"wp","href":"https:\/\/api.w.org\/{rel}","templated":true}]}}