{"id":417322,"date":"2025-02-21T14:22:57","date_gmt":"2025-02-21T13:22:57","guid":{"rendered":"https:\/\/lucacastelli.com\/prodotto\/eder-troghohler-kettenantriebeder\/"},"modified":"2025-06-28T22:33:18","modified_gmt":"2025-06-28T20:33:18","slug":"eder-troghohler-kettenantriebeder","status":"publish","type":"product","link":"https:\/\/lucacastelli.com\/fr\/produit\/eder-troghohler-kettenantriebeder\/","title":{"rendered":"Eder Trogh\u00f6hler Kettenantriebeder"},"content":{"rendered":"<p><b>L\u2019EDER Trogh\u00f6hler Kettenantrieb ETH-C<\/b> convient au fraisage d\u2019\u00e9videments dans le bois. Il peut \u00eatre utilis\u00e9 pour la fabrication d\u2019auges, pour des travaux sculpturaux ou m\u00eame pour la chirurgie des arbres, et pour le fraisage de troncs d\u2019arbres. La disposition des lames de scie circulaire permet d\u2019usiner la t\u00eate de fraisage dans les directions longitudinale et transversale. Le foret amovible r\u00e9glable en continu sur la face inf\u00e9rieure du support de t\u00eate de toupie p\u00e9n\u00e8tre dans le bois et absorbe la plupart des forces de coupe. Cela permet un taux d\u2019enl\u00e8vement \u00e9lev\u00e9 par unit\u00e9 de temps.    <\/p>\n<p><b>Poids :<\/b> 2,3 kg<\/p>\n<p><b>Puissance d\u2019entra\u00eenement min. :<\/b> 2,7 kW \/ 3,7 ch<\/p>\n<p><b>Diam\u00e8tre du rouleau de fraisage :<\/b> 100 mm<\/p>\n<p><b>Largeur de travail :<\/b> 54 mm<\/p>\n<p><b>Nombre de lames :<\/b> 4<\/p>\n<p>Un <b>pas de 3\/8&nbsp;\u00bb ou 325&nbsp;\u00bb<\/b> est requis pour le montage sur les tron\u00e7onneuses. Veuillez l\u2019indiquer dans votre demande via le formulaire. <\/p>\n<p>&nbsp;<\/p>\n<p>&nbsp;<\/p>\n<p>&nbsp;<\/p>\n<h3>Description<\/h3>\n<p><b>L\u2019EDER Trogh\u00f6hler Kettenantrieb ETH-C<\/b> convient au fraisage d\u2019\u00e9videments dans le bois.<\/p>\n<p>Prix sans scie<\/p>\n<p>Le montage est possible pour les <b>mod\u00e8les Oregon<\/b> suivants disponibles :<\/p>\n<p>avec 8 mm : K041 ; K095&nbsp;; A095 et A074<\/p>\n<p>avec 12 mm : D025 et D009<\/p>\n<p>Un <b>pas de 3\/8&nbsp;\u00bb ou 325&nbsp;\u00bb<\/b> est requis pour le montage sur les tron\u00e7onneuses. Veuillez l\u2019indiquer dans votre demande via le formulaire. <\/p>\n<p>Les accessoires ne sont pas <b>compatibles avec<\/b> les tron\u00e7onneuses \u00e0 pignons\/plateaux 3\/8 LP, 3\/8 Micro, 3\/8 Hobby, 3\/8Picco, 325 MicroLite, etc. Des pignons\/plateaux alternatifs de 3\/8&nbsp;\u00bb ou 325&nbsp;\u00bb sont disponibles pour certains mod\u00e8les de tron\u00e7onneuses.<\/p>\n","protected":false},"excerpt":{"rendered":"<p>L\u2019EDER Trogh\u00f6hler Kettenantrieb ETH-C convient au fraisage d\u2019\u00e9videments dans le bois. Il peut \u00eatre utilis\u00e9 pour la fabrication d\u2019auges, pour<\/p>\n","protected":false},"featured_media":102529,"template":"","meta":{"_seopress_robots_primary_cat":"","_seopress_titles_title":"","_seopress_titles_desc":"","_seopress_robots_index":""},"product_brand":[3627],"product_cat":[167,1604,1642],"product_tag":[],"class_list":{"0":"post-417322","1":"product","2":"type-product","3":"status-publish","4":"has-post-thumbnail","6":"product_brand-eder-fr","7":"product_cat-machines","8":"product_cat-tronconneuses","9":"product_cat-accessoires-et-consommables-fr-5","10":"sws-gruppo-macchinari-fr","11":"sws-categoria-sito-fr","12":"sws-conto-ricavi-merci-rivendita-abbigliamento-fr","13":"sws-gruppo-iva-iva81-fr","15":"first","16":"instock","17":"sale","18":"shipping-taxable","19":"purchasable","20":"product-type-variable"},"_links":{"self":[{"href":"https:\/\/lucacastelli.com\/fr\/wp-json\/wp\/v2\/product\/417322","targetHints":{"allow":["GET"]}}],"collection":[{"href":"https:\/\/lucacastelli.com\/fr\/wp-json\/wp\/v2\/product"}],"about":[{"href":"https:\/\/lucacastelli.com\/fr\/wp-json\/wp\/v2\/types\/product"}],"wp:featuredmedia":[{"embeddable":true,"href":"https:\/\/lucacastelli.com\/fr\/wp-json\/wp\/v2\/media\/102529"}],"wp:attachment":[{"href":"https:\/\/lucacastelli.com\/fr\/wp-json\/wp\/v2\/media?parent=417322"}],"wp:term":[{"taxonomy":"product_brand","embeddable":true,"href":"https:\/\/lucacastelli.com\/fr\/wp-json\/wp\/v2\/product_brand?post=417322"},{"taxonomy":"product_cat","embeddable":true,"href":"https:\/\/lucacastelli.com\/fr\/wp-json\/wp\/v2\/product_cat?post=417322"},{"taxonomy":"product_tag","embeddable":true,"href":"https:\/\/lucacastelli.com\/fr\/wp-json\/wp\/v2\/product_tag?post=417322"}],"curies":[{"name":"wp","href":"https:\/\/api.w.org\/{rel}","templated":true}]}}