{"id":417303,"date":"2025-02-21T14:14:35","date_gmt":"2025-02-21T13:14:35","guid":{"rendered":"https:\/\/lucacastelli.com\/prodotto\/eder-rundhobel-kettenantriebeder\/"},"modified":"2025-06-28T22:33:03","modified_gmt":"2025-06-28T20:33:03","slug":"eder-rundhobel-kettenantriebeder","status":"publish","type":"product","link":"https:\/\/lucacastelli.com\/fr\/produit\/eder-rundhobel-kettenantriebeder\/","title":{"rendered":"Eder Rundhobel Kettenantriebeder"},"content":{"rendered":"<p>La raboteuse circulaire EDER avec entra\u00eenement par cha\u00eene est id\u00e9ale pour raboter des surfaces rondes en bois jusqu\u2019\u00e0 un diam\u00e8tre de 30 cm. La conception du rouleau de rabotage avec les lames inclin\u00e9es g\u00e9n\u00e8re un taux d\u2019enl\u00e8vement de mati\u00e8re \u00e9lev\u00e9. La plaque de guidage incurv\u00e9e est positionn\u00e9e sur la t\u00eate de fraisage mont\u00e9e sur roulement  <\/p>\n<p>Les couteaux sont r\u00e9glables en continu, ce qui permet d\u2019atteindre une \u00e9paisseur de copeau allant jusqu\u2019\u00e0 1 mm.<\/p>\n<p>Poids sans moteur 2,5 kg<\/p>\n<p>Puissance du moteur min. 1,2 kW<\/p>\n<p>Largeur de travail 80 mm<\/p>\n<p>Largeur du couteau 30 mm<\/p>\n<p>Nombre de couteaux 6<\/p>\n<h3>Description<\/h3>\n<p>Types de couteaux&nbsp;:<\/p>\n<p>Largeur de la rainure du couteau 8 mm<\/p>\n<p>Stihl 170\/180\/211\/231\/241\/251 &#8221;<\/p>\n<p>Husqvarna 340\/345\/346\/350\/353\/357\/362\/242\/254\/435\/440\/543\/545\/545II\/550\/550II\/560<\/p>\n<p>Dolmar PS-460 \/ PS-4600 \/ PS-500 \/ PS-5000 \/ PS-5105 \/ PS-6100<\/p>\n<p>Largeur de la rainure de la lame 12 mm<\/p>\n<p>Stihl 240\/260\/261\/362\/440\/441\/442\/462\/500\/660\/661<\/p>\n<p>Husqvarna 365\/372\/385\/390\/395\/562\/570\/572\/575\/576<\/p>\n<p>Dolmar PS-6400 \/ PS-7300 \/ PS-7310 \/ PS-7900 \/ PS-7910<\/p>\n<p>&nbsp;<\/p>\n","protected":false},"excerpt":{"rendered":"<p>La raboteuse circulaire EDER avec entra\u00eenement par cha\u00eene est id\u00e9ale pour raboter des surfaces rondes en bois jusqu\u2019\u00e0 un diam\u00e8tre<\/p>\n","protected":false},"featured_media":102516,"template":"","meta":{"_seopress_robots_primary_cat":"","_seopress_titles_title":"","_seopress_titles_desc":"","_seopress_robots_index":""},"product_brand":[3627],"product_cat":[1642,167,1604],"product_tag":[],"class_list":{"0":"post-417303","1":"product","2":"type-product","3":"status-publish","4":"has-post-thumbnail","6":"product_brand-eder-fr","7":"product_cat-accessoires-et-consommables-fr-5","8":"product_cat-machines","9":"product_cat-tronconneuses","10":"sws-gruppo-macchinari-fr","11":"sws-categoria-sito-fr","12":"sws-conto-ricavi-merci-rivendita-abbigliamento-fr","13":"sws-gruppo-iva-iva81-fr","15":"first","16":"instock","17":"sale","18":"shipping-taxable","19":"purchasable","20":"product-type-variable"},"_links":{"self":[{"href":"https:\/\/lucacastelli.com\/fr\/wp-json\/wp\/v2\/product\/417303","targetHints":{"allow":["GET"]}}],"collection":[{"href":"https:\/\/lucacastelli.com\/fr\/wp-json\/wp\/v2\/product"}],"about":[{"href":"https:\/\/lucacastelli.com\/fr\/wp-json\/wp\/v2\/types\/product"}],"wp:featuredmedia":[{"embeddable":true,"href":"https:\/\/lucacastelli.com\/fr\/wp-json\/wp\/v2\/media\/102516"}],"wp:attachment":[{"href":"https:\/\/lucacastelli.com\/fr\/wp-json\/wp\/v2\/media?parent=417303"}],"wp:term":[{"taxonomy":"product_brand","embeddable":true,"href":"https:\/\/lucacastelli.com\/fr\/wp-json\/wp\/v2\/product_brand?post=417303"},{"taxonomy":"product_cat","embeddable":true,"href":"https:\/\/lucacastelli.com\/fr\/wp-json\/wp\/v2\/product_cat?post=417303"},{"taxonomy":"product_tag","embeddable":true,"href":"https:\/\/lucacastelli.com\/fr\/wp-json\/wp\/v2\/product_tag?post=417303"}],"curies":[{"name":"wp","href":"https:\/\/api.w.org\/{rel}","templated":true}]}}