{"id":417285,"date":"2025-02-21T13:52:04","date_gmt":"2025-02-21T12:52:04","guid":{"rendered":"https:\/\/lucacastelli.com\/prodotto\/eder-alu-umlenkrolleeder\/"},"modified":"2025-06-28T22:33:00","modified_gmt":"2025-06-28T20:33:00","slug":"eder-alu-umlenkrolleeder","status":"publish","type":"product","link":"https:\/\/lucacastelli.com\/fr\/produit\/eder-alu-umlenkrolleeder\/","title":{"rendered":"EDER Alu Umlenkrolleeder"},"content":{"rendered":"<p>Les poulies EDER sont con\u00e7ues pour \u00eatre utilis\u00e9es avec des treuils. Ils sont fabriqu\u00e9s en alliage d\u2019aluminium haute r\u00e9sistance EN AW7075. La poulie est disponible en trois versions diff\u00e9rentes. Cela vous permet de g\u00e9n\u00e9rer un palan jusqu\u2019\u00e0 7 fois. Cela signifie une capacit\u00e9 de traction allant jusqu\u2019\u00e0 12,6 tonnes.    <\/p>\n<p>Les poulies folles peuvent \u00eatre simplement viss\u00e9es ou la corde peut \u00eatre enfil\u00e9e.<\/p>\n<p>&nbsp;<\/p>\n<h3>Description<\/h3>\n<p>Les poulies folles EDER sont con\u00e7ues pour \u00eatre utilis\u00e9es avec des treuils. Ils sont fabriqu\u00e9s en alliage d\u2019aluminium haute r\u00e9sistance EN AW7075. <\/p>\n<p>La poulie est disponible en trois versions diff\u00e9rentes.<\/p>\n","protected":false},"excerpt":{"rendered":"<p>Les poulies EDER sont con\u00e7ues pour \u00eatre utilis\u00e9es avec des treuils. Ils sont fabriqu\u00e9s en alliage d\u2019aluminium haute r\u00e9sistance EN<\/p>\n","protected":false},"featured_media":102491,"template":"","meta":{"_seopress_robots_primary_cat":"","_seopress_titles_title":"","_seopress_titles_desc":"","_seopress_robots_index":""},"product_brand":[3627],"product_cat":[81],"product_tag":[],"class_list":{"0":"post-417285","1":"product","2":"type-product","3":"status-publish","4":"has-post-thumbnail","6":"product_brand-eder-fr","7":"product_cat-vetements","8":"sws-gruppo-attrezz","9":"sws-categoria-sito","10":"sws-conto-ricavi-merci-rivendita-abbigliamento","11":"sws-gruppo-iva-iva81","13":"first","14":"instock","15":"sale","16":"shipping-taxable","17":"purchasable","18":"product-type-variable","19":"has-default-attributes"},"_links":{"self":[{"href":"https:\/\/lucacastelli.com\/fr\/wp-json\/wp\/v2\/product\/417285","targetHints":{"allow":["GET"]}}],"collection":[{"href":"https:\/\/lucacastelli.com\/fr\/wp-json\/wp\/v2\/product"}],"about":[{"href":"https:\/\/lucacastelli.com\/fr\/wp-json\/wp\/v2\/types\/product"}],"wp:featuredmedia":[{"embeddable":true,"href":"https:\/\/lucacastelli.com\/fr\/wp-json\/wp\/v2\/media\/102491"}],"wp:attachment":[{"href":"https:\/\/lucacastelli.com\/fr\/wp-json\/wp\/v2\/media?parent=417285"}],"wp:term":[{"taxonomy":"product_brand","embeddable":true,"href":"https:\/\/lucacastelli.com\/fr\/wp-json\/wp\/v2\/product_brand?post=417285"},{"taxonomy":"product_cat","embeddable":true,"href":"https:\/\/lucacastelli.com\/fr\/wp-json\/wp\/v2\/product_cat?post=417285"},{"taxonomy":"product_tag","embeddable":true,"href":"https:\/\/lucacastelli.com\/fr\/wp-json\/wp\/v2\/product_tag?post=417285"}],"curies":[{"name":"wp","href":"https:\/\/api.w.org\/{rel}","templated":true}]}}