{"id":417272,"date":"2025-02-21T13:33:30","date_gmt":"2025-02-21T12:33:30","guid":{"rendered":"https:\/\/lucacastelli.com\/prodotto\/eder-schalgerateder\/"},"modified":"2025-06-28T22:32:41","modified_gmt":"2025-06-28T20:32:41","slug":"eder-schalgerateder","status":"publish","type":"product","link":"https:\/\/lucacastelli.com\/fr\/produit\/eder-schalgerateder\/","title":{"rendered":"Eder Sch\u00e4lger\u00e4teder"},"content":{"rendered":"<p>L\u2019\u00e9cor\u00e7euse EDER est l\u2019outil de choix pour l\u2019\u00e9corcage des grumes de toute \u00e9paisseur. Plus l\u2019\u00e9corce est \u00e9paisse et dure, moins il devient co\u00fbteux de travailler avec cet appareil. Les goupilles en carbure dispos\u00e9es directement derri\u00e8re les lames sont con\u00e7ues de mani\u00e8re \u00e0 maintenir la distance entre les lames d\u2019\u00e9cor\u00e7age et la b\u00fbche, quelle que soit l\u2019\u00e9paisseur de l\u2019\u00e9corce \u00e0 la surface de la b\u00fbche. Les branches fines et les brindilles sont coup\u00e9es facilement et proprement   <\/p>\n<p>Entra\u00eenement par cha\u00eene possible<\/p>\n<h3>Description<\/h3>\n<p>Caract\u00e9ristiques techniques<\/p>\n<ul>\n<li>Poids (sans moteur) 2,5 kg<\/li>\n<li>Puissance du moteur min. 1,2 kW<\/li>\n<li>Largeur de travail 120 mm<\/li>\n<li>Largeur des couteaux 30 mm<\/li>\n<li>Nombre de couteaux 4<\/li>\n<li>Vitesse max. 13 000 tr\/min<\/li>\n<li>Rapport de d\u00e9multiplication 1:1<\/li>\n<\/ul>\n<p>Veuillez indiquer le type de tron\u00e7onneuse<\/p>\n<p>Prix sans scie<\/p>\n","protected":false},"excerpt":{"rendered":"<p>L\u2019\u00e9cor\u00e7euse EDER est l\u2019outil de choix pour l\u2019\u00e9corcage des grumes de toute \u00e9paisseur. Plus l\u2019\u00e9corce est \u00e9paisse et dure, moins<\/p>\n","protected":false},"featured_media":102460,"template":"","meta":{"_seopress_robots_primary_cat":"","_seopress_titles_title":"","_seopress_titles_desc":"","_seopress_robots_index":""},"product_brand":[3417],"product_cat":[29,268,269],"product_tag":[],"class_list":{"0":"post-417272","1":"product","2":"type-product","3":"status-publish","4":"has-post-thumbnail","6":"product_brand-eder","7":"product_cat-macchinari","8":"product_cat-motoseghe","9":"product_cat-accessori-e-materiale-di-consumo-tosasiepi-e-potatori","10":"sws-gruppo-macchinari","11":"sws-categoria-sito","12":"sws-conto-ricavi-merci-rivendita-abbigliamento","13":"sws-gruppo-iva-iva81","15":"first","16":"instock","17":"sale","18":"shipping-taxable","19":"purchasable","20":"product-type-simple"},"_links":{"self":[{"href":"https:\/\/lucacastelli.com\/fr\/wp-json\/wp\/v2\/product\/417272","targetHints":{"allow":["GET"]}}],"collection":[{"href":"https:\/\/lucacastelli.com\/fr\/wp-json\/wp\/v2\/product"}],"about":[{"href":"https:\/\/lucacastelli.com\/fr\/wp-json\/wp\/v2\/types\/product"}],"wp:featuredmedia":[{"embeddable":true,"href":"https:\/\/lucacastelli.com\/fr\/wp-json\/wp\/v2\/media\/102460"}],"wp:attachment":[{"href":"https:\/\/lucacastelli.com\/fr\/wp-json\/wp\/v2\/media?parent=417272"}],"wp:term":[{"taxonomy":"product_brand","embeddable":true,"href":"https:\/\/lucacastelli.com\/fr\/wp-json\/wp\/v2\/product_brand?post=417272"},{"taxonomy":"product_cat","embeddable":true,"href":"https:\/\/lucacastelli.com\/fr\/wp-json\/wp\/v2\/product_cat?post=417272"},{"taxonomy":"product_tag","embeddable":true,"href":"https:\/\/lucacastelli.com\/fr\/wp-json\/wp\/v2\/product_tag?post=417272"}],"curies":[{"name":"wp","href":"https:\/\/api.w.org\/{rel}","templated":true}]}}