{"id":417261,"date":"2025-02-21T13:39:40","date_gmt":"2025-02-21T12:39:40","guid":{"rendered":"https:\/\/lucacastelli.com\/prodotto\/eder-spaltgerat-ehg1eder\/"},"modified":"2025-06-28T22:32:46","modified_gmt":"2025-06-28T20:32:46","slug":"eder-spaltgerat-ehg1eder","status":"publish","type":"product","link":"https:\/\/lucacastelli.com\/fr\/produit\/eder-spaltgerat-ehg1eder\/","title":{"rendered":"Eder Spaltger\u00e4t EHG1eder"},"content":{"rendered":"<p>La <b>fendeuse de b\u00fbches EHG1<\/b> est portable et, gr\u00e2ce \u00e0 sa structure sp\u00e9ciale, vous permet de fendre des b\u00fbches ind\u00e9pendamment de la position, de la longueur et du diam\u00e8tre. Le coin de fendage est pouss\u00e9 dans le tronc par le piston hydraulique \u00e0 partir de la surface ext\u00e9rieure, tandis que la force oppos\u00e9e est absorb\u00e9e par l\u2019ar\u00eate de coupe transversale qui p\u00e9n\u00e8tre dans la surface de la face. Dans le cas de bois fibreux et de longues b\u00fbches, l\u2019outil peut \u00e9galement \u00eatre appliqu\u00e9 transversalement pour \u00e9largir davantage la fissure et continuer \u00e0 n\u2019importe quelle longueur.  <\/p>\n<h3>Description<\/h3>\n<p>Sp\u00e9cifications:<\/p>\n<ul>\n<li>Poids 16 kg<\/li>\n<li>Pression d\u2019huile min. 150 bar<\/li>\n<li>D\u00e9bit min. 10 l\/min<\/li>\n<li>Force de pression sur la cale 7,5 t<\/li>\n<li>Longueur de la cale 180 mm,<\/li>\n<li>largeur de cale 120 mm,<\/li>\n<li>course 200 mm,<\/li>\n<li>Largeur d\u2019ouverture 100 mm<\/li>\n<li>max. ouverture transversale 220 mm<\/li>\n<li>Longueur du tuyau 10 m (plus long en option)<\/li>\n<\/ul>\n","protected":false},"excerpt":{"rendered":"<p>La fendeuse de b\u00fbches EHG1 est portable et, gr\u00e2ce \u00e0 sa structure sp\u00e9ciale, vous permet de fendre des b\u00fbches ind\u00e9pendamment<\/p>\n","protected":false},"featured_media":102469,"template":"","meta":{"_seopress_robots_primary_cat":"","_seopress_titles_title":"","_seopress_titles_desc":"","_seopress_robots_index":""},"product_brand":[3417],"product_cat":[29,268,269],"product_tag":[],"class_list":{"0":"post-417261","1":"product","2":"type-product","3":"status-publish","4":"has-post-thumbnail","6":"product_brand-eder","7":"product_cat-macchinari","8":"product_cat-motoseghe","9":"product_cat-accessori-e-materiale-di-consumo-tosasiepi-e-potatori","10":"sws-gruppo-macchinari","11":"sws-categoria-sito","12":"sws-conto-ricavi-merci-rivendita-abbigliamento","13":"sws-gruppo-iva-iva81","15":"first","16":"instock","17":"sale","18":"shipping-taxable","19":"purchasable","20":"product-type-simple"},"_links":{"self":[{"href":"https:\/\/lucacastelli.com\/fr\/wp-json\/wp\/v2\/product\/417261","targetHints":{"allow":["GET"]}}],"collection":[{"href":"https:\/\/lucacastelli.com\/fr\/wp-json\/wp\/v2\/product"}],"about":[{"href":"https:\/\/lucacastelli.com\/fr\/wp-json\/wp\/v2\/types\/product"}],"wp:featuredmedia":[{"embeddable":true,"href":"https:\/\/lucacastelli.com\/fr\/wp-json\/wp\/v2\/media\/102469"}],"wp:attachment":[{"href":"https:\/\/lucacastelli.com\/fr\/wp-json\/wp\/v2\/media?parent=417261"}],"wp:term":[{"taxonomy":"product_brand","embeddable":true,"href":"https:\/\/lucacastelli.com\/fr\/wp-json\/wp\/v2\/product_brand?post=417261"},{"taxonomy":"product_cat","embeddable":true,"href":"https:\/\/lucacastelli.com\/fr\/wp-json\/wp\/v2\/product_cat?post=417261"},{"taxonomy":"product_tag","embeddable":true,"href":"https:\/\/lucacastelli.com\/fr\/wp-json\/wp\/v2\/product_tag?post=417261"}],"curies":[{"name":"wp","href":"https:\/\/api.w.org\/{rel}","templated":true}]}}