{"id":417232,"date":"2025-02-21T11:53:56","date_gmt":"2025-02-21T10:53:56","guid":{"rendered":"https:\/\/lucacastelli.com\/prodotto\/eder-borkenfraseeder\/"},"modified":"2025-06-28T22:35:01","modified_gmt":"2025-06-28T20:35:01","slug":"eder-borkenfraseeder","status":"publish","type":"product","link":"https:\/\/lucacastelli.com\/fr\/produit\/eder-borkenfraseeder\/","title":{"rendered":"Eder Borkenfr\u00e4seeder"},"content":{"rendered":"<p>En raison des graves dommages caus\u00e9s par les temp\u00eates, la protection des for\u00eats est oblig\u00e9e d\u2019emp\u00eacher le plus rapidement possible l\u2019apparition du scolyte dans les for\u00eats d\u2019\u00e9pic\u00e9as. Pour ce faire, l\u2019\u00e9corce est g\u00e9n\u00e9ralement compl\u00e8tement retir\u00e9e du tronc pour d\u00e9truire le scolyte ou ne pas lui offrir d\u2019habitat. Cependant, l\u2019enl\u00e8vement de l\u2019\u00e9corce du bois emp\u00eache la renaturalisation de la for\u00eat et entra\u00eene une perte massive de biodiversit\u00e9. Comme compromis pour un \u00e9cor\u00e7age complet, il est recommand\u00e9 de couper les rondins. Le scolyte a besoin d\u2019une surface d\u2019environ 5 cm\u00b2 pour se sentir \u00e0 l\u2019aise, couper le tronc prive le scolyte de son habitat sans limiter s\u00e9v\u00e8rement la renaturalisation de la for\u00eat.<br \/>\nVeuillez indiquer le type de tron\u00e7onneuse    <\/p>\n<h3>Description<\/h3>\n<p>Prix sans scie<\/p>\n","protected":false},"excerpt":{"rendered":"<p>En raison des graves dommages caus\u00e9s par les temp\u00eates, la protection des for\u00eats est oblig\u00e9e d\u2019emp\u00eacher le plus rapidement possible<\/p>\n","protected":false},"featured_media":102402,"template":"","meta":{"_seopress_robots_primary_cat":"","_seopress_titles_title":"","_seopress_titles_desc":"","_seopress_robots_index":""},"product_brand":[3417],"product_cat":[29,514,515,296,297],"product_tag":[],"class_list":{"0":"post-417232","1":"product","2":"type-product","3":"status-publish","4":"has-post-thumbnail","6":"product_brand-eder","7":"product_cat-macchinari","8":"product_cat-altri-dispositivi","9":"product_cat-accessori-e-materiale-di-consumo-altri-dispositivi","10":"product_cat-sistemi-kombi-e-multi","11":"product_cat-accessori-e-materiale-di-consumo-sistemi-kombi-e-multi","12":"sws-gruppo-macchinari-fr","13":"sws-categoria-sito-fr","14":"sws-conto-ricavi-merci-rivendita-abbigliamento-fr","15":"sws-gruppo-iva-iva81-fr","17":"first","18":"instock","19":"sale","20":"shipping-taxable","21":"purchasable","22":"product-type-simple"},"_links":{"self":[{"href":"https:\/\/lucacastelli.com\/fr\/wp-json\/wp\/v2\/product\/417232","targetHints":{"allow":["GET"]}}],"collection":[{"href":"https:\/\/lucacastelli.com\/fr\/wp-json\/wp\/v2\/product"}],"about":[{"href":"https:\/\/lucacastelli.com\/fr\/wp-json\/wp\/v2\/types\/product"}],"wp:featuredmedia":[{"embeddable":true,"href":"https:\/\/lucacastelli.com\/fr\/wp-json\/wp\/v2\/media\/102402"}],"wp:attachment":[{"href":"https:\/\/lucacastelli.com\/fr\/wp-json\/wp\/v2\/media?parent=417232"}],"wp:term":[{"taxonomy":"product_brand","embeddable":true,"href":"https:\/\/lucacastelli.com\/fr\/wp-json\/wp\/v2\/product_brand?post=417232"},{"taxonomy":"product_cat","embeddable":true,"href":"https:\/\/lucacastelli.com\/fr\/wp-json\/wp\/v2\/product_cat?post=417232"},{"taxonomy":"product_tag","embeddable":true,"href":"https:\/\/lucacastelli.com\/fr\/wp-json\/wp\/v2\/product_tag?post=417232"}],"curies":[{"name":"wp","href":"https:\/\/api.w.org\/{rel}","templated":true}]}}