{"id":417222,"date":"2025-02-20T21:05:50","date_gmt":"2025-02-20T20:05:50","guid":{"rendered":"https:\/\/lucacastelli.com\/prodotto\/eder-troghohlereder\/"},"modified":"2025-06-28T22:34:58","modified_gmt":"2025-06-28T20:34:58","slug":"eder-troghohlereder","status":"publish","type":"product","link":"https:\/\/lucacastelli.com\/fr\/produit\/eder-troghohlereder\/","title":{"rendered":"Eder Trogh\u00f6hlereder"},"content":{"rendered":"<p>&nbsp;<\/p>\n<p>&nbsp;<\/p>\n<p>La fraise \u00e0 cavit\u00e9 EDER est adapt\u00e9e au fraisage de cavit\u00e9s dans le bois. Il peut \u00eatre utilis\u00e9 pour la construction de cavit\u00e9s, pour la sculpture ou m\u00eame pour les travaux de chirurgie des arbres et pour le fraisage de troncs. La disposition des lames de scie circulaire permet d\u2019usiner la t\u00eate de fraisage dans les directions longitudinale et transversale. Le foret amovible r\u00e9glable en continu sur la face inf\u00e9rieure du support de t\u00eate de toupie p\u00e9n\u00e8tre dans le bois et absorbe la plupart des forces de coupe. Cela permet un taux d\u2019enl\u00e8vement \u00e9lev\u00e9 par unit\u00e9 de temps.    <\/p>\n<h3>Description<\/h3>\n<p>Caract\u00e9ristiques techniques<\/p>\n<ul>\n<li>Poids (sans moteur) 2,75 kg<\/li>\n<li>Puissance du moteur min. 1,2 kW<\/li>\n<li>Puissance d\u2019entra\u00eenement recommand\u00e9e 2,7 kW<\/li>\n<li>Diam\u00e8tre du rouleau de fraisage 100 mm<\/li>\n<li>Largeur du rouleau de fraisage 54 mm<\/li>\n<li>Longueur de la lame 320 mm<\/li>\n<li>Nombre de lames 4<\/li>\n<li>Vitesse maximale 13 000 tr\/min<\/li>\n<li>Rapport de d\u00e9multiplication 1:1<\/li>\n<\/ul>\n<p>Sp\u00e9cifiez le type de tron\u00e7onneuse<\/p>\n<p>Prix sans scie<\/p>\n","protected":false},"excerpt":{"rendered":"<p>&nbsp; &nbsp; La fraise \u00e0 cavit\u00e9 EDER est adapt\u00e9e au fraisage de cavit\u00e9s dans le bois. Il peut \u00eatre utilis\u00e9<\/p>\n","protected":false},"featured_media":93463,"template":"","meta":{"_seopress_robots_primary_cat":"","_seopress_titles_title":"","_seopress_titles_desc":"","_seopress_robots_index":""},"product_brand":[3417],"product_cat":[29,514,515,296,297],"product_tag":[],"class_list":{"0":"post-417222","1":"product","2":"type-product","3":"status-publish","4":"has-post-thumbnail","6":"product_brand-eder","7":"product_cat-macchinari","8":"product_cat-altri-dispositivi","9":"product_cat-accessori-e-materiale-di-consumo-altri-dispositivi","10":"product_cat-sistemi-kombi-e-multi","11":"product_cat-accessori-e-materiale-di-consumo-sistemi-kombi-e-multi","12":"sws-gruppo-macchinari-fr","13":"sws-categoria-sito-fr","14":"sws-conto-ricavi-merci-rivendita-abbigliamento-fr","15":"sws-gruppo-iva-iva81-fr","17":"first","18":"instock","19":"sale","20":"shipping-taxable","21":"purchasable","22":"product-type-simple"},"_links":{"self":[{"href":"https:\/\/lucacastelli.com\/fr\/wp-json\/wp\/v2\/product\/417222","targetHints":{"allow":["GET"]}}],"collection":[{"href":"https:\/\/lucacastelli.com\/fr\/wp-json\/wp\/v2\/product"}],"about":[{"href":"https:\/\/lucacastelli.com\/fr\/wp-json\/wp\/v2\/types\/product"}],"wp:featuredmedia":[{"embeddable":true,"href":"https:\/\/lucacastelli.com\/fr\/wp-json\/wp\/v2\/media\/93463"}],"wp:attachment":[{"href":"https:\/\/lucacastelli.com\/fr\/wp-json\/wp\/v2\/media?parent=417222"}],"wp:term":[{"taxonomy":"product_brand","embeddable":true,"href":"https:\/\/lucacastelli.com\/fr\/wp-json\/wp\/v2\/product_brand?post=417222"},{"taxonomy":"product_cat","embeddable":true,"href":"https:\/\/lucacastelli.com\/fr\/wp-json\/wp\/v2\/product_cat?post=417222"},{"taxonomy":"product_tag","embeddable":true,"href":"https:\/\/lucacastelli.com\/fr\/wp-json\/wp\/v2\/product_tag?post=417222"}],"curies":[{"name":"wp","href":"https:\/\/api.w.org\/{rel}","templated":true}]}}