{"id":417220,"date":"2025-02-20T20:54:00","date_gmt":"2025-02-20T19:54:00","guid":{"rendered":"https:\/\/lucacastelli.com\/prodotto\/eder-konturhobeleder\/"},"modified":"2025-06-28T22:34:56","modified_gmt":"2025-06-28T20:34:56","slug":"eder-konturhobeleder","status":"publish","type":"product","link":"https:\/\/lucacastelli.com\/fr\/produit\/eder-konturhobeleder\/","title":{"rendered":"Eder Konturhobeleder"},"content":{"rendered":"<p>Avec la raboteuse EDER, il est possible de raboter des surfaces en bois droites et ondul\u00e9es et peuvent donc \u00eatre utilis\u00e9es dans la construction de maisons en bois, d\u2019aires de jeux pour enfants, de cl\u00f4tures Bonanza et de projets similaires. La saillie r\u00e9glable de la lame emp\u00eache efficacement l\u2019\u00e9clatement du bois. \u00c9tant donn\u00e9 qu\u2019une seule coupe est effectu\u00e9e sur la largeur de travail avec un tour de rouleau, les forces de r\u00e9action sont r\u00e9duites. Les branches fines et les brindilles sont rabot\u00e9es facilement et proprement.   <\/p>\n<p>La raboteuse EDER convient parfaitement \u00e0 l\u2019\u00e9cor\u00e7age ou au rabotage des bords ext\u00e9rieurs des planches ou \u00e0 l\u2019\u00e9cor\u00e7age du bois de rubinia.<\/p>\n<h3>Description<\/h3>\n<p>Caract\u00e9ristiques techniques<\/p>\n<ul>\n<li>Poids (sans moteur) 2,75 kg<\/li>\n<li>Puissance du moteur min. 1,2 kW<\/li>\n<li>Largeur de travail 120 mm<\/li>\n<li>Largeur de la lame 30 mm<\/li>\n<li>Nombre de lames 4<\/li>\n<li>Vitesse max. 13 000 \/1 min<\/li>\n<li>Rapport de d\u00e9multiplication 1:1<\/li>\n<\/ul>\n<p>Sp\u00e9cifiez le type de tron\u00e7onneuse<\/p>\n<p>Prix sans scie<\/p>\n","protected":false},"excerpt":{"rendered":"<p>Avec la raboteuse EDER, il est possible de raboter des surfaces en bois droites et ondul\u00e9es et peuvent donc \u00eatre<\/p>\n","protected":false},"featured_media":93377,"template":"","meta":{"_seopress_robots_primary_cat":"","_seopress_titles_title":"","_seopress_titles_desc":"","_seopress_robots_index":""},"product_brand":[3627],"product_cat":[1456,1642,1453,167,1638],"product_tag":[],"class_list":{"0":"post-417220","1":"product","2":"type-product","3":"status-publish","4":"has-post-thumbnail","6":"product_brand-eder-fr","7":"product_cat-accessoires-et-consommables-fr","8":"product_cat-accessoires-et-consommables-fr-5","9":"product_cat-autres-appareils","10":"product_cat-machines","11":"product_cat-systemes-kombi-et-multi","12":"sws-gruppo-macchinari","13":"sws-categoria-sito","14":"sws-conto-ricavi-merci-rivendita-abbigliamento","15":"sws-gruppo-iva-iva81","17":"first","18":"instock","19":"sale","20":"shipping-taxable","21":"purchasable","22":"product-type-simple"},"_links":{"self":[{"href":"https:\/\/lucacastelli.com\/fr\/wp-json\/wp\/v2\/product\/417220","targetHints":{"allow":["GET"]}}],"collection":[{"href":"https:\/\/lucacastelli.com\/fr\/wp-json\/wp\/v2\/product"}],"about":[{"href":"https:\/\/lucacastelli.com\/fr\/wp-json\/wp\/v2\/types\/product"}],"wp:featuredmedia":[{"embeddable":true,"href":"https:\/\/lucacastelli.com\/fr\/wp-json\/wp\/v2\/media\/93377"}],"wp:attachment":[{"href":"https:\/\/lucacastelli.com\/fr\/wp-json\/wp\/v2\/media?parent=417220"}],"wp:term":[{"taxonomy":"product_brand","embeddable":true,"href":"https:\/\/lucacastelli.com\/fr\/wp-json\/wp\/v2\/product_brand?post=417220"},{"taxonomy":"product_cat","embeddable":true,"href":"https:\/\/lucacastelli.com\/fr\/wp-json\/wp\/v2\/product_cat?post=417220"},{"taxonomy":"product_tag","embeddable":true,"href":"https:\/\/lucacastelli.com\/fr\/wp-json\/wp\/v2\/product_tag?post=417220"}],"curies":[{"name":"wp","href":"https:\/\/api.w.org\/{rel}","templated":true}]}}