{"id":417217,"date":"2025-02-20T20:59:44","date_gmt":"2025-02-20T19:59:44","guid":{"rendered":"https:\/\/lucacastelli.com\/prodotto\/eder-rundbursteeder\/"},"modified":"2025-06-28T22:35:01","modified_gmt":"2025-06-28T20:35:01","slug":"eder-rundbursteeder","status":"publish","type":"product","link":"https:\/\/lucacastelli.com\/fr\/produit\/eder-rundbursteeder\/","title":{"rendered":"Eder Rundb\u00fcrsteeder"},"content":{"rendered":"<p>La brosse ronde EDER convient aussi bien au brossage des surfaces en bois que des surfaces m\u00e9talliques peintes et rouill\u00e9es. La conception du rouleau brosse vous permet de bien doser la puissance de brossage et de pon\u00e7age avec un minimum d\u2019effort. Le rouleau de brosse est plac\u00e9 \u00e0 pleine capacit\u00e9 sur la surface \u00e0 poncer et glisse uniform\u00e9ment sans pression sur la surface \u00e0 brosser.  <\/p>\n<h3>Description<\/h3>\n<p>Caract\u00e9ristiques techniques<\/p>\n<ul>\n<li>Poids (sans moteur) 2,0 kg<\/li>\n<li>Puissance du moteur min. 1,2 kW<\/li>\n<li>Largeur de travail 100 mm<\/li>\n<li>Diam\u00e8tre de la brosse 80 mm<\/li>\n<li>Diam\u00e8tre de la brosse : fil d\u2019acier et de laiton 0,3 mm<\/li>\n<li>Brosse Diam\u00e8tre du fil plastique 0,6 mm,<\/li>\n<li>Vitesse max. 13 000 tr\/min<\/li>\n<li>Rapport de d\u00e9multiplication 1:1<\/li>\n<\/ul>\n<p>Veuillez indiquer le type de tron\u00e7onneuse<\/p>\n<p>Prix sans scie<\/p>\n","protected":false},"excerpt":{"rendered":"<p>La brosse ronde EDER convient aussi bien au brossage des surfaces en bois que des surfaces m\u00e9talliques peintes et rouill\u00e9es.<\/p>\n","protected":false},"featured_media":93416,"template":"","meta":{"_seopress_robots_primary_cat":"","_seopress_titles_title":"","_seopress_titles_desc":"","_seopress_robots_index":""},"product_brand":[3627],"product_cat":[167,1453,1456,1638,1642],"product_tag":[],"class_list":{"0":"post-417217","1":"product","2":"type-product","3":"status-publish","4":"has-post-thumbnail","6":"product_brand-eder-fr","7":"product_cat-machines","8":"product_cat-autres-appareils","9":"product_cat-accessoires-et-consommables-fr","10":"product_cat-systemes-kombi-et-multi","11":"product_cat-accessoires-et-consommables-fr-5","12":"sws-gruppo-macchinari-fr","13":"sws-categoria-sito-fr","14":"sws-conto-ricavi-merci-rivendita-abbigliamento-fr","15":"sws-gruppo-iva-iva81-fr","17":"first","18":"instock","19":"sale","20":"shipping-taxable","21":"purchasable","22":"product-type-simple"},"_links":{"self":[{"href":"https:\/\/lucacastelli.com\/fr\/wp-json\/wp\/v2\/product\/417217","targetHints":{"allow":["GET"]}}],"collection":[{"href":"https:\/\/lucacastelli.com\/fr\/wp-json\/wp\/v2\/product"}],"about":[{"href":"https:\/\/lucacastelli.com\/fr\/wp-json\/wp\/v2\/types\/product"}],"wp:featuredmedia":[{"embeddable":true,"href":"https:\/\/lucacastelli.com\/fr\/wp-json\/wp\/v2\/media\/93416"}],"wp:attachment":[{"href":"https:\/\/lucacastelli.com\/fr\/wp-json\/wp\/v2\/media?parent=417217"}],"wp:term":[{"taxonomy":"product_brand","embeddable":true,"href":"https:\/\/lucacastelli.com\/fr\/wp-json\/wp\/v2\/product_brand?post=417217"},{"taxonomy":"product_cat","embeddable":true,"href":"https:\/\/lucacastelli.com\/fr\/wp-json\/wp\/v2\/product_cat?post=417217"},{"taxonomy":"product_tag","embeddable":true,"href":"https:\/\/lucacastelli.com\/fr\/wp-json\/wp\/v2\/product_tag?post=417217"}],"curies":[{"name":"wp","href":"https:\/\/api.w.org\/{rel}","templated":true}]}}