{"id":417214,"date":"2025-02-20T18:59:40","date_gmt":"2025-02-20T17:59:40","guid":{"rendered":"https:\/\/lucacastelli.com\/prodotto\/eder-rundhobeleder\/"},"modified":"2025-06-28T22:30:27","modified_gmt":"2025-06-28T20:30:27","slug":"eder-rundhobeleder","status":"publish","type":"product","link":"https:\/\/lucacastelli.com\/fr\/produit\/eder-rundhobeleder\/","title":{"rendered":"Eder Rundhobeleder"},"content":{"rendered":"<p>La raboteuse circulaire EDER ERH1 est adapt\u00e9e au rabotage de surfaces rondes en bois jusqu\u2019\u00e0 un diam\u00e8tre de 30 cm. La conception du rouleau de rabotage avec ses lames inclin\u00e9es assure un taux d\u2019enl\u00e8vement de mati\u00e8re \u00e9lev\u00e9 avec un minimum d\u2019effort. La t\u00eate de rabotage est positionn\u00e9e sur la plaque de guidage incurv\u00e9e, mont\u00e9e en oscillant autour de l\u2019axe de rotation du rouleau.  <\/p>\n<p>Les couteaux fix\u00e9s au rouleau de rabotage sont r\u00e9glables en continu, ce qui permet d\u2019atteindre une \u00e9paisseur de copeau allant jusqu\u2019\u00e0 1 mm.<\/p>\n<h3>Description<\/h3>\n<p>Caract\u00e9ristiques techniques<\/p>\n<ul>\n<li>Poids (sans moteur) 2,5 kg<\/li>\n<li>Puissance du moteur min. 1,2 kW<\/li>\n<li>Largeur de travail 80 mm<\/li>\n<li>Largeur de la lame 30 mm<\/li>\n<li>Nombre de lames 6<\/li>\n<li>Vitesse max. 13 000 1\/min<\/li>\n<li>Rapport de d\u00e9multiplication 1:1<\/li>\n<\/ul>\n<p>Veuillez indiquer le type de tron\u00e7onneuse<\/p>\n<p>Prix sans tron\u00e7onneuse<\/p>\n","protected":false},"excerpt":{"rendered":"<p>La raboteuse circulaire EDER ERH1 est adapt\u00e9e au rabotage de surfaces rondes en bois jusqu\u2019\u00e0 un diam\u00e8tre de 30 cm.<\/p>\n","protected":false},"featured_media":93220,"template":"","meta":{"_seopress_robots_primary_cat":"","_seopress_titles_title":"","_seopress_titles_desc":"","_seopress_robots_index":""},"product_brand":[3417],"product_cat":[29,514,515,296,297],"product_tag":[],"class_list":{"0":"post-417214","1":"product","2":"type-product","3":"status-publish","4":"has-post-thumbnail","6":"product_brand-eder","7":"product_cat-macchinari","8":"product_cat-altri-dispositivi","9":"product_cat-accessori-e-materiale-di-consumo-altri-dispositivi","10":"product_cat-sistemi-kombi-e-multi","11":"product_cat-accessori-e-materiale-di-consumo-sistemi-kombi-e-multi","12":"sws-gruppo-no-gruppo-fr","13":"sws-categoria-sito-fr","14":"sws-conto-ricavi-merci-rivendita-abbigliamento-fr","15":"sws-gruppo-iva-iva81-fr","17":"first","18":"instock","19":"sale","20":"shipping-taxable","21":"purchasable","22":"product-type-simple"},"_links":{"self":[{"href":"https:\/\/lucacastelli.com\/fr\/wp-json\/wp\/v2\/product\/417214","targetHints":{"allow":["GET"]}}],"collection":[{"href":"https:\/\/lucacastelli.com\/fr\/wp-json\/wp\/v2\/product"}],"about":[{"href":"https:\/\/lucacastelli.com\/fr\/wp-json\/wp\/v2\/types\/product"}],"wp:featuredmedia":[{"embeddable":true,"href":"https:\/\/lucacastelli.com\/fr\/wp-json\/wp\/v2\/media\/93220"}],"wp:attachment":[{"href":"https:\/\/lucacastelli.com\/fr\/wp-json\/wp\/v2\/media?parent=417214"}],"wp:term":[{"taxonomy":"product_brand","embeddable":true,"href":"https:\/\/lucacastelli.com\/fr\/wp-json\/wp\/v2\/product_brand?post=417214"},{"taxonomy":"product_cat","embeddable":true,"href":"https:\/\/lucacastelli.com\/fr\/wp-json\/wp\/v2\/product_cat?post=417214"},{"taxonomy":"product_tag","embeddable":true,"href":"https:\/\/lucacastelli.com\/fr\/wp-json\/wp\/v2\/product_tag?post=417214"}],"curies":[{"name":"wp","href":"https:\/\/api.w.org\/{rel}","templated":true}]}}