{"id":417210,"date":"2025-02-24T19:41:33","date_gmt":"2025-02-24T18:41:33","guid":{"rendered":"https:\/\/lucacastelli.com\/prodotto\/akku-spillseilwinde-eder-treuil-1200beder\/"},"modified":"2025-06-28T22:34:32","modified_gmt":"2025-06-28T20:34:32","slug":"akku-spillseilwinde-eder-treuil-1200beder","status":"publish","type":"product","link":"https:\/\/lucacastelli.com\/fr\/produit\/akku-spillseilwinde-eder-treuil-1200beder\/","title":{"rendered":"Akku Spillseilwinde EDER Treuil 1200Beder"},"content":{"rendered":"<h3>Description<\/h3>\n<p>Le treuil sans fil EDER Winch 1200B a une puissance moteur de 1,7 kW et une capacit\u00e9 de traction allant jusqu\u2019\u00e0 1200 kg. Le treuil peut remorquer plus de 90 fois son poids (12 kg) et peut \u00eatre facilement transport\u00e9 \u00e0 la main vers n\u2019importe quel lieu d\u2019utilisation \u00e0 l\u2019aide de cordes en plastique l\u00e9g\u00e8res. <\/p>\n<p>Le treuil EDER 1200 B est utilis\u00e9 en dehors de la zone dangereuse. En tirant sur la corde, on d\u00e9place l\u00e9g\u00e8rement l\u2019acc\u00e9l\u00e9rateur de l\u2019unit\u00e9 de commande et le treuil commence \u00e0 tirer. <\/p>\n<p>S\u00e9curit\u00e9 maximale gr\u00e2ce au frein \u00e0 corde ! D\u00e8s que l\u2019op\u00e9rateur rel\u00e2che le c\u00e2ble, le treuil s\u2019arr\u00eate et le c\u00e2ble se verrouille dans le frein. Cela emp\u00eache la charge de glisser vers l\u2019arri\u00e8re par inadvertance. Celui-ci peut \u00eatre publi\u00e9 de mani\u00e8re cibl\u00e9e.   <\/p>\n<ul>\n<li>1 200 kg de force de traction directe avec une vitesse de traction de 13 m\/min<\/li>\n<li>Livr\u00e9 sans batterie\/chargeur<\/li>\n<li>Plage de force de traction compl\u00e8te avec la batterie Stihl AP 300S env. 200 m\u00e8tres<\/li>\n<li>Plage de force de traction compl\u00e8te avec la batterie Stihl AP 500S env. 250 m\u00e8tres<\/li>\n<li>La puissance de la batterie est consid\u00e9rablement augment\u00e9e dans des conditions normales d\u2019utilisation (pas toujours \u00e0 1200 kg)<\/li>\n<\/ul>\n","protected":false},"excerpt":{"rendered":"<p>Description Le treuil sans fil EDER Winch 1200B a une puissance moteur de 1,7 kW et une capacit\u00e9 de traction<\/p>\n","protected":false},"featured_media":102773,"template":"","meta":{"_seopress_robots_primary_cat":"","_seopress_titles_title":"","_seopress_titles_desc":"","_seopress_robots_index":""},"product_brand":[3417],"product_cat":[33,537],"product_tag":[],"class_list":{"0":"post-417210","1":"product","2":"type-product","3":"status-publish","4":"has-post-thumbnail","6":"product_brand-eder","7":"product_cat-attrezzature","8":"product_cat-attrezzatura-da-lavoro","9":"sws-gruppo-abb-libero-fr","10":"sws-gruppo-no-gruppo-fr","11":"sws-categoria-sito-fr","12":"sws-conto-ricavi-merci-rivendita-abbigliamento-fr","13":"sws-gruppo-iva-iva81-fr","15":"first","16":"instock","17":"sale","18":"shipping-taxable","19":"purchasable","20":"product-type-simple"},"_links":{"self":[{"href":"https:\/\/lucacastelli.com\/fr\/wp-json\/wp\/v2\/product\/417210","targetHints":{"allow":["GET"]}}],"collection":[{"href":"https:\/\/lucacastelli.com\/fr\/wp-json\/wp\/v2\/product"}],"about":[{"href":"https:\/\/lucacastelli.com\/fr\/wp-json\/wp\/v2\/types\/product"}],"wp:featuredmedia":[{"embeddable":true,"href":"https:\/\/lucacastelli.com\/fr\/wp-json\/wp\/v2\/media\/102773"}],"wp:attachment":[{"href":"https:\/\/lucacastelli.com\/fr\/wp-json\/wp\/v2\/media?parent=417210"}],"wp:term":[{"taxonomy":"product_brand","embeddable":true,"href":"https:\/\/lucacastelli.com\/fr\/wp-json\/wp\/v2\/product_brand?post=417210"},{"taxonomy":"product_cat","embeddable":true,"href":"https:\/\/lucacastelli.com\/fr\/wp-json\/wp\/v2\/product_cat?post=417210"},{"taxonomy":"product_tag","embeddable":true,"href":"https:\/\/lucacastelli.com\/fr\/wp-json\/wp\/v2\/product_tag?post=417210"}],"curies":[{"name":"wp","href":"https:\/\/api.w.org\/{rel}","templated":true}]}}