{"id":417205,"date":"2025-02-24T19:38:23","date_gmt":"2025-02-24T18:38:23","guid":{"rendered":"https:\/\/lucacastelli.com\/prodotto\/treuil-spillseilwinde-eder-400eder\/"},"modified":"2025-06-28T22:34:35","modified_gmt":"2025-06-28T20:34:35","slug":"treuil-spillseilwinde-eder-400eder","status":"publish","type":"product","link":"https:\/\/lucacastelli.com\/fr\/produit\/treuil-spillseilwinde-eder-400eder\/","title":{"rendered":"Treuil Spillseilwinde EDER 400eder"},"content":{"rendered":"<p>Pour le treuil d\u2019amarrage EDER Winch 400, la vitesse de traction \u00e9tait une priorit\u00e9 absolue, c\u2019est un vrai sprinter. Il convainc par sa l\u00e9g\u00e8ret\u00e9 et sa vitesse \u00e9lev\u00e9e \u00e0 bas prix. Il est entra\u00een\u00e9 par un puissant moteur 2 temps qui peut fonctionner dans n\u2019importe quelle position. Un c\u00e2ble de remorquage en plastique de longueur illimit\u00e9e peut \u00eatre enroul\u00e9 autour du tambour du treuil, apr\u00e8s quoi le c\u00e2ble peut \u00eatre imm\u00e9diatement rang\u00e9 dans le sac de transport pratique.   <\/p>\n<p>Une grande s\u00e9curit\u00e9 gr\u00e2ce au frein \u00e0 corde ! D\u00e8s que l\u2019op\u00e9rateur rel\u00e2che le c\u00e2ble, le treuil s\u2019arr\u00eate et le c\u00e2ble se verrouille dans le frein. Cela emp\u00eache la charge de glisser involontairement vers l\u2019arri\u00e8re et peut \u00eatre l\u00e2ch\u00e9e de mani\u00e8re cibl\u00e9e.  <\/p>\n<p>400 kg de force de traction en traction directe&nbsp;; Vitesse de traction 42 m\/min<\/p>\n<p>Poids : 12 kg<\/p>\n<h3>Description<\/h3>\n<p>Pour le treuil \u00e0 c\u00e2ble EDER Winch 400, la vitesse de traction \u00e9tait une priorit\u00e9 absolue, c\u2019est un vrai sprinter.<\/p>\n","protected":false},"excerpt":{"rendered":"<p>Pour le treuil d\u2019amarrage EDER Winch 400, la vitesse de traction \u00e9tait une priorit\u00e9 absolue, c\u2019est un vrai sprinter. Il<\/p>\n","protected":false},"featured_media":102768,"template":"","meta":{"_seopress_robots_primary_cat":"","_seopress_titles_title":"","_seopress_titles_desc":"","_seopress_robots_index":""},"product_brand":[3417],"product_cat":[29,268,297],"product_tag":[],"class_list":{"0":"post-417205","1":"product","2":"type-product","3":"status-publish","4":"has-post-thumbnail","6":"product_brand-eder","7":"product_cat-macchinari","8":"product_cat-motoseghe","9":"product_cat-accessori-e-materiale-di-consumo-sistemi-kombi-e-multi","10":"sws-gruppo-abb-libero-fr","11":"sws-gruppo-no-gruppo-fr","12":"sws-categoria-sito-fr","13":"sws-conto-ricavi-merci-rivendita-abbigliamento-fr","14":"sws-conto-ricavi-merci-rivendita-macchinari-fr","15":"sws-gruppo-iva-iva81-fr","17":"first","18":"instock","19":"sale","20":"shipping-taxable","21":"purchasable","22":"product-type-simple"},"_links":{"self":[{"href":"https:\/\/lucacastelli.com\/fr\/wp-json\/wp\/v2\/product\/417205","targetHints":{"allow":["GET"]}}],"collection":[{"href":"https:\/\/lucacastelli.com\/fr\/wp-json\/wp\/v2\/product"}],"about":[{"href":"https:\/\/lucacastelli.com\/fr\/wp-json\/wp\/v2\/types\/product"}],"wp:featuredmedia":[{"embeddable":true,"href":"https:\/\/lucacastelli.com\/fr\/wp-json\/wp\/v2\/media\/102768"}],"wp:attachment":[{"href":"https:\/\/lucacastelli.com\/fr\/wp-json\/wp\/v2\/media?parent=417205"}],"wp:term":[{"taxonomy":"product_brand","embeddable":true,"href":"https:\/\/lucacastelli.com\/fr\/wp-json\/wp\/v2\/product_brand?post=417205"},{"taxonomy":"product_cat","embeddable":true,"href":"https:\/\/lucacastelli.com\/fr\/wp-json\/wp\/v2\/product_cat?post=417205"},{"taxonomy":"product_tag","embeddable":true,"href":"https:\/\/lucacastelli.com\/fr\/wp-json\/wp\/v2\/product_tag?post=417205"}],"curies":[{"name":"wp","href":"https:\/\/api.w.org\/{rel}","templated":true}]}}