{"id":417198,"date":"2025-02-24T14:56:25","date_gmt":"2025-02-24T13:56:25","guid":{"rendered":"https:\/\/lucacastelli.com\/prodotto\/treuil-spillseilwinde-eder-1800eder\/"},"modified":"2025-06-28T22:34:19","modified_gmt":"2025-06-28T20:34:19","slug":"treuil-spillseilwinde-eder-1800eder","status":"publish","type":"product","link":"https:\/\/lucacastelli.com\/fr\/produit\/treuil-spillseilwinde-eder-1800eder\/","title":{"rendered":"Treuil Spillseilwinde EDER 1800eder"},"content":{"rendered":"<p>Le treuil \u00e0 c\u00e2ble EDER 1800 impressionne par sa l\u00e9g\u00e8ret\u00e9 et sa force de traction \u00e9lev\u00e9e. Le treuil \u00e0 c\u00e2ble peut remorquer jusqu\u2019\u00e0 125 fois son propre poids et peut \u00eatre utilis\u00e9 dans n\u2019importe quelle position. <\/p>\n<p>Une corde en plastique l\u00e9g\u00e8re de n\u2019importe quelle longueur est utilis\u00e9e. La corde, d\u2019un diam\u00e8tre d\u2019environ 13 mm, est enroul\u00e9e sur le tambour du treuil et passe \u00e0 travers celui-ci. La corde peut \u00eatre facilement transport\u00e9e dans un sac. D\u00e8s que l\u2019utilisateur rel\u00e2che la corde, le tambour s\u2019arr\u00eate et la corde se verrouille dans le frein. Cela emp\u00eache la charge de glisser involontairement, ce qui peut \u00e9galement \u00eatre lib\u00e9r\u00e9 gr\u00e2ce \u00e0 un dispositif.    <\/p>\n<p>Le rapport force\/vitesse peut \u00eatre r\u00e9gl\u00e9 via la bo\u00eete de vitesses.<\/p>\n<p>1\u00e8re vitesse : 1800 kg de force de traction \u00e0 12 m\/min<\/p>\n<p>2\u00e8me vitesse : 900 kg de force de traction \u00e0 24 m\/min<\/p>\n<p>Il en r\u00e9sulte une force de traction maximale de 1800 kg. Avec poulie folle m\u00eame 3600 kg <\/p>\n<p>Poids : 14 kg<\/p>\n<p>Moteur : 2 temps 50ccm<\/p>\n<p>Domaines d\u2019application :<\/p>\n<p>\u2013Sylviculture<\/p>\n<p>\u2013Sauver<\/p>\n<p>\u2013Chasse<\/p>\n<p>\u2013B\u00e2timent<\/p>\n<p>\u2013 Pompiers, protection civile et arm\u00e9e<\/p>\n<p>\u2013 Organisations humanitaires<\/p>\n<p>&nbsp;<\/p>\n<p>&nbsp;<\/p>\n<p>&nbsp;<\/p>\n<h3>Description<\/h3>\n<p>Le serpent EDER Spillseilwinde 1800 convainc par sa l\u00e9g\u00e8ret\u00e9 et sa grande force de traction. 1800 kg de force de traction avec un poids mort de seulement 14 kg. <\/p>\n","protected":false},"excerpt":{"rendered":"<p>Le treuil \u00e0 c\u00e2ble EDER 1800 impressionne par sa l\u00e9g\u00e8ret\u00e9 et sa force de traction \u00e9lev\u00e9e. Le treuil \u00e0 c\u00e2ble<\/p>\n","protected":false},"featured_media":102713,"template":"","meta":{"_seopress_robots_primary_cat":"","_seopress_titles_title":"","_seopress_titles_desc":"","_seopress_robots_index":""},"product_brand":[3417],"product_cat":[29,268,297],"product_tag":[],"class_list":{"0":"post-417198","1":"product","2":"type-product","3":"status-publish","4":"has-post-thumbnail","6":"product_brand-eder","7":"product_cat-macchinari","8":"product_cat-motoseghe","9":"product_cat-accessori-e-materiale-di-consumo-sistemi-kombi-e-multi","10":"sws-gruppo-macchinari-fr","11":"sws-categoria-sito-fr","12":"sws-conto-ricavi-merci-rivendita-macchinari-fr","13":"sws-gruppo-iva-iva81-fr","15":"first","16":"instock","17":"sale","18":"shipping-taxable","19":"purchasable","20":"product-type-simple"},"_links":{"self":[{"href":"https:\/\/lucacastelli.com\/fr\/wp-json\/wp\/v2\/product\/417198","targetHints":{"allow":["GET"]}}],"collection":[{"href":"https:\/\/lucacastelli.com\/fr\/wp-json\/wp\/v2\/product"}],"about":[{"href":"https:\/\/lucacastelli.com\/fr\/wp-json\/wp\/v2\/types\/product"}],"wp:featuredmedia":[{"embeddable":true,"href":"https:\/\/lucacastelli.com\/fr\/wp-json\/wp\/v2\/media\/102713"}],"wp:attachment":[{"href":"https:\/\/lucacastelli.com\/fr\/wp-json\/wp\/v2\/media?parent=417198"}],"wp:term":[{"taxonomy":"product_brand","embeddable":true,"href":"https:\/\/lucacastelli.com\/fr\/wp-json\/wp\/v2\/product_brand?post=417198"},{"taxonomy":"product_cat","embeddable":true,"href":"https:\/\/lucacastelli.com\/fr\/wp-json\/wp\/v2\/product_cat?post=417198"},{"taxonomy":"product_tag","embeddable":true,"href":"https:\/\/lucacastelli.com\/fr\/wp-json\/wp\/v2\/product_tag?post=417198"}],"curies":[{"name":"wp","href":"https:\/\/api.w.org\/{rel}","templated":true}]}}