{"id":417188,"date":"2022-09-05T12:19:11","date_gmt":"2022-09-05T10:19:11","guid":{"rendered":"https:\/\/lucacastelli.com\/prodotto\/helly-hansen-jr-veste-traverse\/"},"modified":"2025-12-22T15:03:05","modified_gmt":"2025-12-22T14:03:05","slug":"helly-hansen-jr-veste-traverse","status":"publish","type":"product","link":"https:\/\/lucacastelli.com\/fr\/produit\/helly-hansen-jr-veste-traverse\/","title":{"rendered":"HELLY HANSEN JR VESTE TRAVERSE"},"content":{"rendered":"<p>Veste de ski pour enfants dot\u00e9e de toutes les caract\u00e9ristiques pour les tenir au chaud, au sec et \u00e0 l&#8217;aise en montagne ou simplement pendant qu&#8217;ils jouent dehors lors de journ\u00e9es froides<\/p>\n<p>Fabriqu\u00e9e \u00e0 partir d\u2019un tissu HELLY TECH\u00ae Performance imperm\u00e9able et respirant avec une isolation PrimaLoft\u00ae Black Eco, cette veste de ski est \u00e9quip\u00e9e de toutes les caract\u00e9ristiques dont vous avez besoin pour vous garder au chaud et \u00e0 l\u2019aise en montagne ou lorsque vous jouez dehors dans le froid.<\/p>\n<p>Contenu en fibres&nbsp;: Coquille&nbsp;: 100&nbsp;% polyamide. Doublure : 100&nbsp;% polyester. Isolation : 80 % polyester (recycl\u00e9), 20 % polyester  <\/p>\n<p>Poids : 700g<\/p>\n","protected":false},"excerpt":{"rendered":"<p>Veste de ski pour enfants dot\u00e9e de toutes les caract\u00e9ristiques pour les tenir au chaud, au sec et \u00e0 l&#8217;aise<\/p>\n","protected":false},"featured_media":97289,"template":"","meta":{"_seopress_robots_primary_cat":"none","_seopress_titles_title":"","_seopress_titles_desc":"","_seopress_robots_index":""},"product_brand":[3646],"product_cat":[81,981,1384],"product_tag":[],"class_list":{"0":"post-417188","1":"product","2":"type-product","3":"status-publish","4":"has-post-thumbnail","6":"product_brand-helly-hansen-fr","7":"product_cat-vetements","8":"product_cat-vetements-de-loisirs","9":"product_cat-vetements-pour-enfants","10":"sws-gruppo-abb-libero","11":"sws-categoria-sito","12":"sws-conto-ricavi-merci-rivendita-abbigliamento","13":"sws-gruppo-iva-iva81","15":"first","16":"instock","17":"shipping-taxable","18":"purchasable","19":"product-type-variable"},"_links":{"self":[{"href":"https:\/\/lucacastelli.com\/fr\/wp-json\/wp\/v2\/product\/417188","targetHints":{"allow":["GET"]}}],"collection":[{"href":"https:\/\/lucacastelli.com\/fr\/wp-json\/wp\/v2\/product"}],"about":[{"href":"https:\/\/lucacastelli.com\/fr\/wp-json\/wp\/v2\/types\/product"}],"wp:featuredmedia":[{"embeddable":true,"href":"https:\/\/lucacastelli.com\/fr\/wp-json\/wp\/v2\/media\/97289"}],"wp:attachment":[{"href":"https:\/\/lucacastelli.com\/fr\/wp-json\/wp\/v2\/media?parent=417188"}],"wp:term":[{"taxonomy":"product_brand","embeddable":true,"href":"https:\/\/lucacastelli.com\/fr\/wp-json\/wp\/v2\/product_brand?post=417188"},{"taxonomy":"product_cat","embeddable":true,"href":"https:\/\/lucacastelli.com\/fr\/wp-json\/wp\/v2\/product_cat?post=417188"},{"taxonomy":"product_tag","embeddable":true,"href":"https:\/\/lucacastelli.com\/fr\/wp-json\/wp\/v2\/product_tag?post=417188"}],"curies":[{"name":"wp","href":"https:\/\/api.w.org\/{rel}","templated":true}]}}