{"id":417174,"date":"2022-09-05T12:15:49","date_gmt":"2022-09-05T10:15:49","guid":{"rendered":"https:\/\/lucacastelli.com\/prodotto\/helly-hansen-w-gant-all-mountain\/"},"modified":"2025-06-29T09:48:05","modified_gmt":"2025-06-29T07:48:05","slug":"helly-hansen-w-gant-all-mountain","status":"publish","type":"product","link":"https:\/\/lucacastelli.com\/fr\/produit\/helly-hansen-w-gant-all-mountain\/","title":{"rendered":"HELLY HANSEN W GANT ALL MOUNTAIN"},"content":{"rendered":"<p>Cr\u00e9\u00e9 pour ceux qui vivent intens\u00e9ment la montagne, pour le travail ou les loisirs<\/p>\n<p>Cette combinaison de mat\u00e9riaux de qualit\u00e9 assure une dur\u00e9e de vie plus longue, tout en prot\u00e9geant contre les \u00e9l\u00e9ments de la nature.<\/p>\n<p>Teneur en fibres&nbsp;: Coquille&nbsp;: 100&nbsp;% cuir<\/p>\n<p>Instructions d\u2019entretien : Contient des parties non textiles d\u2019origine animale. Ne pas submerger. Utilisez un d\u00e9tergent doux  <\/p>\n","protected":false},"excerpt":{"rendered":"<p>Cr\u00e9\u00e9 pour ceux qui vivent intens\u00e9ment la montagne, pour le travail ou les loisirs Cette combinaison de mat\u00e9riaux de qualit\u00e9<\/p>\n","protected":false},"featured_media":98214,"template":"","meta":{"_seopress_robots_primary_cat":"","_seopress_titles_title":"","_seopress_titles_desc":"","_seopress_robots_index":""},"product_brand":[3646],"product_cat":[81,981,1387],"product_tag":[],"class_list":{"0":"post-417174","1":"product","2":"type-product","3":"status-publish","4":"has-post-thumbnail","6":"product_brand-helly-hansen-fr","7":"product_cat-vetements","8":"product_cat-vetements-de-loisirs","9":"product_cat-vetements-pour-femmes","11":"first","12":"instock","13":"shipping-taxable","14":"purchasable","15":"product-type-variable"},"_links":{"self":[{"href":"https:\/\/lucacastelli.com\/fr\/wp-json\/wp\/v2\/product\/417174","targetHints":{"allow":["GET"]}}],"collection":[{"href":"https:\/\/lucacastelli.com\/fr\/wp-json\/wp\/v2\/product"}],"about":[{"href":"https:\/\/lucacastelli.com\/fr\/wp-json\/wp\/v2\/types\/product"}],"wp:featuredmedia":[{"embeddable":true,"href":"https:\/\/lucacastelli.com\/fr\/wp-json\/wp\/v2\/media\/98214"}],"wp:attachment":[{"href":"https:\/\/lucacastelli.com\/fr\/wp-json\/wp\/v2\/media?parent=417174"}],"wp:term":[{"taxonomy":"product_brand","embeddable":true,"href":"https:\/\/lucacastelli.com\/fr\/wp-json\/wp\/v2\/product_brand?post=417174"},{"taxonomy":"product_cat","embeddable":true,"href":"https:\/\/lucacastelli.com\/fr\/wp-json\/wp\/v2\/product_cat?post=417174"},{"taxonomy":"product_tag","embeddable":true,"href":"https:\/\/lucacastelli.com\/fr\/wp-json\/wp\/v2\/product_tag?post=417174"}],"curies":[{"name":"wp","href":"https:\/\/api.w.org\/{rel}","templated":true}]}}